{"id":2452,"date":"2024-11-27T13:09:02","date_gmt":"2024-11-27T12:09:02","guid":{"rendered":"https:\/\/littlepurrs.com\/?post_type=product&#038;p=2452"},"modified":"2024-11-27T16:22:23","modified_gmt":"2024-11-27T15:22:23","slug":"arnes-y-correa-de-rayas-para-gatos","status":"publish","type":"product","link":"https:\/\/littlepurrs.com\/en\/tienda\/arnes-y-correa-de-rayas-para-gatos\/","title":{"rendered":"Arn\u00e9s y correa de rayas para gatos"},"content":{"rendered":"<h3 data-pm-slice=\"1 1 []\">\ud83d\udc31 <strong>Arn\u00e9s y correa de rayas para gatos &#8211; \u00a1Haz que la salida de tu peludito sea m\u00e1s feliz!<\/strong><\/h3>\n<p>\u00bfQuieres explorar el mundo con tu peludito, pero te preocupa que se sienta inc\u00f3modo? El arn\u00e9s y correa para gatos de est\u00e1 dise\u00f1ado para ti y tu amigo peludo, haciendo que cada salida sea una aventura llena de comodidad y felicidad.<\/p>\n<h3>\u2728 \u00bfPor qu\u00e9 elegirnos?<\/h3>\n<p>\ud83c\udfe0 <strong>Material suave y c\u00f3modo<\/strong> Dise\u00f1ado especialmente para tu peludito, hecho de cinta de nailon suave de alta calidad con bordes de cuero refinado, resistente y duradero, asegurando que tu amigo peludo se sienta c\u00f3modo y relajado, como si estuviera en casa.<\/p>\n<p>\ud83c\udf08 <strong>Cuatro colores de la gama Morandi<\/strong> Verde matcha, amarillo c\u00edtrico, lila marina, y negro s\u00e9samo, cuatro colores c\u00e1lidos para elegir seg\u00fan tu gusto. Cada color est\u00e1 lleno de energ\u00eda, \u00a1haciendo que tu peludito sea la estrella m\u00e1s brillante durante sus paseos!<\/p>\n<p>\ud83c\udfa8 <strong>Dise\u00f1o cient\u00edfico y f\u00e1cil de poner<\/strong> La estructura en forma de H distribuye el peso de manera uniforme, evitando la presi\u00f3n en la tr\u00e1quea y las costillas, manteniendo la ventilaci\u00f3n y evitando el sobrecalentamiento. La almohadilla trasera se ensancha a 4.5 cm, y pesa solo 35 gramos, equivalente al peso de un huevo, brindando una experiencia ligera y c\u00f3moda sin carga para tu peludito.<\/p>\n<p>\ud83d\udd12 <strong>Detalles de seguridad garantizados<\/strong><\/p>\n<ul data-spread=\"false\">\n<li>Hebilla transparente de POM para facilitar un uso r\u00e1pido, asegurando que tu amigo peludo no se escape.<\/li>\n<li>Hebilla de aleaci\u00f3n mate, resistente a la oxidaci\u00f3n y duradera, proporcionando una conexi\u00f3n firme con la correa.<\/li>\n<li>Logo reflectante para garantizar la visibilidad de tu peludito durante los paseos nocturnos.<\/li>\n<li>Correa de 1.3 metros de longitud, permitiendo suficiente libertad de movimiento mientras se mantiene la seguridad.<\/li>\n<\/ul>\n<p>\u270b <strong>Dise\u00f1o de asa c\u00f3moda<\/strong> El asa de la correa est\u00e1 engrosada para un agarre suave y antideslizante, asegurando comodidad durante largas caminatas sin da\u00f1ar tus manos.<\/p>\n<h3>\ud83d\udccf \u00bfC\u00f3mo ponerle el arn\u00e9s a tu peludito?<\/h3>\n<ol start=\"1\" data-spread=\"false\">\n<li>Primero, ajusta la hebilla cerca del cuello, ideal para aquellos peluditos que no les gusta pasar la cabeza por el arn\u00e9s.<\/li>\n<li>Pasa la correa alrededor de las patas delanteras y ajusta la hebilla en la parte trasera.<\/li>\n<li>Finalmente, conecta la correa \u00a1y ya est\u00e1n listos para explorar el mundo exterior juntos!<\/li>\n<\/ol>\n<h3>\ud83d\udc95 Consejos \u00fatiles<\/h3>\n<ul data-spread=\"false\">\n<li><strong>Adaptaci\u00f3n gradual<\/strong>: Cuando recibas el arn\u00e9s, deja que tu peludito lo use en casa durante unos d\u00edas para que se acostumbre al nuevo entorno. Comienza practicando con la correa en el pasillo o balc\u00f3n de casa, y luego contin\u00faa con actividades al aire libre de forma gradual.<\/li>\n<li><strong>Elige el ambiente adecuado<\/strong>: Para la primera salida, elige un lugar tranquilo y simple, reduciendo est\u00edmulos innecesarios. Si tu peludito muestra signos de ansiedad, acar\u00edcialo suavemente o usa juguetes para distraerlo y ayudarlo a relajarse.<\/li>\n<\/ul>\n<h3>\ud83c\udf1f \u00bfPor qu\u00e9 pasear a tu gato?<\/h3>\n<p>Sacar a pasear a tu gato no solo lo ayuda a adaptarse mejor al entorno, sino que tambi\u00e9n mejora su sistema inmunol\u00f3gico, reduciendo la ansiedad y el estr\u00e9s. Un paseo bien planificado no solo hace que tu gato sea m\u00e1s valiente, sino que tambi\u00e9n satisface su curiosidad por el mundo exterior, promoviendo una mejor salud mental.<\/p>\n<h3>\ud83d\udcd0 Rango de aplicaci\u00f3n<\/h3>\n<ul data-spread=\"false\">\n<li>Peso recomendado: peluditos de 0-8 kg<\/li>\n<li>Circunferencia ajustable del cuello: 21-31 cm<\/li>\n<li>Circunferencia ajustable del pecho: 32-53 cm<\/li>\n<\/ul>\n<h3>\ud83c\udf3c Resumen del producto<\/h3>\n<p>El arn\u00e9s y correa para gatos HiDREAM est\u00e1 hecho de materiales de alta calidad y un dise\u00f1o cient\u00edfico, especialmente dise\u00f1ado para brindar a tu peludito una experiencia de paseo segura, c\u00f3moda y a la moda. Ya sea la primera vez explorando el mundo o un paseo diario divertido, este arn\u00e9s ser\u00e1 el compa\u00f1ero perfecto para ti y tu peque\u00f1o amigo. \u00a1Ven y elige el color que mejor se adapte a ustedes!<\/p>\n<p>&nbsp;<\/p>","protected":false},"excerpt":{"rendered":"<p data-pm-slice=\"1 1 []\">\ud83d\udc31 <strong>Arn\u00e9s y correa de rayas para gatos &#8211; \u00a1Haz que la salida de tu peludito sea m\u00e1s feliz!<\/strong><\/p>\n<p>\u00bfQuieres explorar el mundo con tu peludito, pero te preocupa que se sienta inc\u00f3modo? El arn\u00e9s y correa para gatos de est\u00e1 dise\u00f1ado para ti y tu amigo peludo, haciendo que cada salida sea una aventura llena de comodidad y felicidad.<\/p>","protected":false},"featured_media":2466,"comment_status":"open","ping_status":"closed","template":"","meta":{"_acf_changed":false},"product_brand":[],"product_cat":[107,104],"product_tag":[],"class_list":{"0":"post-2452","1":"product","2":"type-product","3":"status-publish","4":"has-post-thumbnail","6":"product_cat-arnes-y-correa-para-gatos","7":"product_cat-gatos","9":"first","10":"instock","11":"taxable","12":"shipping-taxable","13":"purchasable","14":"product-type-variable"},"acf":[],"_links":{"self":[{"href":"https:\/\/littlepurrs.com\/en\/wp-json\/wp\/v2\/product\/2452","targetHints":{"allow":["GET"]}}],"collection":[{"href":"https:\/\/littlepurrs.com\/en\/wp-json\/wp\/v2\/product"}],"about":[{"href":"https:\/\/littlepurrs.com\/en\/wp-json\/wp\/v2\/types\/product"}],"replies":[{"embeddable":true,"href":"https:\/\/littlepurrs.com\/en\/wp-json\/wp\/v2\/comments?post=2452"}],"version-history":[{"count":2,"href":"https:\/\/littlepurrs.com\/en\/wp-json\/wp\/v2\/product\/2452\/revisions"}],"predecessor-version":[{"id":2475,"href":"https:\/\/littlepurrs.com\/en\/wp-json\/wp\/v2\/product\/2452\/revisions\/2475"}],"wp:featuredmedia":[{"embeddable":true,"href":"https:\/\/littlepurrs.com\/en\/wp-json\/wp\/v2\/media\/2466"}],"wp:attachment":[{"href":"https:\/\/littlepurrs.com\/en\/wp-json\/wp\/v2\/media?parent=2452"}],"wp:term":[{"taxonomy":"product_brand","embeddable":true,"href":"https:\/\/littlepurrs.com\/en\/wp-json\/wp\/v2\/product_brand?post=2452"},{"taxonomy":"product_cat","embeddable":true,"href":"https:\/\/littlepurrs.com\/en\/wp-json\/wp\/v2\/product_cat?post=2452"},{"taxonomy":"product_tag","embeddable":true,"href":"https:\/\/littlepurrs.com\/en\/wp-json\/wp\/v2\/product_tag?post=2452"}],"curies":[{"name":"wp","href":"https:\/\/api.w.org\/{rel}","templated":true}]}}