{"id":2401,"date":"2024-11-22T17:29:55","date_gmt":"2024-11-22T16:29:55","guid":{"rendered":"https:\/\/littlepurrs.com\/?post_type=product&#038;p=2401"},"modified":"2024-11-22T18:08:04","modified_gmt":"2024-11-22T17:08:04","slug":"chaleco-de-arnes-para-gatos","status":"publish","type":"product","link":"https:\/\/littlepurrs.com\/en\/tienda\/chaleco-de-arnes-para-gatos\/","title":{"rendered":"Chaleco de Arn\u00e9s para Gatos"},"content":{"rendered":"<div data-elementor-type=\"product-post\" data-elementor-id=\"2401\" class=\"elementor elementor-2401\" data-elementor-post-type=\"product\">\n\t\t\t\t<div class=\"wd-negative-gap elementor-element elementor-element-10dbbed4 e-flex e-con-boxed e-con e-parent\" data-id=\"10dbbed4\" data-element_type=\"container\">\n\t\t\t\t\t<div class=\"e-con-inner\">\n\t\t<div class=\"elementor-element elementor-element-75c237d e-con-full e-flex e-con e-child\" data-id=\"75c237d\" data-element_type=\"container\" data-settings=\"{&quot;background_background&quot;:&quot;video&quot;,&quot;background_video_link&quot;:&quot;https:\\\/\\\/littlepurrs.com\\\/wp-content\\\/uploads\\\/2024\\\/11\\\/chaleco-de-arnes-para-gatos2.mp4&quot;,&quot;background_play_on_mobile&quot;:&quot;yes&quot;}\">\n\t\t<div class=\"elementor-background-video-container\" aria-hidden=\"true\">\n\t\t\t\t\t\t\t<video class=\"elementor-background-video-hosted\" autoplay muted playsinline loop><\/video>\n\t\t\t\t\t<\/div>\t\t<\/div>\n\t\t\t\t<div class=\"elementor-element elementor-element-1ee14b40 color-scheme-inherit text-left elementor-widget elementor-widget-text-editor\" data-id=\"1ee14b40\" data-element_type=\"widget\" data-widget_type=\"text-editor.default\">\n\t\t\t\t<div class=\"elementor-widget-container\">\n\t\t\t\t\t\t\t\t\t<h3 data-pm-slice=\"1 1 []\">\ud83d\udc3e <strong>Chaleco de Arn\u00e9s para Gatos &#8211; \u00a1M\u00e1s Seguridad y Comodidad en Cada Salida!<\/strong><\/h3>\r\n\u00bfEst\u00e1s buscando un arn\u00e9s que no solo ofrezca comodidad a tu gato, sino tambi\u00e9n seguridad? El chaleco de arn\u00e9s para gatos est\u00e1 dise\u00f1ado de manera humana y con materiales ecol\u00f3gicos, para que cada salida sea un placer relajante tanto para ti como para tu gato. Desde los detalles hasta la comodidad general, cada dise\u00f1o refleja el cuidado y el amor por los gatos.\r\n<h3>\u2728 <strong>\u00bfPor qu\u00e9 elegir el chaleco de arn\u00e9s para gatos?<\/strong><\/h3>\r\n<strong>\ud83d\udd12 Detalles Cuidadosos, Seguridad Totalmente Mejorada<\/strong>\r\n<ul data-spread=\"false\">\r\n \t<li><strong>Hebilla Ajustable<\/strong>: Ajuste f\u00e1cil y suave, sin atascos, garantizando un ajuste perfecto al cuerpo del gato.<\/li>\r\n \t<li><strong>Cierre de Aleaci\u00f3n Mate<\/strong>: Cierre firme y resistente, que no se oxida ni se decolora, proporcionando una conexi\u00f3n confiable.<\/li>\r\n \t<li><strong>Hebilla Fuerte POM<\/strong>: Dise\u00f1o a prueba de ca\u00eddas, f\u00e1cil y r\u00e1pido de poner y quitar, sin causar sensaci\u00f3n de restricci\u00f3n al gato.<\/li>\r\n \t<li><strong>Correa de Tejido Diagonal de RPET Ecol\u00f3gico<\/strong>: Suave y c\u00f3moda al tacto, duradera y resistente, brindando un cuidado tierno para tu gato.<\/li>\r\n<\/ul>\r\n<strong>\ud83d\udca1 C\u00f3mo Usar el Arn\u00e9s &#8211; Paso a Paso<\/strong>\r\n<ol start=\"1\" data-spread=\"false\">\r\n \t<li>Primero ajusta la longitud del cintur\u00f3n a la medida adecuada.<\/li>\r\n \t<li>Despu\u00e9s de ajustar, coloca el arn\u00e9s alrededor de la cabeza del gato.<\/li>\r\n \t<li>Pasa las patas delanteras y ajusta la hebilla del lado derecho en la espalda.<\/li>\r\n \t<li>Finalmente, coloca la correa y \u00a1listo! Puedes salir con tu gato felizmente.<\/li>\r\n<\/ol>\r\n<strong>\ud83c\udf1f Sugerencias de Adaptaci\u00f3n y Cuidado de Limpieza<\/strong>\r\n<ul data-spread=\"false\">\r\n \t<li>Al usarlo por primera vez, se recomienda dejar que el gato se acostumbre al arn\u00e9s en casa durante unos d\u00edas.<\/li>\r\n \t<li>Para la primera salida, trata de elegir un ambiente tranquilo, evitando multitudes para que el gato tenga un proceso de adaptaci\u00f3n suave.<\/li>\r\n \t<li>Si el gato muestra signos de nerviosismo, puedes sostenerlo para consolarlo, o distraerlo con comida o juguetes.<\/li>\r\n \t<li><strong>Sugerencia de Limpieza<\/strong>: Dado que el arn\u00e9s contiene piezas de PVC, se recomienda evitar el lavado a m\u00e1quina y optar por el lavado a mano. Las manchas localizadas se pueden limpiar con un pa\u00f1o h\u00famedo y dejar secar al aire.<\/li>\r\n<\/ul>\r\n<h3><strong>\ud83d\udccf Tama\u00f1os\u00a0<\/strong><\/h3>\r\n<ul data-spread=\"false\">\r\n \t<li><strong>Peso Adecuado para Gatos<\/strong>: 0-8 kg<\/li>\r\n \t<li><strong>Cuello<\/strong>: 24-32 cm<\/li>\r\n \t<li><strong>Pecho<\/strong>: 32-47 cm<\/li>\r\n \t<li><strong>Longitud de la Correa<\/strong>: 130 cm<\/li>\r\n<\/ul>\r\n<h3><strong>\ud83d\udc3e Caracter\u00edsticas Destacadas del Producto<\/strong><\/h3>\r\n<ul data-spread=\"false\">\r\n \t<li><strong>Malla Transpirable de S\u00e1ndwich<\/strong>: Ligera y c\u00f3moda, adecuada para todas las estaciones, asegurando que el gato no se sienta sofocado incluso despu\u00e9s de un uso prolongado.<\/li>\r\n \t<li><strong>Dise\u00f1o de Tira Reflectante en la Espalda<\/strong>: Asegura la seguridad durante salidas nocturnas, con reflectividad de 360\u00b0, para que siempre tengas tranquilidad sobre la seguridad de tu gato.<\/li>\r\n \t<li><strong>Dise\u00f1o Ultraligero<\/strong>: El arn\u00e9s pesa solo 39 gramos, equivalente al peso de un huevo, lo que permite al gato moverse libremente sin sentir carga.<\/li>\r\n<\/ul>\r\nCon el Chaleco de Arn\u00e9s para Gatos, permite que tu gato explore el mundo mientras disfruta de la compa\u00f1\u00eda c\u00e1lida y la protecci\u00f3n. Cada detalle est\u00e1 dise\u00f1ado pensando en brindarle a tu mascota el cuidado m\u00e1s atento y especial.\t\t\t\t\t\t\t\t<\/div>\n\t\t\t\t<\/div>\n\t\t\t\t\t<\/div>\n\t\t\t\t<\/div>\n\t\t\t\t<\/div>","protected":false},"excerpt":{"rendered":"<p data-pm-slice=\"1 1 []\">\ud83d\udc3e <strong>Chaleco de Arn\u00e9s para Gatos &#8211; \u00a1M\u00e1s Seguridad y Comodidad en Cada Salida!<\/strong><\/p>\n<p>\u00bfEst\u00e1s buscando un arn\u00e9s que no solo ofrezca comodidad a tu gato, sino tambi\u00e9n seguridad? El chaleco de arn\u00e9s para gatos est\u00e1 dise\u00f1ado de manera humana y con materiales ecol\u00f3gicos, para que cada salida sea un placer relajante tanto para ti como para tu gato. Desde los detalles hasta la comodidad general, cada dise\u00f1o refleja el cuidado y el amor por los gatos.<\/p>","protected":false},"featured_media":2410,"comment_status":"open","ping_status":"closed","template":"","meta":{"_acf_changed":false},"product_brand":[],"product_cat":[107],"product_tag":[],"class_list":{"0":"post-2401","1":"product","2":"type-product","3":"status-publish","4":"has-post-thumbnail","6":"product_cat-arnes-y-correa-para-gatos","8":"first","9":"instock","10":"taxable","11":"shipping-taxable","12":"purchasable","13":"product-type-variable"},"acf":[],"_links":{"self":[{"href":"https:\/\/littlepurrs.com\/en\/wp-json\/wp\/v2\/product\/2401","targetHints":{"allow":["GET"]}}],"collection":[{"href":"https:\/\/littlepurrs.com\/en\/wp-json\/wp\/v2\/product"}],"about":[{"href":"https:\/\/littlepurrs.com\/en\/wp-json\/wp\/v2\/types\/product"}],"replies":[{"embeddable":true,"href":"https:\/\/littlepurrs.com\/en\/wp-json\/wp\/v2\/comments?post=2401"}],"version-history":[{"count":5,"href":"https:\/\/littlepurrs.com\/en\/wp-json\/wp\/v2\/product\/2401\/revisions"}],"predecessor-version":[{"id":2426,"href":"https:\/\/littlepurrs.com\/en\/wp-json\/wp\/v2\/product\/2401\/revisions\/2426"}],"wp:featuredmedia":[{"embeddable":true,"href":"https:\/\/littlepurrs.com\/en\/wp-json\/wp\/v2\/media\/2410"}],"wp:attachment":[{"href":"https:\/\/littlepurrs.com\/en\/wp-json\/wp\/v2\/media?parent=2401"}],"wp:term":[{"taxonomy":"product_brand","embeddable":true,"href":"https:\/\/littlepurrs.com\/en\/wp-json\/wp\/v2\/product_brand?post=2401"},{"taxonomy":"product_cat","embeddable":true,"href":"https:\/\/littlepurrs.com\/en\/wp-json\/wp\/v2\/product_cat?post=2401"},{"taxonomy":"product_tag","embeddable":true,"href":"https:\/\/littlepurrs.com\/en\/wp-json\/wp\/v2\/product_tag?post=2401"}],"curies":[{"name":"wp","href":"https:\/\/api.w.org\/{rel}","templated":true}]}}