{"id":2351,"date":"2024-11-22T16:05:22","date_gmt":"2024-11-22T15:05:22","guid":{"rendered":"https:\/\/littlepurrs.com\/?post_type=product&#038;p=2351"},"modified":"2025-01-20T15:17:14","modified_gmt":"2025-01-20T14:17:14","slug":"arnes-y-correa-en-forma-de-h-para-gatos-modelo-valle","status":"publish","type":"product","link":"https:\/\/littlepurrs.com\/en\/tienda\/arnes-y-correa-en-forma-de-h-para-gatos-modelo-valle\/","title":{"rendered":"Arn\u00e9s y correa en forma de H para gatos &#8211; Modelo Valle"},"content":{"rendered":"<div data-elementor-type=\"product-post\" data-elementor-id=\"2351\" class=\"elementor elementor-2351\" data-elementor-post-type=\"product\">\n\t\t\t\t<div class=\"wd-negative-gap elementor-element elementor-element-151de754 e-flex e-con-boxed e-con e-parent\" data-id=\"151de754\" data-element_type=\"container\">\n\t\t\t\t\t<div class=\"e-con-inner\">\n\t\t<div class=\"elementor-element elementor-element-95d98ec e-con-full e-flex e-con e-child\" data-id=\"95d98ec\" data-element_type=\"container\" data-settings=\"{&quot;background_background&quot;:&quot;video&quot;,&quot;background_video_link&quot;:&quot;https:\\\/\\\/littlepurrs.com\\\/wp-content\\\/uploads\\\/2024\\\/11\\\/arnes-y-correa-en-forma-de-h-para-gatos-modelo-valle2.mp4&quot;,&quot;background_play_on_mobile&quot;:&quot;yes&quot;}\">\n\t\t<div class=\"elementor-background-video-container\" aria-hidden=\"true\">\n\t\t\t\t\t\t\t<video class=\"elementor-background-video-hosted\" autoplay muted playsinline loop><\/video>\n\t\t\t\t\t<\/div>\t\t<\/div>\n\t\t\t\t<div class=\"elementor-element elementor-element-33fce8c2 color-scheme-inherit text-left elementor-widget elementor-widget-text-editor\" data-id=\"33fce8c2\" data-element_type=\"widget\" data-widget_type=\"text-editor.default\">\n\t\t\t\t<div class=\"elementor-widget-container\">\n\t\t\t\t\t\t\t\t\t<h3 data-pm-slice=\"1 3 []\">\ud83d\udc3e Arn\u00e9s y correa en forma de H para gatos &#8211; Modelo Valle<strong>\u00a0\u2014 \u00a1Comparte pasos felices con tu peque\u00f1o peludo!<\/strong><\/h3>\r\n\u00bfSiempre buscas un arnes que sea c\u00f3modo y seguro para que tu peque\u00f1o peludo explore el mundo exterior sin preocupaciones? El arnes de pecho, hecho con materiales ecol\u00f3gicos y dise\u00f1o considerado, crea un viaje lleno de calidez para ti y tu mascota. Desde la comodidad hasta la moda, desde la seguridad hasta la funcionalidad, es el \u00abgadget perfecto para salir\u00bb dise\u00f1ado especialmente para tu peque\u00f1o compa\u00f1ero.\r\n<h3>\u2728 <strong>\u00bfPor qu\u00e9 elegirnos?<\/strong><\/h3>\r\n<strong>\ud83d\udc3e Dise\u00f1o en forma de H, c\u00f3modo y sin estr\u00e9s<\/strong>\r\nDistribuye la fuerza de tracci\u00f3n, sin presionar la tr\u00e1quea del peque\u00f1o peludo, reduciendo la sensaci\u00f3n de restricci\u00f3n y garantizando comodidad.\r\n\r\n<strong>\ud83e\udd5c Dise\u00f1o ultraligero, sin carga para moverse<\/strong>\r\nPeso de solo 33 gramos, tan ligero como una pluma, permitiendo que el peque\u00f1o peludo corra libremente y salte con naturalidad.\r\n\r\n<strong>\ud83d\udd12 Hebilla de nivel de escalada, resistente y a prueba de \u00f3xido<\/strong>\r\nDise\u00f1o giratorio de 360\u00b0, conveniente y duradero, sin preocupaciones de ca\u00eddas inesperadas durante las salidas.\r\n\r\n<strong>\ud83c\udf08 Colores a la moda, ilumina el look de tu peludo<\/strong>\r\nDos combinaciones de colores: lila con crema y oliva con gris, convirti\u00e9ndose en el accesorio de moda perfecto para tu peludo.\r\n<h3>\ud83d\udc4c <strong>Elige el tama\u00f1o adecuado<\/strong><\/h3>\r\n<ul data-spread=\"false\">\r\n \t<li><strong>Circunferencia del cuello<\/strong>: 21-31cm<\/li>\r\n \t<li><strong>Circunferencia del pecho<\/strong>: 32-47cm<\/li>\r\n \t<li><strong>Correa<\/strong>: 130cm<\/li>\r\n \t<li><strong>Ancho<\/strong>: 1.5cm\r\nApto para gatos de 0-8kg.<\/li>\r\n<\/ul>\r\n<h3>\ud83d\udca1 <strong>Consejos de uso<\/strong><\/h3>\r\n<ul data-spread=\"false\">\r\n \t<li>Para el primer uso, permite que el peque\u00f1o peludo se acostumbre en casa durante unos d\u00edas antes de salir.<\/li>\r\n \t<li>Al explorar, se recomienda comenzar en un lugar tranquilo para adaptarse al nuevo entorno.<\/li>\r\n<\/ul>\r\n<h3>\ud83c\udf1f <strong>Consejos c\u00e1lidos<\/strong><\/h3>\r\n<ul data-spread=\"false\">\r\n \t<li>Despu\u00e9s del uso, revisa las hebillas y las correas para asegurarte de que no haya desgaste.<\/li>\r\n<\/ul>\t\t\t\t\t\t\t\t<\/div>\n\t\t\t\t<\/div>\n\t\t\t\t\t<\/div>\n\t\t\t\t<\/div>\n\t\t\t\t<\/div>","protected":false},"excerpt":{"rendered":"<p data-pm-slice=\"1 3 []\">\ud83d\udc3e Arn\u00e9s y correa en forma de H para gatos &#8211; Modelo Valle<strong>\u00a0\u2014 \u00a1Comparte pasos felices con tu peque\u00f1o peludo!<\/strong><\/p>\n<p>\u00bfSiempre buscas un arnes que sea c\u00f3modo y seguro para que tu peque\u00f1o peludo explore el mundo exterior sin preocupaciones? El arnes de pecho, hecho con materiales ecol\u00f3gicos y dise\u00f1o considerado, crea un viaje lleno de calidez para ti y tu mascota. Desde la comodidad hasta la moda, desde la seguridad hasta la funcionalidad, es el \u00abgadget perfecto para salir\u00bb dise\u00f1ado especialmente para tu peque\u00f1o compa\u00f1ero.<\/p>","protected":false},"featured_media":2379,"comment_status":"open","ping_status":"closed","template":"","meta":{"_acf_changed":false},"product_brand":[],"product_cat":[107,104],"product_tag":[],"class_list":{"0":"post-2351","1":"product","2":"type-product","3":"status-publish","4":"has-post-thumbnail","6":"product_cat-arnes-y-correa-para-gatos","7":"product_cat-gatos","9":"first","10":"instock","11":"taxable","12":"shipping-taxable","13":"purchasable","14":"product-type-variable"},"acf":[],"_links":{"self":[{"href":"https:\/\/littlepurrs.com\/en\/wp-json\/wp\/v2\/product\/2351","targetHints":{"allow":["GET"]}}],"collection":[{"href":"https:\/\/littlepurrs.com\/en\/wp-json\/wp\/v2\/product"}],"about":[{"href":"https:\/\/littlepurrs.com\/en\/wp-json\/wp\/v2\/types\/product"}],"replies":[{"embeddable":true,"href":"https:\/\/littlepurrs.com\/en\/wp-json\/wp\/v2\/comments?post=2351"}],"version-history":[{"count":7,"href":"https:\/\/littlepurrs.com\/en\/wp-json\/wp\/v2\/product\/2351\/revisions"}],"predecessor-version":[{"id":2400,"href":"https:\/\/littlepurrs.com\/en\/wp-json\/wp\/v2\/product\/2351\/revisions\/2400"}],"wp:featuredmedia":[{"embeddable":true,"href":"https:\/\/littlepurrs.com\/en\/wp-json\/wp\/v2\/media\/2379"}],"wp:attachment":[{"href":"https:\/\/littlepurrs.com\/en\/wp-json\/wp\/v2\/media?parent=2351"}],"wp:term":[{"taxonomy":"product_brand","embeddable":true,"href":"https:\/\/littlepurrs.com\/en\/wp-json\/wp\/v2\/product_brand?post=2351"},{"taxonomy":"product_cat","embeddable":true,"href":"https:\/\/littlepurrs.com\/en\/wp-json\/wp\/v2\/product_cat?post=2351"},{"taxonomy":"product_tag","embeddable":true,"href":"https:\/\/littlepurrs.com\/en\/wp-json\/wp\/v2\/product_tag?post=2351"}],"curies":[{"name":"wp","href":"https:\/\/api.w.org\/{rel}","templated":true}]}}