{"id":2298,"date":"2024-11-19T12:45:50","date_gmt":"2024-11-19T11:45:50","guid":{"rendered":"https:\/\/littlepurrs.com\/?post_type=product&#038;p=2298"},"modified":"2024-12-04T17:18:23","modified_gmt":"2024-12-04T16:18:23","slug":"bolsa-de-pecho-suave-para-mascotas","status":"publish","type":"product","link":"https:\/\/littlepurrs.com\/en\/tienda\/bolsa-de-pecho-suave-para-mascotas\/","title":{"rendered":"Bolsa de Pecho Suave para Mascotas"},"content":{"rendered":"<p data-pm-slice=\"1 1 []\">\ud83d\udc3e <strong>Bolsa de Pecho Suave para Mascotas &#8211; \u00a1La elecci\u00f3n perfecta para salir c\u00f3modamente con tu peludito!<\/strong><\/p>\n<p>\u00bfQuieres salir con tu peludito y disfrutar de buenos momentos sin preocuparte por c\u00f3mo llevarlo de manera c\u00f3moda y pr\u00e1ctica? La Bolsa de Pecho Suave para Mascotas te libera las manos para que t\u00fa y tu mascota puedan disfrutar de cada salida sin preocupaciones.<\/p>\n<p>\u2728 <strong>\u00bfPor qu\u00e9 elegir la Bolsa de Pecho Suave para Mascotas?<\/strong><\/p>\n<p>\ud83c\udf92 <strong>Libera tus manos para salidas f\u00e1ciles<\/strong> La Bolsa de Pecho Suave para Mascotas tiene un dise\u00f1o pensado para liberar tus manos, ya sea para pasear, ir de compras o hacer un picnic sin restricciones. Tu mascota puede descansar c\u00f3modamente en tu pecho mientras t\u00fa sigues movi\u00e9ndote con libertad.<\/p>\n<p>\ud83c\udf88 <strong>Dise\u00f1o ergon\u00f3mico para distribuir el peso<\/strong> Las correas para los hombros, la cintura y la base del bolso distribuyen el peso de manera equilibrada para proteger tu columna vertebral, sin causar molestias durante un uso prolongado. Las correas acolchadas y anchas aumentan la comodidad, ya sea para un paseo corto o para una salida prolongada.<\/p>\n<p>\ud83c\udf1f <strong>Apertura superior ajustable<\/strong> La apertura con cord\u00f3n en la parte superior se puede ajustar seg\u00fan las necesidades para garantizar la seguridad de tu mascota y evitar que se escape. Ideal para aquellos compa\u00f1eros curiosos y juguetones, permiti\u00e9ndoles explorar con tranquilidad.<\/p>\n<p>\ud83d\udc5c <strong>Bolsa de almacenamiento de gran capacidad y multiusos<\/strong> El bolsillo frontal de gran capacidad te permite guardar snacks para mascotas, juguetes, bater\u00edas port\u00e1tiles y otros objetos, convirti\u00e9ndolo en tu ayudante de viaje y evitando que olvides cosas importantes.<\/p>\n<p>\ud83c\udf2c\ufe0f <strong>Ventanas transpirables para ver el exterior<\/strong> Las ventanas laterales ofrecen buena ventilaci\u00f3n para tu peludito, adem\u00e1s de permitirle observar el mundo exterior e interactuar contigo, manteniendo su buen \u00e1nimo. La puerta frontal con cremallera tambi\u00e9n se puede abrir por completo, proporcionando un c\u00f3modo lugar temporal para descansar.<\/p>\n<p>\ud83d\udee1\ufe0f <strong>Base robusta para mayor estabilidad<\/strong> La base est\u00e1 hecha de una placa de fibra compuesta que proporciona un gran soporte, evitando deformaciones incluso si la mascota se mueve dentro de la bolsa. Adem\u00e1s, cuenta con una capa de algod\u00f3n amortiguador que brinda mayor comodidad.<\/p>\n<p>\ud83d\udd0d <strong>Detalles del Producto<\/strong><\/p>\n<ul data-spread=\"false\">\n<li><strong>Material y Seguridad<\/strong>: Fabricado con nylon de alta calidad, impermeable, resistente a las manchas y f\u00e1cil de limpiar, con una correa de seguridad interna para evitar que la mascota se escape.<\/li>\n<li><strong>Dimensiones<\/strong>:\n<ul data-spread=\"false\">\n<li>Talla: F<\/li>\n<li>Dimensiones del producto: 36\u00d721\u00d734 cm<\/li>\n<li>Peso del producto: 938 g<\/li>\n<li>Peso recomendado: Para mascotas de hasta 7 kg<\/li>\n<\/ul>\n<\/li>\n<li><strong>Modo de Uso<\/strong>: Se puede usar en el pecho o en la espalda, con un dise\u00f1o ergon\u00f3mico que proporciona soporte efectivo en los hombros y la cintura.<\/li>\n<li><strong>Limpieza y Cuidado<\/strong>: Se recomienda lavar a mano, evitar el uso de lavadora y el secado a alta temperatura. Mantener ventilado y secar al aire despu\u00e9s de su uso.<\/li>\n<\/ul>\n<p>\ud83d\udc95 <strong>Consejos \u00fatiles<\/strong><\/p>\n<ul data-spread=\"false\">\n<li>Recorta regularmente las u\u00f1as de tu mascota para evitar que da\u00f1e la malla transpirable.<\/li>\n<li>Lleva algunos snacks favoritos de tu mascota para ayudarle a adaptarse mejor al ambiente exterior.<\/li>\n<li>Se recomienda lavar por separado los productos oscuros y claros para evitar mezclas de colores.<\/li>\n<\/ul>\n<p>\u00a1Con la Bolsa de Pecho Suave para Mascotas, dale a tu peludito una experiencia de viaje c\u00f3moda y sin preocupaciones!<\/p>\n<p>&nbsp;<\/p>","protected":false},"excerpt":{"rendered":"<p data-pm-slice=\"1 1 []\">\ud83d\udc3e <strong>Bolsa de Pecho Suave para Mascotas &#8211; \u00a1La elecci\u00f3n perfecta para salir c\u00f3modamente con tu peludito!<\/strong><\/p>\n<p>\u00bfQuieres salir con tu peludito y disfrutar de buenos momentos sin preocuparte por c\u00f3mo llevarlo de manera c\u00f3moda y pr\u00e1ctica? La Bolsa de Pecho Suave para Mascotas te libera las manos para que t\u00fa y tu mascota puedan disfrutar de cada salida sin preocupaciones.<\/p>","protected":false},"featured_media":2303,"comment_status":"open","ping_status":"closed","template":"","meta":{"_acf_changed":false},"product_brand":[],"product_cat":[82,106,127],"product_tag":[],"class_list":{"0":"post-2298","1":"product","2":"type-product","3":"status-publish","4":"has-post-thumbnail","6":"product_cat-bolsas-y-mochilas-de-transporte-perros","7":"product_cat-bolsas-y-mochilas-de-transporte-gatos","8":"product_cat-bolsas-y-mochilas-de-transporte","10":"first","11":"instock","12":"taxable","13":"shipping-taxable","14":"purchasable","15":"product-type-variable"},"acf":[],"_links":{"self":[{"href":"https:\/\/littlepurrs.com\/en\/wp-json\/wp\/v2\/product\/2298","targetHints":{"allow":["GET"]}}],"collection":[{"href":"https:\/\/littlepurrs.com\/en\/wp-json\/wp\/v2\/product"}],"about":[{"href":"https:\/\/littlepurrs.com\/en\/wp-json\/wp\/v2\/types\/product"}],"replies":[{"embeddable":true,"href":"https:\/\/littlepurrs.com\/en\/wp-json\/wp\/v2\/comments?post=2298"}],"version-history":[{"count":2,"href":"https:\/\/littlepurrs.com\/en\/wp-json\/wp\/v2\/product\/2298\/revisions"}],"predecessor-version":[{"id":2314,"href":"https:\/\/littlepurrs.com\/en\/wp-json\/wp\/v2\/product\/2298\/revisions\/2314"}],"wp:featuredmedia":[{"embeddable":true,"href":"https:\/\/littlepurrs.com\/en\/wp-json\/wp\/v2\/media\/2303"}],"wp:attachment":[{"href":"https:\/\/littlepurrs.com\/en\/wp-json\/wp\/v2\/media?parent=2298"}],"wp:term":[{"taxonomy":"product_brand","embeddable":true,"href":"https:\/\/littlepurrs.com\/en\/wp-json\/wp\/v2\/product_brand?post=2298"},{"taxonomy":"product_cat","embeddable":true,"href":"https:\/\/littlepurrs.com\/en\/wp-json\/wp\/v2\/product_cat?post=2298"},{"taxonomy":"product_tag","embeddable":true,"href":"https:\/\/littlepurrs.com\/en\/wp-json\/wp\/v2\/product_tag?post=2298"}],"curies":[{"name":"wp","href":"https:\/\/api.w.org\/{rel}","templated":true}]}}