{"id":2220,"date":"2024-11-15T16:56:34","date_gmt":"2024-11-15T15:56:34","guid":{"rendered":"https:\/\/littlepurrs.com\/?post_type=product&#038;p=2220"},"modified":"2024-12-04T17:18:23","modified_gmt":"2024-12-04T16:18:23","slug":"bolso-bandolera-para-mascotas-bicolor","status":"publish","type":"product","link":"https:\/\/littlepurrs.com\/en\/tienda\/bolso-bandolera-para-mascotas-bicolor\/","title":{"rendered":"Bolso Bandolera para Mascotas Bicolor"},"content":{"rendered":"<div data-elementor-type=\"product-post\" data-elementor-id=\"2220\" class=\"elementor elementor-2220\" data-elementor-post-type=\"product\">\n\t\t\t\t<div class=\"wd-negative-gap elementor-element elementor-element-2b503e9a e-flex e-con-boxed e-con e-parent\" data-id=\"2b503e9a\" data-element_type=\"container\">\n\t\t\t\t\t<div class=\"e-con-inner\">\n\t\t<div class=\"elementor-element elementor-element-1446e6b e-con-full e-flex e-con e-child\" data-id=\"1446e6b\" data-element_type=\"container\" data-settings=\"{&quot;background_background&quot;:&quot;video&quot;,&quot;background_video_link&quot;:&quot;https:\\\/\\\/littlepurrs.com\\\/wp-content\\\/uploads\\\/2024\\\/11\\\/bolso-bandolera-para-mascotas-bicolor2.mp4&quot;,&quot;background_play_on_mobile&quot;:&quot;yes&quot;}\">\n\t\t<div class=\"elementor-background-video-container\" aria-hidden=\"true\">\n\t\t\t\t\t\t\t<video class=\"elementor-background-video-hosted\" autoplay muted playsinline loop><\/video>\n\t\t\t\t\t<\/div>\t\t<\/div>\n\t\t\t\t<div class=\"elementor-element elementor-element-2106d7e2 color-scheme-inherit text-left elementor-widget elementor-widget-text-editor\" data-id=\"2106d7e2\" data-element_type=\"widget\" data-widget_type=\"text-editor.default\">\n\t\t\t\t<div class=\"elementor-widget-container\">\n\t\t\t\t\t\t\t\t\t<h3 data-pm-slice=\"1 1 []\">\ud83d\udc31 <strong>Bolso Bandolera para Mascotas Bicolor &#8211; \u00a1Haz que salir con tu amigo peludo sea m\u00e1s divertido!<\/strong><\/h3><p>\u00bfQuieres explorar el mundo con tu amigo peludo sin preocupaciones? Este bolso m\u00f3vil s\u00faper llamativo est\u00e1 dise\u00f1ado para crear un acogedor refugio para tu mascota, brind\u00e1ndole una sensaci\u00f3n de seguridad incluso cuando est\u00e1n fuera de casa.<\/p><h3>\u2728 <strong>\u00bfPor qu\u00e9 elegirnos?<\/strong><\/h3><p>\ud83c\udfe0 <strong>Colores variados para reflejar la personalidad de tu mascota<\/strong><\/p><p>Dos colores adorables: Tostada de Almendra y Galleta de T\u00e9 Verde, \u00a1siempre hay uno perfecto para tu amigo peludo! Ya sea para pasear por la calle o visitar amigos, este bolso para mascotas se convertir\u00e1 en el centro de atenci\u00f3n.<\/p><p>\ud83c\udf1f <strong>Dise\u00f1o c\u00f3modo y cubierto, reduce la reacci\u00f3n al estr\u00e9s<\/strong><\/p><p>Los bolsos transparentes suelen poner nerviosos a los gatos, ya que la exposici\u00f3n total al entorno desconocido puede causarles ansiedad. Nuestro bolso para mascotas utiliza un dise\u00f1o cubierto que ayuda a reducir la reacci\u00f3n al estr\u00e9s de tu mascota en entornos desconocidos, permiti\u00e9ndole salir sin sentirse ap\u00e1tica ni con n\u00e1useas.<\/p><p>\ud83d\udc3e <strong>Agujero lateral de observaci\u00f3n, interacci\u00f3n m\u00e1s cercana<\/strong><\/p><p>El dise\u00f1o \u00fanico del peque\u00f1o agujero lateral permite a tu mascota observar el mundo exterior y a ti acariciar su cabecita cuando quieras, satisfaciendo vuestras necesidades de interacci\u00f3n y mostrando tu cari\u00f1o.<\/p><p>\ud83d\udd12 <strong>Protecci\u00f3n segura, m\u00e1s tranquilidad al salir<\/strong><\/p><p>El bolso incluye un enganche de seguridad en el interior que se puede conectar al collar o arn\u00e9s de tu mascota, brind\u00e1ndole una capa extra de protecci\u00f3n para que no tengas que preocuparte de que se escape repentinamente.<\/p><p>\ud83d\udcbc <strong>Correas suaves, sin esfuerzo al llevarla<\/strong><\/p><p>\u00a1Ll\u00e9vala sin cansancio durante mucho tiempo! Utilizamos un dise\u00f1o de correa suave para que puedas llevar c\u00f3modamente a tu amigo peludo sin sentir que se clava en los hombros, haciendo cada salida m\u00e1s f\u00e1cil.<\/p><p>\ud83e\uddf5 <strong>Material y detalles, c\u00f3modo y f\u00e1cil de limpiar<\/strong><\/p><p>Fabricada con tela Oxford 600D impermeable. Es duradera y no se adhiere el pelo, lo que facilita la limpieza. La ventana de malla de nailon de gran visibilidad permite a tu mascota ver libremente hacia afuera y tiene buena ventilaci\u00f3n, lo cual hace m\u00e1s c\u00f3modo el viaje.<\/p><p>\ud83d\udce6 <strong>Gran capacidad, ligera y f\u00e1cil de llevar<\/strong><\/p><ul data-spread=\"false\"><li><strong>Para mascotas<\/strong>: adecuada para mascotas peque\u00f1as de 0-5 kg. Ya sea de pie o acostada, tu mascota tendr\u00e1 suficiente espacio para estar c\u00f3moda sin sentirse apretada.<\/li><li><strong>Peso ligero<\/strong>: el bolso pesa solo 440 g, es ligero y no supone una carga, por lo que salir a jugar con tu mascota no es un problema.<\/li><li><strong>F\u00e1cil de plegar y almacenar<\/strong>: la base de PE es desmontable, lo que permite plegarla f\u00e1cilmente y ahorrar espacio al guardarla.<\/li><\/ul><h3>\ud83d\udc95 <strong>Consejos \u00fatiles<\/strong><\/h3><ul data-spread=\"false\"><li>Al salir, te recomendamos colocar una toalla o un coj\u00edn peque\u00f1o en el bolso para mayor comodidad de tu mascota.<\/li><li>Para limpiar, utiliza un pa\u00f1o h\u00famedo y p\u00e1salo suavemente. No se recomienda sumergir directamente.<\/li><li>Cuando no lo uses, retira la base y pli\u00e9galo para ahorrar espacio.<\/li><\/ul><p>Este bolso para mascotas combina un dise\u00f1o atractivo con detalles pr\u00e1cticos, siendo ideal para tus salidas con tu amigo peludo. Haz que tu mascota tambi\u00e9n sienta el calor de hogar mientras viaja y juntos comenzad cada aventura llena de alegr\u00eda.<\/p>\t\t\t\t\t\t\t\t<\/div>\n\t\t\t\t<\/div>\n\t\t\t\t\t<\/div>\n\t\t\t\t<\/div>\n\t\t\t\t<\/div>","protected":false},"excerpt":{"rendered":"<p data-pm-slice=\"1 1 []\"><strong>Bolso Bandolera para Mascotas Bicolor<\/strong>: Dise\u00f1ado para hacer cada aventura con tu amigo peludo c\u00f3moda y segura. Con colores adorables como Tostada de Almendra y Galleta de T\u00e9 Verde, este bolso no solo es pr\u00e1ctico y ligero, sino tambi\u00e9n muy llamativo. Gracias a su dise\u00f1o cubierto y sus detalles de seguridad, tu mascota disfrutar\u00e1 cada paseo con total tranquilidad. \u00a1Ideal para mascotas peque\u00f1as y listo para acompa\u00f1arte en cualquier salida!<\/p>","protected":false},"featured_media":2233,"comment_status":"open","ping_status":"closed","template":"","meta":{"_acf_changed":false},"product_brand":[],"product_cat":[82,127,106],"product_tag":[],"class_list":{"0":"post-2220","1":"product","2":"type-product","3":"status-publish","4":"has-post-thumbnail","6":"product_cat-bolsas-y-mochilas-de-transporte-perros","7":"product_cat-bolsas-y-mochilas-de-transporte","8":"product_cat-bolsas-y-mochilas-de-transporte-gatos","10":"first","11":"instock","12":"taxable","13":"shipping-taxable","14":"purchasable","15":"product-type-variable"},"acf":[],"_links":{"self":[{"href":"https:\/\/littlepurrs.com\/en\/wp-json\/wp\/v2\/product\/2220","targetHints":{"allow":["GET"]}}],"collection":[{"href":"https:\/\/littlepurrs.com\/en\/wp-json\/wp\/v2\/product"}],"about":[{"href":"https:\/\/littlepurrs.com\/en\/wp-json\/wp\/v2\/types\/product"}],"replies":[{"embeddable":true,"href":"https:\/\/littlepurrs.com\/en\/wp-json\/wp\/v2\/comments?post=2220"}],"version-history":[{"count":12,"href":"https:\/\/littlepurrs.com\/en\/wp-json\/wp\/v2\/product\/2220\/revisions"}],"predecessor-version":[{"id":2248,"href":"https:\/\/littlepurrs.com\/en\/wp-json\/wp\/v2\/product\/2220\/revisions\/2248"}],"wp:featuredmedia":[{"embeddable":true,"href":"https:\/\/littlepurrs.com\/en\/wp-json\/wp\/v2\/media\/2233"}],"wp:attachment":[{"href":"https:\/\/littlepurrs.com\/en\/wp-json\/wp\/v2\/media?parent=2220"}],"wp:term":[{"taxonomy":"product_brand","embeddable":true,"href":"https:\/\/littlepurrs.com\/en\/wp-json\/wp\/v2\/product_brand?post=2220"},{"taxonomy":"product_cat","embeddable":true,"href":"https:\/\/littlepurrs.com\/en\/wp-json\/wp\/v2\/product_cat?post=2220"},{"taxonomy":"product_tag","embeddable":true,"href":"https:\/\/littlepurrs.com\/en\/wp-json\/wp\/v2\/product_tag?post=2220"}],"curies":[{"name":"wp","href":"https:\/\/api.w.org\/{rel}","templated":true}]}}