{"id":2169,"date":"2024-11-15T13:43:28","date_gmt":"2024-11-15T12:43:28","guid":{"rendered":"https:\/\/littlepurrs.com\/?post_type=product&#038;p=2169"},"modified":"2024-12-04T17:18:23","modified_gmt":"2024-12-04T16:18:23","slug":"bolso-de-hombro-casual-para-mascotas","status":"publish","type":"product","link":"https:\/\/littlepurrs.com\/en\/tienda\/bolso-de-hombro-casual-para-mascotas\/","title":{"rendered":"Bolso de Hombro Casual para Mascotas"},"content":{"rendered":"<div data-elementor-type=\"product-post\" data-elementor-id=\"2169\" class=\"elementor elementor-2169\" data-elementor-post-type=\"product\">\n\t\t\t\t<div class=\"wd-negative-gap elementor-element elementor-element-66073c32 e-flex e-con-boxed e-con e-parent\" data-id=\"66073c32\" data-element_type=\"container\">\n\t\t\t\t\t<div class=\"e-con-inner\">\n\t\t<div class=\"elementor-element elementor-element-4ded4df e-con-full e-flex e-con e-child\" data-id=\"4ded4df\" data-element_type=\"container\" data-settings=\"{&quot;background_background&quot;:&quot;video&quot;,&quot;background_video_link&quot;:&quot;https:\\\/\\\/littlepurrs.com\\\/wp-content\\\/uploads\\\/2024\\\/11\\\/bolso-de-hombro-casual-para-mascotas2.mp4&quot;,&quot;background_play_on_mobile&quot;:&quot;yes&quot;}\">\n\t\t<div class=\"elementor-background-video-container\" aria-hidden=\"true\">\n\t\t\t\t\t\t\t<video class=\"elementor-background-video-hosted\" autoplay muted playsinline loop><\/video>\n\t\t\t\t\t<\/div>\t\t<\/div>\n\t\t\t\t<div class=\"elementor-element elementor-element-1b5bc7fa color-scheme-inherit text-left elementor-widget elementor-widget-text-editor\" data-id=\"1b5bc7fa\" data-element_type=\"widget\" data-widget_type=\"text-editor.default\">\n\t\t\t\t<div class=\"elementor-widget-container\">\n\t\t\t\t\t\t\t\t\t<h3 data-pm-slice=\"1 1 []\">\ud83d\udc3e <strong>Bolso de Hombro Casual para Mascotas<\/strong>\u00a0\u2013 \u00a1Viaja c\u00f3modamente y con estilo junto a tu peludo amigo!<\/h3><p>\u00bfQuieres salir con tu peque\u00f1o compa\u00f1ero, pero te preocupa que no se adapte a ambientes desconocidos? El Bolso Tote para Mascotas de Hombro est\u00e1 dise\u00f1ado para ofrecer un nido c\u00e1lido y m\u00f3vil para ti y tu mascota, brindando comodidad y seguridad, para que tus salidas sean libres de preocupaciones.<\/p><h3>\u2728 <strong>\u00bfPor qu\u00e9 elegir nuestro bolso de hombro?<\/strong><\/h3><p>\ud83c\udf1f <strong>Seguridad y comodidad, todo el cari\u00f1o<\/strong><\/p><p>Tu mascota es sensible por naturaleza y necesita sentirse segura. Nuestro bolso para mascotas cuenta con un dise\u00f1o envolvente en los laterales, para que tu gato se sienta c\u00e1lido y c\u00f3modo, como en casa, incluso cuando est\u00e9 fuera.<\/p><p>\ud83c\udf2c\ufe0f <strong>Ventilaci\u00f3n y frescura durante el viaje<\/strong><\/p><p>El dise\u00f1o de amplia apertura y los laterales con malla de alta densidad garantizan un flujo de aire constante, alejando el calor y proporcionando a tu peludo una experiencia de viaje fresca y c\u00f3moda.<\/p><p>\ud83d\udecf\ufe0f <strong>Gran capacidad, libertad de movimiento<\/strong><\/p><p>El espacioso interior permite albergar mascotas de hasta 5 kg, con suficiente espacio para que puedan acostarse, sentarse o ponerse de pie sin restricciones, asegurando su comodidad en cada salida.<\/p><p>\ud83d\udca8 <strong>Dise\u00f1o ligero, f\u00e1cil de transportar<\/strong><\/p><p>El bolso pesa solo 730g, y su dise\u00f1o liviano facilita llevar a tu peque\u00f1o compa\u00f1ero a donde quieras, sin el peso de una carga inc\u00f3moda.<\/p><p>\ud83d\udc5c <strong>Bolsillo pr\u00e1ctico, dise\u00f1o cuidadoso<\/strong><\/p><p>Incluye un bolsillo frontal donde puedes guardar juguetes, golosinas y cargadores, asegurando que no olvides nada importante durante el paseo con tu mascota.<\/p><h3>\ud83d\udee0\ufe0f <strong>Somos detallistas<\/strong><\/h3><ul data-spread=\"false\"><li><strong>Bolsillo lateral<\/strong>: Guarda las bolsas para recoger desechos y otros objetos peque\u00f1os para tenerlos siempre a mano.<\/li><li><strong>Cierre de seguridad antiescape<\/strong>: Compatible con collar o arn\u00e9s para evitar que la mascota se escape.<\/li><li><strong>Asa con velcro<\/strong>: C\u00f3moda de llevar, sin causar molestias, incluso cuando la llevas mucho tiempo.<\/li><li><strong>Cremallera antiescape<\/strong>: Con dise\u00f1o de tira reflectante para un uso suave y sin atascos, brindando seguridad durante los paseos nocturnos.<\/li><\/ul><h3>\ud83d\udc95 <strong>Consejos de uso<\/strong><\/h3><ul data-spread=\"false\"><li>Evita el contacto con objetos afilados para prevenir rasgaduras o da\u00f1os en el bolso.<\/li><li>Recomendamos lavar a mano con cuidado; no utilices lavadora, lej\u00eda, plancha ni limpieza en seco.<\/li><li>Si hay alg\u00fan olor, abre el bolso y vent\u00edlalo durante unos d\u00edas; el olor desaparecer\u00e1 gradualmente.<\/li><li>Corta las u\u00f1as de tu mascota regularmente para evitar que da\u00f1e la malla.<\/li><\/ul><h3>\u00a0<\/h3><p>\u00a1Deja que el Bolso Tote para Mascotas de Hombro sea la compa\u00f1era perfecta para tus aventuras con tu peque\u00f1o amigo y disfruta cada momento sin preocupaciones!<\/p><p>\u00a0<\/p>\t\t\t\t\t\t\t\t<\/div>\n\t\t\t\t<\/div>\n\t\t\t\t\t<\/div>\n\t\t\t\t<\/div>\n\t\t\t\t<\/div>","protected":false},"excerpt":{"rendered":"<p data-pm-slice=\"1 1 []\">El<strong> Bolso de Hombro Casual para Mascotas<\/strong> lleva a tu peludo amigo contigo de manera c\u00f3moda y estilosa. Dise\u00f1ado con un interior espacioso y ventilaci\u00f3n ideal para que tu mascota se sienta c\u00f3moda y segura, ya sea que est\u00e9 paseando o descansando. Con un dise\u00f1o ligero y funcional, es la opci\u00f3n perfecta para cualquier salida juntos.<\/p>","protected":false},"featured_media":2183,"comment_status":"open","ping_status":"closed","template":"","meta":{"_acf_changed":false},"product_brand":[],"product_cat":[82,127,106],"product_tag":[],"class_list":{"0":"post-2169","1":"product","2":"type-product","3":"status-publish","4":"has-post-thumbnail","6":"product_cat-bolsas-y-mochilas-de-transporte-perros","7":"product_cat-bolsas-y-mochilas-de-transporte","8":"product_cat-bolsas-y-mochilas-de-transporte-gatos","10":"first","11":"instock","12":"taxable","13":"shipping-taxable","14":"purchasable","15":"product-type-variable"},"acf":[],"_links":{"self":[{"href":"https:\/\/littlepurrs.com\/en\/wp-json\/wp\/v2\/product\/2169","targetHints":{"allow":["GET"]}}],"collection":[{"href":"https:\/\/littlepurrs.com\/en\/wp-json\/wp\/v2\/product"}],"about":[{"href":"https:\/\/littlepurrs.com\/en\/wp-json\/wp\/v2\/types\/product"}],"replies":[{"embeddable":true,"href":"https:\/\/littlepurrs.com\/en\/wp-json\/wp\/v2\/comments?post=2169"}],"version-history":[{"count":5,"href":"https:\/\/littlepurrs.com\/en\/wp-json\/wp\/v2\/product\/2169\/revisions"}],"predecessor-version":[{"id":2193,"href":"https:\/\/littlepurrs.com\/en\/wp-json\/wp\/v2\/product\/2169\/revisions\/2193"}],"wp:featuredmedia":[{"embeddable":true,"href":"https:\/\/littlepurrs.com\/en\/wp-json\/wp\/v2\/media\/2183"}],"wp:attachment":[{"href":"https:\/\/littlepurrs.com\/en\/wp-json\/wp\/v2\/media?parent=2169"}],"wp:term":[{"taxonomy":"product_brand","embeddable":true,"href":"https:\/\/littlepurrs.com\/en\/wp-json\/wp\/v2\/product_brand?post=2169"},{"taxonomy":"product_cat","embeddable":true,"href":"https:\/\/littlepurrs.com\/en\/wp-json\/wp\/v2\/product_cat?post=2169"},{"taxonomy":"product_tag","embeddable":true,"href":"https:\/\/littlepurrs.com\/en\/wp-json\/wp\/v2\/product_tag?post=2169"}],"curies":[{"name":"wp","href":"https:\/\/api.w.org\/{rel}","templated":true}]}}