{"id":2021,"date":"2024-11-13T16:28:40","date_gmt":"2024-11-13T15:28:40","guid":{"rendered":"https:\/\/littlepurrs.com\/?post_type=product&#038;p=2021"},"modified":"2024-12-04T17:18:23","modified_gmt":"2024-12-04T16:18:23","slug":"mochila-transportin-para-mascotas-con-toldo-frontal-y-trasero","status":"publish","type":"product","link":"https:\/\/littlepurrs.com\/en\/tienda\/mochila-transportin-para-mascotas-con-toldo-frontal-y-trasero\/","title":{"rendered":"Mochila Transport\u00edn para Mascotas con Toldo Frontal y Trasero"},"content":{"rendered":"<div data-elementor-type=\"product-post\" data-elementor-id=\"2021\" class=\"elementor elementor-2021\" data-elementor-post-type=\"product\">\n\t\t\t\t<div class=\"wd-negative-gap elementor-element elementor-element-5868940f e-flex e-con-boxed e-con e-parent\" data-id=\"5868940f\" data-element_type=\"container\">\n\t\t\t\t\t<div class=\"e-con-inner\">\n\t\t<div class=\"elementor-element elementor-element-5241334 e-con-full e-flex e-con e-child\" data-id=\"5241334\" data-element_type=\"container\" data-settings=\"{&quot;background_background&quot;:&quot;video&quot;,&quot;background_video_link&quot;:&quot;https:\\\/\\\/littlepurrs.com\\\/wp-content\\\/uploads\\\/2024\\\/11\\\/mochila-transportin-para-mascotas-con-toldo-frontal-y-trasero2.mp4&quot;,&quot;background_play_on_mobile&quot;:&quot;yes&quot;}\">\n\t\t<div class=\"elementor-background-video-container\" aria-hidden=\"true\">\n\t\t\t\t\t\t\t<video class=\"elementor-background-video-hosted\" autoplay muted playsinline loop><\/video>\n\t\t\t\t\t<\/div>\t\t<\/div>\n\t\t\t\t<div class=\"elementor-element elementor-element-312633a0 color-scheme-inherit text-left elementor-widget elementor-widget-text-editor\" data-id=\"312633a0\" data-element_type=\"widget\" data-widget_type=\"text-editor.default\">\n\t\t\t\t<div class=\"elementor-widget-container\">\n\t\t\t\t\t\t\t\t\t<h3 data-pm-slice=\"1 1 []\">\ud83d\udc31 Mochila Transport\u00edn para Mascotas con Toldo Frontal y Trasero &#8211; \u00a1Haz que el viaje de tu peludito sea m\u00e1s c\u00f3modo y feliz!<\/h3><p>\u00bfQuieres llevar a tu peque\u00f1o compa\u00f1ero a explorar el mundo sin preocuparte por su comodidad? La Mochila Transport\u00edn para Mascotas est\u00e1 dise\u00f1ada especialmente para ti y tu peludito, ofreci\u00e9ndole un c\u00e1lido y c\u00f3modo refugio m\u00f3vil para que cada salida est\u00e9 llena de risas y tranquilidad.<\/p><h3>\u2728 <strong>\u00bfPor qu\u00e9 elegirnos?<\/strong><\/h3><p>\ud83c\udfe0 <strong>Espacio de expansi\u00f3n s\u00faper c\u00f3modo<\/strong> Con un dise\u00f1o de toldo doble delantero y trasero, ofrece el doble de espacio para que tu peludito se mueva c\u00f3modamente, permiti\u00e9ndole explorar y descansar sin restricciones durante el viaje. Puede girar, ponerse de pie e incluso tumbarse c\u00f3modamente, como si estuviera en casa. \u00a1Perm\u00edtele sentir la libertad y tranquilidad durante el viaje!<\/p><p>\ud83c\udf2c\ufe0f <strong>Ventilaci\u00f3n total y sin sofocamiento<\/strong> Dise\u00f1o de malla transpirable de gran superficie con un \u00e1rea de ventilaci\u00f3n del 80%, asegurando una circulaci\u00f3n constante de aire para que tu mascota pueda respirar con libertad y sin calor. Adem\u00e1s, la malla de alta densidad previene la entrada de insectos, garantizando seguridad y comodidad.<\/p><p>\ud83c\udf92 <strong>Sistema de soporte ergon\u00f3mico, sin fatiga al llevar<\/strong> Las correas de hombro acolchadas distribuyen el peso de manera uniforme, mientras que el soporte estable en forma de L mantiene la mochila equilibrada, asegurando comodidad tanto para ti como para tu peludito durante viajes prolongados. Tu peludito tambi\u00e9n puede mantenerse c\u00f3modo en el interior, protegiendo sus articulaciones y rodillas durante viajes prolongados.<\/p><p>\ud83d\udd12 <strong>Dise\u00f1o antiescape para mayor tranquilidad<\/strong> La cremallera antiescape est\u00e1 dise\u00f1ada para evitar que tu peque\u00f1o amigo travieso se escape en momentos de distracci\u00f3n. Ya sea en el coche o paseando, cada paso ser\u00e1 m\u00e1s seguro.<\/p><p>\ud83d\udcbc <strong>Plegado f\u00e1cil y ahorro de espacio<\/strong> Cuando necesites guardarlo, solo tienes que tirar y plegar, reduciendo el volumen a 2\/3 del original. Una vez plegado, la altura es de solo 10 cm. \u00a1No ocupar\u00e1 mucho espacio en casa ni en el coche, y es f\u00e1cil de manejar!<\/p><p>\ud83e\udde1 <strong>Los detalles marcan la diferencia<\/strong><\/p><ul data-spread=\"false\"><li><strong>Material y seguridad<\/strong>: Fabricado con material Oxford impermeable y resistente a los ara\u00f1azos, duradero y f\u00e1cil de limpiar. El algod\u00f3n perlado de alta densidad y la placa de fibra compuesta proporcionan un soporte estable, haciendo que tu peludito se sienta seguro y c\u00f3modo dentro de la mochila.<\/li><li><strong>Dimensiones<\/strong>: Las dimensiones del transport\u00edn extendido son de 27 cm x 28 cm x 33 cm, adecuado para mascotas de hasta 9 kg, y puede albergar de 2 a 3 gatitos peque\u00f1os.<\/li><li><strong>Modo de uso<\/strong>: Dise\u00f1ado con doble toldo delantero y trasero, y varias aberturas en la parte superior y lateral para facilitar la entrada y salida de tu mascota. Perfecto para cualquier tipo de salida, ya sea una caminata corta o un viaje largo.<\/li><li><strong>Limpieza y mantenimiento<\/strong>: La superficie de tela Oxford es f\u00e1cil de limpiar, solo necesitas mantenerla limpia y ordenada. Evita el contacto con objetos afilados para prolongar su vida \u00fatil.<\/li><\/ul><h3>\ud83c\udf1f <strong>Consejos \u00fatiles<\/strong><\/h3><ul data-spread=\"false\"><li>Durante el uso diario, puedes enrollar o bajar la cortina seg\u00fan el clima, ayudando a tu mascota a adaptarse c\u00f3modamente.<\/li><li>Despu\u00e9s de un almacenamiento prolongado o durante el transporte, puede haber un ligero olor. Se recomienda ventilar la mochila antes de usarla.<\/li><li>Revisa regularmente si la malla est\u00e1 da\u00f1ada y recorta las u\u00f1as de tu mascota para mantener la malla en buen estado y duradera.<\/li><\/ul><p>\u00a1Lleva a tu peludito contigo con la Mochila Transport\u00edn para Mascotas y exploren juntos el mundo de manera c\u00f3moda y feliz!<\/p>\t\t\t\t\t\t\t\t<\/div>\n\t\t\t\t<\/div>\n\t\t\t\t\t<\/div>\n\t\t\t\t<\/div>\n\t\t\t\t<\/div>","protected":false},"excerpt":{"rendered":"<p data-pm-slice=\"1 1 []\">La <strong>Mochila Transport\u00edn para Mascotas con Toldo Frontal y Trasero<\/strong> brinda un espacio amplio y ventilado para que tu peludito viaje c\u00f3modo y seguro. Con su dise\u00f1o ergon\u00f3mico y antiescape, junto con materiales duraderos y plegado f\u00e1cil, es la soluci\u00f3n perfecta para llevar a tu mascota a cualquier aventura, asegurando tanto su bienestar como tu comodidad.<\/p>","protected":false},"featured_media":2036,"comment_status":"open","ping_status":"closed","template":"","meta":{"_acf_changed":false},"product_brand":[],"product_cat":[82,106,127],"product_tag":[],"class_list":{"0":"post-2021","1":"product","2":"type-product","3":"status-publish","4":"has-post-thumbnail","6":"product_cat-bolsas-y-mochilas-de-transporte-perros","7":"product_cat-bolsas-y-mochilas-de-transporte-gatos","8":"product_cat-bolsas-y-mochilas-de-transporte","10":"first","11":"instock","12":"taxable","13":"shipping-taxable","14":"purchasable","15":"product-type-variable"},"acf":[],"_links":{"self":[{"href":"https:\/\/littlepurrs.com\/en\/wp-json\/wp\/v2\/product\/2021","targetHints":{"allow":["GET"]}}],"collection":[{"href":"https:\/\/littlepurrs.com\/en\/wp-json\/wp\/v2\/product"}],"about":[{"href":"https:\/\/littlepurrs.com\/en\/wp-json\/wp\/v2\/types\/product"}],"replies":[{"embeddable":true,"href":"https:\/\/littlepurrs.com\/en\/wp-json\/wp\/v2\/comments?post=2021"}],"version-history":[{"count":10,"href":"https:\/\/littlepurrs.com\/en\/wp-json\/wp\/v2\/product\/2021\/revisions"}],"predecessor-version":[{"id":2102,"href":"https:\/\/littlepurrs.com\/en\/wp-json\/wp\/v2\/product\/2021\/revisions\/2102"}],"wp:featuredmedia":[{"embeddable":true,"href":"https:\/\/littlepurrs.com\/en\/wp-json\/wp\/v2\/media\/2036"}],"wp:attachment":[{"href":"https:\/\/littlepurrs.com\/en\/wp-json\/wp\/v2\/media?parent=2021"}],"wp:term":[{"taxonomy":"product_brand","embeddable":true,"href":"https:\/\/littlepurrs.com\/en\/wp-json\/wp\/v2\/product_brand?post=2021"},{"taxonomy":"product_cat","embeddable":true,"href":"https:\/\/littlepurrs.com\/en\/wp-json\/wp\/v2\/product_cat?post=2021"},{"taxonomy":"product_tag","embeddable":true,"href":"https:\/\/littlepurrs.com\/en\/wp-json\/wp\/v2\/product_tag?post=2021"}],"curies":[{"name":"wp","href":"https:\/\/api.w.org\/{rel}","templated":true}]}}