{"id":1986,"date":"2024-11-13T15:49:23","date_gmt":"2024-11-13T14:49:23","guid":{"rendered":"https:\/\/littlepurrs.com\/?post_type=product&#038;p=1986"},"modified":"2024-12-04T17:18:24","modified_gmt":"2024-12-04T16:18:24","slug":"mochila-transportin-estilo-tote-frontal-y-posterior-para-mascotas","status":"publish","type":"product","link":"https:\/\/littlepurrs.com\/en\/tienda\/mochila-transportin-estilo-tote-frontal-y-posterior-para-mascotas\/","title":{"rendered":"Mochila Transport\u00edn Estilo Tote Frontal y Posterior para Mascotas"},"content":{"rendered":"<div data-elementor-type=\"product-post\" data-elementor-id=\"1986\" class=\"elementor elementor-1986\" data-elementor-post-type=\"product\">\n\t\t\t\t<div class=\"wd-negative-gap elementor-element elementor-element-5e3a506 e-flex e-con-boxed e-con e-parent\" data-id=\"5e3a506\" data-element_type=\"container\">\n\t\t\t\t\t<div class=\"e-con-inner\">\n\t\t<div class=\"elementor-element elementor-element-91e58b7 e-con-full e-flex e-con e-child\" data-id=\"91e58b7\" data-element_type=\"container\" data-settings=\"{&quot;background_background&quot;:&quot;video&quot;,&quot;background_video_link&quot;:&quot;https:\\\/\\\/littlepurrs.com\\\/wp-content\\\/uploads\\\/2024\\\/11\\\/mochila-transportin-estilo-tote-frontal-y-posterior-para-mascotas2.mp4&quot;,&quot;background_play_on_mobile&quot;:&quot;yes&quot;}\">\n\t\t<div class=\"elementor-background-video-container\" aria-hidden=\"true\">\n\t\t\t\t\t\t\t<video class=\"elementor-background-video-hosted\" autoplay muted playsinline loop><\/video>\n\t\t\t\t\t<\/div>\t\t<\/div>\n\t\t\t\t<div class=\"elementor-element elementor-element-6e60d138 color-scheme-inherit text-left elementor-widget elementor-widget-text-editor\" data-id=\"6e60d138\" data-element_type=\"widget\" data-widget_type=\"text-editor.default\">\n\t\t\t\t<div class=\"elementor-widget-container\">\n\t\t\t\t\t\t\t\t\t<h3 data-pm-slice=\"1 3 []\">\ud83d\udc3e Mochila Transport\u00edn Estilo Tote Frontal y Posterior para Mascotas &#8211; \u00a1Haz que tu compa\u00f1ero peludo disfrute m\u00e1s de los paseos!<\/h3>\r\n\u00bfQuieres llevar a tu peque\u00f1o amigo a todas tus aventuras sin preocuparte por su comodidad? La Mochila Transport\u00edn Estilo Tote Frontal y Posterior para Mascotas es el refugio m\u00f3vil perfecto que proporciona comodidad y seguridad, mientras mantiene tus manos libres y a tu mascota feliz y relajada durante cada viaje.\r\n<h3>\u2728 \u00bfPor qu\u00e9 elegir nuestra mochila transport\u00edn?<\/h3>\r\nTe ofrecemos una combinaci\u00f3n perfecta de comodidad, seguridad y estilo para ti y tu compa\u00f1ero peludo, ideal para cualquier tipo de salida.\r\n\r\n\ud83c\udfe0 <strong>Dise\u00f1o de soporte triangular ultra c\u00f3modo<\/strong> Este dise\u00f1o ergon\u00f3mico distribuye el peso uniformemente en los hombros, la cintura y el abdomen, lo que hace que los paseos sean mucho m\u00e1s c\u00f3modos para ti, mientras tu compa\u00f1ero peludo disfruta tranquilamente del paisaje.\r\n\r\n\ud83c\udf08 <strong>Dise\u00f1o flexible para llevar al frente o atr\u00e1s<\/strong> Puedes elegir llevar a tu peque\u00f1o amigo al frente para tenerlo siempre a la vista, o en la espalda para mayor facilidad de movimiento. Ideal tanto para paseos diarios como para excursiones m\u00e1s largas.\r\n\r\n\ud83d\udc9d <strong>Doble protecci\u00f3n de seguridad<\/strong> La parte superior tiene un dise\u00f1o de doble apertura con una persiana enrollable y una malla ajustable para que tu mascota pueda asomarse con seguridad sin riesgo de escapar. Adem\u00e1s, la correa de seguridad de 50 cm se puede enganchar al collar, evitando saltos inesperados.\r\n\r\n\ud83c\udf1f <strong>Tres grandes bolsillos de almacenamiento<\/strong> \u00a1Olv\u00eddate de perder snacks, juguetes, botellas de agua o bater\u00edas port\u00e1tiles! Los tres bolsillos pr\u00e1cticos permiten guardar todo lo necesario para ti y tu compa\u00f1ero peludo, haciendo que cada salida sea organizada y sin complicaciones.\r\n\r\n\u2728 <strong>Base firme y estable para mayor comodidad<\/strong> La base de fibra compuesta dentro de la mochila proporciona un soporte estable para tu mascota, asegur\u00e1ndose de que no se sienta insegura por el movimiento, ofreci\u00e9ndole un espacio seguro y c\u00f3modo.\r\n<h3>\ud83d\udccf <strong>Detalles del producto<\/strong><\/h3>\r\n<strong>Material y seguridad<\/strong>: Hecho de nylon impermeable, no atrapa el pelo y es f\u00e1cil de limpiar, manteniendo la mochila seca y c\u00f3moda.\r\n\r\n<strong>Dimensiones<\/strong>: Antes de doblar, las medidas son 35cm\u00d720cm\u00d733cm. Una vez doblada, solo ocupa 3 cm de grosor, facilitando su almacenamiento sin ocupar espacio.\r\n\r\n<strong>Modo de uso<\/strong>:\r\n<ul data-spread=\"false\">\r\n \t<li>Pasa ambas manos por las correas de los hombros.<\/li>\r\n \t<li>Ajusta el broche y la correa de la cintura hasta encontrar la posici\u00f3n c\u00f3moda.<\/li>\r\n \t<li>Coloca a tu compa\u00f1ero peludo en la mochila para explorar el mundo juntos.<\/li>\r\n<\/ul>\r\n<strong>Limpieza y mantenimiento<\/strong>: No lavar a m\u00e1quina. Utiliza un pa\u00f1o h\u00famedo o un cepillo suave para limpiar y luego deja secar al aire en un lugar ventilado.\r\n<h3>\ud83d\udc95 <strong>Consejos \u00fatiles<\/strong><\/h3>\r\n<ul data-spread=\"false\">\r\n \t<li><strong>Sugerencias de uso<\/strong>: Verifica regularmente las cremalleras y la correa de seguridad para asegurar la protecci\u00f3n de tu mascota.<\/li>\r\n \t<li><strong>Precauciones<\/strong>: Evita el contacto de la mochila con objetos puntiagudos para prevenir da\u00f1os; mant\u00e9n las u\u00f1as de tu mascota recortadas para evitar que rompa la malla.<\/li>\r\n \t<li><strong>Consejos de mantenimiento<\/strong>: Si la mochila tiene alg\u00fan olor, simplemente d\u00e9jala en un lugar ventilado durante unos d\u00edas para eliminarlo, \u00a1as\u00ed siempre estar\u00e1 fresca!<\/li>\r\n<\/ul>\t\t\t\t\t\t\t\t<\/div>\n\t\t\t\t<\/div>\n\t\t\t\t\t<\/div>\n\t\t\t\t<\/div>\n\t\t\t\t<\/div>","protected":false},"excerpt":{"rendered":"<p data-pm-slice=\"1 1 []\">La <strong>Mochila Transport\u00edn Estilo Tote Frontal y Posterior para Mascotas<\/strong>\u00a0te permite llevar a tu compa\u00f1ero peludo de forma c\u00f3moda y segura, ya sea al frente o a la espalda. Con un dise\u00f1o ergon\u00f3mico, doble protecci\u00f3n de seguridad y pr\u00e1cticos bolsillos, es ideal para paseos y aventuras. \u00a1Comodidad y diversi\u00f3n garantizadas para ti y tu mascota!<\/p>","protected":false},"featured_media":2006,"comment_status":"open","ping_status":"closed","template":"","meta":{"_acf_changed":false},"product_brand":[],"product_cat":[82,127,106],"product_tag":[],"class_list":{"0":"post-1986","1":"product","2":"type-product","3":"status-publish","4":"has-post-thumbnail","6":"product_cat-bolsas-y-mochilas-de-transporte-perros","7":"product_cat-bolsas-y-mochilas-de-transporte","8":"product_cat-bolsas-y-mochilas-de-transporte-gatos","10":"first","11":"instock","12":"taxable","13":"shipping-taxable","14":"purchasable","15":"product-type-variable"},"acf":[],"_links":{"self":[{"href":"https:\/\/littlepurrs.com\/en\/wp-json\/wp\/v2\/product\/1986","targetHints":{"allow":["GET"]}}],"collection":[{"href":"https:\/\/littlepurrs.com\/en\/wp-json\/wp\/v2\/product"}],"about":[{"href":"https:\/\/littlepurrs.com\/en\/wp-json\/wp\/v2\/types\/product"}],"replies":[{"embeddable":true,"href":"https:\/\/littlepurrs.com\/en\/wp-json\/wp\/v2\/comments?post=1986"}],"version-history":[{"count":7,"href":"https:\/\/littlepurrs.com\/en\/wp-json\/wp\/v2\/product\/1986\/revisions"}],"predecessor-version":[{"id":2020,"href":"https:\/\/littlepurrs.com\/en\/wp-json\/wp\/v2\/product\/1986\/revisions\/2020"}],"wp:featuredmedia":[{"embeddable":true,"href":"https:\/\/littlepurrs.com\/en\/wp-json\/wp\/v2\/media\/2006"}],"wp:attachment":[{"href":"https:\/\/littlepurrs.com\/en\/wp-json\/wp\/v2\/media?parent=1986"}],"wp:term":[{"taxonomy":"product_brand","embeddable":true,"href":"https:\/\/littlepurrs.com\/en\/wp-json\/wp\/v2\/product_brand?post=1986"},{"taxonomy":"product_cat","embeddable":true,"href":"https:\/\/littlepurrs.com\/en\/wp-json\/wp\/v2\/product_cat?post=1986"},{"taxonomy":"product_tag","embeddable":true,"href":"https:\/\/littlepurrs.com\/en\/wp-json\/wp\/v2\/product_tag?post=1986"}],"curies":[{"name":"wp","href":"https:\/\/api.w.org\/{rel}","templated":true}]}}