{"id":2717,"date":"2024-12-13T18:12:40","date_gmt":"2024-12-13T17:12:40","guid":{"rendered":"https:\/\/littlepurrs.com\/?post_type=product&#038;p=2717"},"modified":"2025-01-09T16:22:12","modified_gmt":"2025-01-09T15:22:12","slug":"juguete-de-pez-con-hierba-gatera","status":"publish","type":"product","link":"https:\/\/littlepurrs.com\/de\/tienda\/juguete-de-pez-con-hierba-gatera\/","title":{"rendered":"Juguete de Pez con Hierba Gatera"},"content":{"rendered":"<div data-elementor-type=\"product-post\" data-elementor-id=\"2717\" class=\"elementor elementor-2717\" data-elementor-post-type=\"product\">\n\t\t\t\t<div class=\"wd-negative-gap elementor-element elementor-element-7f13af47 e-flex e-con-boxed e-con e-parent\" data-id=\"7f13af47\" data-element_type=\"container\">\n\t\t\t\t\t<div class=\"e-con-inner\">\n\t\t<div class=\"elementor-element elementor-element-c9387db e-con-full e-flex e-con e-child\" data-id=\"c9387db\" data-element_type=\"container\" data-settings=\"{&quot;background_background&quot;:&quot;video&quot;,&quot;background_video_link&quot;:&quot;https:\\\/\\\/littlepurrs.com\\\/wp-content\\\/uploads\\\/2024\\\/12\\\/juguete-de-pez-con-hierba-gatera2.mp4&quot;,&quot;background_play_on_mobile&quot;:&quot;yes&quot;}\">\n\t\t<div class=\"elementor-background-video-container\" aria-hidden=\"true\">\n\t\t\t\t\t\t\t<video class=\"elementor-background-video-hosted\" autoplay muted playsinline loop><\/video>\n\t\t\t\t\t<\/div>\t\t<\/div>\n\t\t\t\t<div class=\"elementor-element elementor-element-181597b6 color-scheme-inherit text-left elementor-widget elementor-widget-text-editor\" data-id=\"181597b6\" data-element_type=\"widget\" data-widget_type=\"text-editor.default\">\n\t\t\t\t<div class=\"elementor-widget-container\">\n\t\t\t\t\t\t\t\t\t<h3>\ud83d\udc1f\u3010Juguete de Pez con Hierba Gatera\u3011 &#8211; \u00a1Haz que tu compa\u00f1ero peludo se divierta cada d\u00eda!<\/h3>\r\n\u00bfQuieres que tu gato tenga un juguete que combine interacci\u00f3n y diversi\u00f3n? El <strong>\u3010Juguete de Pez con Hierba Gatera\u3011<\/strong> est\u00e1 dise\u00f1ado especialmente para tu gato, estimulando su instinto de caza mientras le proporciona entretenimiento continuo y lo aleja del aburrimiento.\r\n\r\n<hr \/>\r\n\r\n<h3>\u2728 \u00bfPor qu\u00e9 elegirnos?<\/h3>\r\n<h4>\ud83d\udc3e Estimula su instinto de caza<\/h4>\r\nIncluye hierba gatera natural en el interior, que desprende una fragancia irresistible para captar la atenci\u00f3n de tu gato y activar su instinto de caza. \u00a1Diversi\u00f3n garantizada!\r\n<h4>\ud83d\udc3e Dise\u00f1o inteligente con doble atracci\u00f3n<\/h4>\r\nCada pez tiene un cascabel interno que emite un sonido agradable al moverse, estimulando el sentido del o\u00eddo de tu gato. \u00a1Diversi\u00f3n al m\u00e1ximo!\r\n<h4>\ud83d\udc3e Limpieza y salud al mismo tiempo<\/h4>\r\nHecho con tela de peluche resistente a mordiscos, este juguete no solo es duradero, sino que tambi\u00e9n ayuda a limpiar los dientes de tu gato, promoviendo su salud bucal.\r\n<h4>\ud83d\udc3e Protege tus muebles<\/h4>\r\nSustituye el comportamiento de ara\u00f1ar muebles cuando tu gato est\u00e9 aburrido. \u00a1Protege tu hogar de las \u00abgarras del diablo\u00bb!\r\n<h4>\ud83d\udc3e F\u00e1cil de lavar y siempre como nuevo<\/h4>\r\nSe puede lavar suavemente con agua, eliminando bacterias sin generar moho. Los colores vivos no se desvanecen, lo que garantiza seguridad y durabilidad.\r\n\r\n<hr \/>\r\n\r\n<h3>\ud83d\udcd0 Detalles del producto<\/h3>\r\n<h4>Materiales y seguridad<\/h4>\r\n<ul>\r\n \t<li><strong>Material<\/strong>: Algod\u00f3n de peluche y poli\u00e9ster.<\/li>\r\n \t<li><strong>Mascotas recomendadas<\/strong>: Gatos.<\/li>\r\n<\/ul>\r\n<h4>Dimensiones<\/h4>\r\n<ul>\r\n \t<li>Pargo de dos aletas: 20cm x 11cm (22g)<\/li>\r\n \t<li>Pez rayado: 22cm x 6.5cm (22g)<\/li>\r\n \t<li>Pez espada: 24cm x 6cm (28g)<\/li>\r\n \t<li>Pargo tigre: 20cm x 8cm (20g)<\/li>\r\n \t<li>Pez lengua: 24cm x 7cm (28g)<\/li>\r\n<\/ul>\r\n<h4>Modo de uso<\/h4>\r\nColoca el juguete en el \u00e1rea de juego del gato o \u00fasalo para interactuar con \u00e9l. Mueve el cascabel para llamar su atenci\u00f3n.\r\n<h4>Limpieza y mantenimiento<\/h4>\r\nLava suavemente con agua y deja secar al aire.\r\n\r\n<hr \/>\r\n\r\n<h3>\ud83c\udf1f Consejos importantes<\/h3>\r\n<ol>\r\n \t<li><strong>L\u00edmpialo una vez a la semana<\/strong> para mantener la higiene del juguete.<\/li>\r\n \t<li><strong>Supervisa su uso<\/strong> para evitar que el gato ingiera accidentalmente partes peque\u00f1as del juguete.<\/li>\r\n \t<li><strong>Revisa el estado del juguete regularmente<\/strong> y reempl\u00e1zalo si est\u00e1 da\u00f1ado.<\/li>\r\n<\/ol>\t\t\t\t\t\t\t\t<\/div>\n\t\t\t\t<\/div>\n\t\t\t\t\t<\/div>\n\t\t\t\t<\/div>\n\t\t\t\t<\/div>","protected":false},"excerpt":{"rendered":"<p>\ud83d\udc1f\u3010Juguete de Pez con Hierba Gatera\u3011 &#8211; \u00a1Haz que tu compa\u00f1ero peludo se divierta cada d\u00eda!<\/p>\n<p>\u00bfQuieres que tu gato tenga un juguete que combine interacci\u00f3n y diversi\u00f3n? El <strong>\u3010Juguete de Pez con Hierba Gatera\u3011<\/strong> est\u00e1 dise\u00f1ado especialmente para tu gato, estimulando su instinto de caza mientras le proporciona entretenimiento continuo y lo aleja del aburrimiento.<\/p>","protected":false},"featured_media":2734,"comment_status":"open","ping_status":"closed","template":"","meta":{"_acf_changed":false},"product_brand":[],"product_cat":[164],"product_tag":[],"class_list":{"0":"post-2717","1":"product","2":"type-product","3":"status-publish","4":"has-post-thumbnail","6":"product_cat-accesorios-y-juguetes-para-gatos","8":"first","9":"instock","10":"taxable","11":"shipping-taxable","12":"purchasable","13":"product-type-variable"},"acf":[],"_links":{"self":[{"href":"https:\/\/littlepurrs.com\/de\/wp-json\/wp\/v2\/product\/2717","targetHints":{"allow":["GET"]}}],"collection":[{"href":"https:\/\/littlepurrs.com\/de\/wp-json\/wp\/v2\/product"}],"about":[{"href":"https:\/\/littlepurrs.com\/de\/wp-json\/wp\/v2\/types\/product"}],"replies":[{"embeddable":true,"href":"https:\/\/littlepurrs.com\/de\/wp-json\/wp\/v2\/comments?post=2717"}],"version-history":[{"count":5,"href":"https:\/\/littlepurrs.com\/de\/wp-json\/wp\/v2\/product\/2717\/revisions"}],"predecessor-version":[{"id":2841,"href":"https:\/\/littlepurrs.com\/de\/wp-json\/wp\/v2\/product\/2717\/revisions\/2841"}],"wp:featuredmedia":[{"embeddable":true,"href":"https:\/\/littlepurrs.com\/de\/wp-json\/wp\/v2\/media\/2734"}],"wp:attachment":[{"href":"https:\/\/littlepurrs.com\/de\/wp-json\/wp\/v2\/media?parent=2717"}],"wp:term":[{"taxonomy":"product_brand","embeddable":true,"href":"https:\/\/littlepurrs.com\/de\/wp-json\/wp\/v2\/product_brand?post=2717"},{"taxonomy":"product_cat","embeddable":true,"href":"https:\/\/littlepurrs.com\/de\/wp-json\/wp\/v2\/product_cat?post=2717"},{"taxonomy":"product_tag","embeddable":true,"href":"https:\/\/littlepurrs.com\/de\/wp-json\/wp\/v2\/product_tag?post=2717"}],"curies":[{"name":"wp","href":"https:\/\/api.w.org\/{rel}","templated":true}]}}