{"id":2277,"date":"2024-11-19T12:22:49","date_gmt":"2024-11-19T11:22:49","guid":{"rendered":"https:\/\/littlepurrs.com\/?post_type=product&#038;p=2277"},"modified":"2024-12-04T17:18:23","modified_gmt":"2024-12-04T16:18:23","slug":"bolsa-bandolera-para-paseos","status":"publish","type":"product","link":"https:\/\/littlepurrs.com\/de\/tienda\/bolsa-bandolera-para-paseos\/","title":{"rendered":"Bolsa Bandolera para Paseos"},"content":{"rendered":"<div data-elementor-type=\"product-post\" data-elementor-id=\"2277\" class=\"elementor elementor-2277\" data-elementor-post-type=\"product\">\n\t\t\t\t<div class=\"wd-negative-gap elementor-element elementor-element-35249bd1 e-flex e-con-boxed e-con e-parent\" data-id=\"35249bd1\" data-element_type=\"container\">\n\t\t\t\t\t<div class=\"e-con-inner\">\n\t\t<div class=\"elementor-element elementor-element-896432c e-con-full e-flex e-con e-child\" data-id=\"896432c\" data-element_type=\"container\" data-settings=\"{&quot;background_background&quot;:&quot;video&quot;,&quot;background_video_link&quot;:&quot;https:\\\/\\\/littlepurrs.com\\\/wp-content\\\/uploads\\\/2024\\\/11\\\/bolsa-bandolera-para-paseos2.mp4&quot;,&quot;background_play_on_mobile&quot;:&quot;yes&quot;}\">\n\t\t<div class=\"elementor-background-video-container\" aria-hidden=\"true\">\n\t\t\t\t\t\t\t<video class=\"elementor-background-video-hosted\" autoplay muted playsinline loop><\/video>\n\t\t\t\t\t<\/div>\t\t<\/div>\n\t\t\t\t<div class=\"elementor-element elementor-element-6f3b43dc color-scheme-inherit text-left elementor-widget elementor-widget-text-editor\" data-id=\"6f3b43dc\" data-element_type=\"widget\" data-widget_type=\"text-editor.default\">\n\t\t\t\t<div class=\"elementor-widget-container\">\n\t\t\t\t\t\t\t\t\t<h3 data-pm-slice=\"1 3 []\">\ud83d\udc3e <strong>Bolsa Bandolera para Paseos &#8211; \u00a1Haz que cada salida con tu peludo sea m\u00e1s divertida y c\u00f3moda!<\/strong><\/h3><p>\u00bfQuieres llevar a tu compa\u00f1ero peludo a disfrutar del mundo sin preocuparte por d\u00f3nde guardar tus cosas? La Bolsa Bandolera para Paseos es el asistente perfecto para ti y tu peludo, haciendo que cada salida sea m\u00e1s relajada y emocionante.<\/p><h3>\u2728 <strong>\u00bfPor qu\u00e9 elegirnos?<\/strong><\/h3><p>\ud83d\udc5c <strong>Gran apertura, f\u00e1cil de guardar<\/strong> El dise\u00f1o de apertura amplia te permite meter f\u00e1cilmente golosinas, juguetes e incluso el m\u00f3vil. Disfruta de los paseos sin preocupaciones y ten siempre a mano lo que necesitas.<\/p><p>\ud83c\udf88 <strong>Correa ajustable, estilo libre<\/strong> La correa ajustable de 39 cm a 74 cm se adapta a ti, ya sea cruzada o al hombro. \u00a1Lleva a tu peludo con estilo y comodidad, como m\u00e1s te guste!<\/p><p>\ud83d\udc9a <strong>Bolsillo frontal, acceso r\u00e1pido<\/strong> El dise\u00f1o \u00fanico del bolsillo frontal facilita la extracci\u00f3n de las bolsas para recoger desechos. Nunca m\u00e1s perder\u00e1s tiempo buscando una bolsa, resolviendo esos peque\u00f1os inconvenientes durante los paseos y manteniendo siempre la elegancia.<\/p><p>\ud83c\udf27\ufe0f <strong>Material de nylon, f\u00e1cil de limpiar y resistente a manchas<\/strong> Fabricada con material de nylon duradero, la bolsa es impermeable y resistente a las manchas: \u00a1solo necesitas un pa\u00f1o para dejarla como nueva! No importa si llueve o si tu peludo juega en el barro, siempre estar\u00e1 lista para salir.<\/p><p>\u00a0<\/p><h3>\ud83d\udd0d <strong>Detalles del producto<\/strong><\/h3><p><strong>Material y seguridad<\/strong>: Nylon de alta calidad, seguro y sin olores, con superficie impermeable y f\u00e1cil de limpiar.<\/p><p><strong>Especificaciones<\/strong>:<\/p><ul data-spread=\"false\"><li>Tama\u00f1o: F<\/li><li>Dimensiones: 12\u00d719 cm<\/li><li>Longitud ajustable de la correa: 35-74 cm<\/li><li>Peso del producto: 45 g<\/li><\/ul><p><strong>Modo de uso<\/strong>: Se puede llevar al hombro, cruzada o colgada al cuello, ideal para cualquier ocasi\u00f3n y para disfrutar siempre de la compa\u00f1\u00eda de tu peludo.<\/p><p><strong>Limpieza y cuidado<\/strong>: Limpiar con un pa\u00f1o h\u00famedo y mantener seco para asegurar una larga durabilidad.<\/p><h3>\ud83d\udc95 <strong>Consejos \u00fatiles<\/strong><\/h3><ul data-spread=\"false\"><li>Lleva siempre suficiente agua y golosinas para tu peludo durante los paseos.<\/li><li>Ajusta la correa a la longitud m\u00e1s c\u00f3moda para ti y tu peludo.<\/li><li>Limpia la bolsa regularmente para mantenerla en buen estado y asegurar la higiene de los art\u00edculos de tu mascota.<\/li><\/ul>\t\t\t\t\t\t\t\t<\/div>\n\t\t\t\t<\/div>\n\t\t\t\t\t<\/div>\n\t\t\t\t<\/div>\n\t\t\t\t<\/div>","protected":false},"excerpt":{"rendered":"<p data-pm-slice=\"1 1 []\">\ud83d\udc3e <strong>Bolsa Bandolera para Paseos &#8211; \u00a1La mejor compa\u00f1\u00eda para tus aventuras con tu peludo!<\/strong><\/p>\n<p>\u00bfBuscas comodidad y estilo mientras disfrutas de un paseo con tu peludo? La Bolsa Bandolera para Paseos est\u00e1 dise\u00f1ada para hacer que cada salida sea pr\u00e1ctica y divertida, manteniendo todas tus cosas esenciales al alcance de la mano.<\/p>","protected":false},"featured_media":2278,"comment_status":"open","ping_status":"closed","template":"","meta":{"_acf_changed":false},"product_brand":[],"product_cat":[82,127,106],"product_tag":[],"class_list":{"0":"post-2277","1":"product","2":"type-product","3":"status-publish","4":"has-post-thumbnail","6":"product_cat-bolsas-y-mochilas-de-transporte-perros","7":"product_cat-bolsas-y-mochilas-de-transporte","8":"product_cat-bolsas-y-mochilas-de-transporte-gatos","10":"first","11":"instock","12":"taxable","13":"shipping-taxable","14":"purchasable","15":"product-type-simple"},"acf":[],"_links":{"self":[{"href":"https:\/\/littlepurrs.com\/de\/wp-json\/wp\/v2\/product\/2277","targetHints":{"allow":["GET"]}}],"collection":[{"href":"https:\/\/littlepurrs.com\/de\/wp-json\/wp\/v2\/product"}],"about":[{"href":"https:\/\/littlepurrs.com\/de\/wp-json\/wp\/v2\/types\/product"}],"replies":[{"embeddable":true,"href":"https:\/\/littlepurrs.com\/de\/wp-json\/wp\/v2\/comments?post=2277"}],"version-history":[{"count":7,"href":"https:\/\/littlepurrs.com\/de\/wp-json\/wp\/v2\/product\/2277\/revisions"}],"predecessor-version":[{"id":2297,"href":"https:\/\/littlepurrs.com\/de\/wp-json\/wp\/v2\/product\/2277\/revisions\/2297"}],"wp:featuredmedia":[{"embeddable":true,"href":"https:\/\/littlepurrs.com\/de\/wp-json\/wp\/v2\/media\/2278"}],"wp:attachment":[{"href":"https:\/\/littlepurrs.com\/de\/wp-json\/wp\/v2\/media?parent=2277"}],"wp:term":[{"taxonomy":"product_brand","embeddable":true,"href":"https:\/\/littlepurrs.com\/de\/wp-json\/wp\/v2\/product_brand?post=2277"},{"taxonomy":"product_cat","embeddable":true,"href":"https:\/\/littlepurrs.com\/de\/wp-json\/wp\/v2\/product_cat?post=2277"},{"taxonomy":"product_tag","embeddable":true,"href":"https:\/\/littlepurrs.com\/de\/wp-json\/wp\/v2\/product_tag?post=2277"}],"curies":[{"name":"wp","href":"https:\/\/api.w.org\/{rel}","templated":true}]}}