{"id":2249,"date":"2024-11-15T17:36:22","date_gmt":"2024-11-15T16:36:22","guid":{"rendered":"https:\/\/littlepurrs.com\/?post_type=product&#038;p=2249"},"modified":"2024-11-22T18:07:56","modified_gmt":"2024-11-22T17:07:56","slug":"bolsa-de-golosinas-para-perros","status":"publish","type":"product","link":"https:\/\/littlepurrs.com\/de\/tienda\/bolsa-de-golosinas-para-perros\/","title":{"rendered":"Bolsa de Golosinas para Perros"},"content":{"rendered":"<div data-elementor-type=\"product-post\" data-elementor-id=\"2249\" class=\"elementor elementor-2249\" data-elementor-post-type=\"product\">\n\t\t\t\t<div class=\"wd-negative-gap elementor-element elementor-element-d6e4306 e-flex e-con-boxed e-con e-parent\" data-id=\"d6e4306\" data-element_type=\"container\">\n\t\t\t\t\t<div class=\"e-con-inner\">\n\t\t<div class=\"elementor-element elementor-element-266cc0d e-con-full e-flex e-con e-child\" data-id=\"266cc0d\" data-element_type=\"container\" data-settings=\"{&quot;background_background&quot;:&quot;video&quot;,&quot;background_video_link&quot;:&quot;https:\\\/\\\/littlepurrs.com\\\/wp-content\\\/uploads\\\/2024\\\/11\\\/bolsa-de-golosinas-para-perros2.mp4&quot;,&quot;background_play_on_mobile&quot;:&quot;yes&quot;}\">\n\t\t<div class=\"elementor-background-video-container\" aria-hidden=\"true\">\n\t\t\t\t\t\t\t<video class=\"elementor-background-video-hosted\" autoplay muted playsinline loop><\/video>\n\t\t\t\t\t<\/div>\t\t<\/div>\n\t\t\t\t<div class=\"elementor-element elementor-element-5b1dec6d color-scheme-inherit text-left elementor-widget elementor-widget-text-editor\" data-id=\"5b1dec6d\" data-element_type=\"widget\" data-widget_type=\"text-editor.default\">\n\t\t\t\t<div class=\"elementor-widget-container\">\n\t\t\t\t\t\t\t\t\t<h3 data-pm-slice=\"1 1 []\">\ud83d\udc3e <strong>Bolsa de Golosinas para Perros &#8211; \u00a1Haz que tu tiempo al aire libre con tu perro sea m\u00e1s relajado y divertido!<\/strong><\/h3><p>\u00bfQuieres que las actividades al aire libre con tu perro sean m\u00e1s convenientes y llenas de diversi\u00f3n? La Bolsa de Golosinas para Perros te ofrece una soluci\u00f3n pensada para ti, ayud\u00e1ndote a liberar las manos y gestionar f\u00e1cilmente las golosinas y las bolsas para recoger desechos.<\/p><h3>\u2728 <strong>\u00bfPor qu\u00e9 elegirnos?<\/strong><\/h3><p>\ud83c\udfde\ufe0f <strong>Nueva postura para entrenar perros al aire libre<\/strong><\/p><p>Una bolsa de entrenamiento dise\u00f1ada cuidadosamente, perfecta para utilizar mientras entrenas a tu perro al aire libre. Engancha la bolsa a tu cintur\u00f3n o aj\u00fastala a la cintura para tener siempre listas las golosinas y hacer el entrenamiento m\u00e1s eficiente.<\/p><p>\ud83d\udecd\ufe0f <strong>M\u00faltiples formas de uso, f\u00e1cil de combinar<\/strong><\/p><p>Con la correa ajustable, puedes llevarla de diferentes formas: en la cintura, cruzada al hombro, colgada en el bolsillo o enganchada al cintur\u00f3n. Se adapta libremente a tu estilo y preferencias sin limitaciones.<\/p><p>\ud83e\uddf2 <strong>Amplia abertura magn\u00e9tica, acceso f\u00e1cil a las golosinas<\/strong><\/p><p>Dise\u00f1o con cierre magn\u00e9tico para que puedas abrir y cerrar r\u00e1pidamente la bolsa sin complicaciones, garantizando un acceso f\u00e1cil a las golosinas y evitando que se derramen accidentalmente durante su uso.<\/p><p>\ud83d\uddc2\ufe0f <strong>Dise\u00f1o frontal con bolsillos pr\u00e1cticos<\/strong><\/p><p>La parte frontal cuenta con un bolsillo dedicado para guardar bolsas de desechos, llaves o monedas. El dise\u00f1o con compartimentos facilita la organizaci\u00f3n y asegura que los art\u00edculos est\u00e9n en su lugar.<\/p><p>\ud83c\udf27\ufe0f <strong>Material impermeable, duradero y f\u00e1cil de limpiar<\/strong><\/p><p>La bolsa est\u00e1 hecha de material de nylon con propiedades impermeables y antimanchas, lo que protege contra la lluvia y el sudor, prolongando su vida \u00fatil y haciendo que sea f\u00e1cil de limpiar incluso cuando est\u00e9s ocupado.<\/p><h3>\u2728 <strong>Detalles del producto<\/strong><\/h3><ul data-spread=\"false\"><li><strong>Nombre del producto<\/strong>: Bolsa de Golosinas para Perros<\/li><li><strong>Material<\/strong>: Nylon<\/li><li><strong>Colores disponibles<\/strong>: Marr\u00f3n Leche, Verde Oliva, Gris Trigo<\/li><li><strong>Tama\u00f1o<\/strong>: 16 \u00d7 15 \u00d7 7 cm, peso aproximado de 114 g<\/li><li><strong>Apto para<\/strong>: Uso con perros<\/li><\/ul><h3>\ud83d\udc95 <strong>Consejos \u00fatiles<\/strong><\/h3><ul data-spread=\"false\"><li>Ideal para entrenamientos, la bolsa se puede enganchar a cinturones o correas para liberar las manos y recompensar a tu perro en cualquier momento.<\/li><li>El revestimiento interior se puede voltear hacia afuera para facilitar la limpieza, evitando la humedad y manteniendo las golosinas secas.<\/li><\/ul><p>Haz de la Bolsa de Golosinas para Perros tu compa\u00f1era ideal para salir con tu perro, aumentando la diversi\u00f3n y haciendo que cada sesi\u00f3n de entrenamiento o paseo sea m\u00e1s sencilla y placentera.<\/p>\t\t\t\t\t\t\t\t<\/div>\n\t\t\t\t<\/div>\n\t\t\t\t\t<\/div>\n\t\t\t\t<\/div>\n\t\t\t\t<\/div>","protected":false},"excerpt":{"rendered":"<p data-pm-slice=\"1 1 []\">La <strong>Bolsa de Golosinas para Perros<\/strong> est\u00e1 dise\u00f1ada para que disfrutes de cada momento al aire libre con tu mascota de manera c\u00f3moda y sin complicaciones. \u00a1Lleva las golosinas y accesorios siempre a mano y mant\u00e9n tus manos libres para jugar y entrenar!<\/p>","protected":false},"featured_media":2259,"comment_status":"open","ping_status":"closed","template":"","meta":{"_acf_changed":false},"product_brand":[],"product_cat":[82],"product_tag":[],"class_list":{"0":"post-2249","1":"product","2":"type-product","3":"status-publish","4":"has-post-thumbnail","6":"product_cat-bolsas-y-mochilas-de-transporte-perros","8":"first","9":"instock","10":"taxable","11":"shipping-taxable","12":"purchasable","13":"product-type-variable"},"acf":[],"_links":{"self":[{"href":"https:\/\/littlepurrs.com\/de\/wp-json\/wp\/v2\/product\/2249","targetHints":{"allow":["GET"]}}],"collection":[{"href":"https:\/\/littlepurrs.com\/de\/wp-json\/wp\/v2\/product"}],"about":[{"href":"https:\/\/littlepurrs.com\/de\/wp-json\/wp\/v2\/types\/product"}],"replies":[{"embeddable":true,"href":"https:\/\/littlepurrs.com\/de\/wp-json\/wp\/v2\/comments?post=2249"}],"version-history":[{"count":4,"href":"https:\/\/littlepurrs.com\/de\/wp-json\/wp\/v2\/product\/2249\/revisions"}],"predecessor-version":[{"id":2276,"href":"https:\/\/littlepurrs.com\/de\/wp-json\/wp\/v2\/product\/2249\/revisions\/2276"}],"wp:featuredmedia":[{"embeddable":true,"href":"https:\/\/littlepurrs.com\/de\/wp-json\/wp\/v2\/media\/2259"}],"wp:attachment":[{"href":"https:\/\/littlepurrs.com\/de\/wp-json\/wp\/v2\/media?parent=2249"}],"wp:term":[{"taxonomy":"product_brand","embeddable":true,"href":"https:\/\/littlepurrs.com\/de\/wp-json\/wp\/v2\/product_brand?post=2249"},{"taxonomy":"product_cat","embeddable":true,"href":"https:\/\/littlepurrs.com\/de\/wp-json\/wp\/v2\/product_cat?post=2249"},{"taxonomy":"product_tag","embeddable":true,"href":"https:\/\/littlepurrs.com\/de\/wp-json\/wp\/v2\/product_tag?post=2249"}],"curies":[{"name":"wp","href":"https:\/\/api.w.org\/{rel}","templated":true}]}}