{"id":2194,"date":"2024-11-15T16:16:03","date_gmt":"2024-11-15T15:16:03","guid":{"rendered":"https:\/\/littlepurrs.com\/?post_type=product&#038;p=2194"},"modified":"2024-12-04T17:18:23","modified_gmt":"2024-12-04T16:18:23","slug":"bolso-tote-para-mascotas-de-hombro","status":"publish","type":"product","link":"https:\/\/littlepurrs.com\/de\/tienda\/bolso-tote-para-mascotas-de-hombro\/","title":{"rendered":"Bolso Tote para Mascotas de Hombro"},"content":{"rendered":"<div data-elementor-type=\"product-post\" data-elementor-id=\"2194\" class=\"elementor elementor-2194\" data-elementor-post-type=\"product\">\n\t\t\t\t<div class=\"wd-negative-gap elementor-element elementor-element-24820aaf e-flex e-con-boxed e-con e-parent\" data-id=\"24820aaf\" data-element_type=\"container\">\n\t\t\t\t\t<div class=\"e-con-inner\">\n\t\t<div class=\"elementor-element elementor-element-d937064 e-con-full e-flex e-con e-child\" data-id=\"d937064\" data-element_type=\"container\" data-settings=\"{&quot;background_background&quot;:&quot;video&quot;,&quot;background_video_link&quot;:&quot;https:\\\/\\\/littlepurrs.com\\\/wp-content\\\/uploads\\\/2024\\\/11\\\/bolso-tote-para-mascotas-de-hombro2.mp4&quot;,&quot;background_play_on_mobile&quot;:&quot;yes&quot;}\">\n\t\t<div class=\"elementor-background-video-container\" aria-hidden=\"true\">\n\t\t\t\t\t\t\t<video class=\"elementor-background-video-hosted\" autoplay muted playsinline loop><\/video>\n\t\t\t\t\t<\/div>\t\t<\/div>\n\t\t\t\t<div class=\"elementor-element elementor-element-1d726d36 color-scheme-inherit text-left elementor-widget elementor-widget-text-editor\" data-id=\"1d726d36\" data-element_type=\"widget\" data-widget_type=\"text-editor.default\">\n\t\t\t\t<div class=\"elementor-widget-container\">\n\t\t\t\t\t\t\t\t\t<h3 data-pm-slice=\"1 1 []\">\ud83d\udc3e <strong>Bolso Tote para Mascotas de Hombro<\/strong> &#8211; \u00a1Haz que viajar con tu peludito sea m\u00e1s f\u00e1cil y divertido!<\/h3><p>\u00bfQuieres llevar a tu peque\u00f1o compa\u00f1ero a explorar el mundo, pero te preocupa que se sienta inc\u00f3modo en ambientes desconocidos? El Bolso Tote para Mascotas de Hombro est\u00e1 dise\u00f1ado especialmente para ti y tu peludito, creando un nido m\u00f3vil acogedor que ofrece una experiencia de viaje segura y c\u00f3moda. \u00a1Cada aventura estar\u00e1 llena de amor y diversi\u00f3n!<\/p><h3>\u2728 <strong>\u00bfPor qu\u00e9 elegirnos?<\/strong><\/h3><p>\ud83c\udfe0 <strong>Espacio s\u00faper c\u00f3modo<\/strong> Creado cuidadosamente para ofrecer un espacio amplio en el que tu peludito pueda moverse, ponerse de pie o acostarse libremente, como si estuviera en casa. Ya sea para un paseo corto o un viaje largo, siempre se sentir\u00e1 c\u00f3modo y seguro.<\/p><p>\ud83c\udf2c\ufe0f <strong>Dise\u00f1o transpirable<\/strong> La malla y la gran abertura proporcionan una excelente ventilaci\u00f3n, manteniendo a tu peludito fresco y c\u00f3modo durante todo el viaje. Cada bocanada de aire ser\u00e1 natural y refrescante, evitando el calor.<\/p><p>\ud83d\ude97 <strong>Fijaci\u00f3n segura en el coche<\/strong> El dise\u00f1o con correas permite asegurar el bolso al asiento del autom\u00f3vil, manteniendo seguro a tu peludito. Ya sea un trayecto corto o un viaje largo, tu peque\u00f1o estar\u00e1 protegido y t\u00fa tendr\u00e1s m\u00e1s tranquilidad.<\/p><p>\ud83d\udc5c <strong>Ligero y f\u00e1cil de llevar<\/strong> Con solo 1030 g de peso, este bolso tiene un dise\u00f1o ligero que elimina la carga innecesaria. Ll\u00e9valo en la mano o al hombro, y disfruta de la libertad de moverte con facilidad junto a tu peludito.<\/p><p>\ud83c\udf92 <strong>Bolsillos multifuncionales<\/strong> Los bolsillos frontales y traseros te permiten guardar snacks, juguetes de tu peludito o tus objetos personales. Salir de casa ser\u00e1 mucho m\u00e1s organizado y pr\u00e1ctico.<\/p><h3>\ud83d\udc3e <strong>Detalles del producto<\/strong><\/h3><ul data-spread=\"true\"><li><strong>Materiales y seguridad<\/strong><br \/><ul data-spread=\"false\"><li>Material de nylon resistente y duradero, anti-desgarros.<\/li><li>Malla de alta densidad, transpirable, resistente a insectos y mordeduras.<\/li><\/ul><\/li><li><strong>Peso recomendado<\/strong>: Mascotas de hasta 9 kg<\/li><li><strong>Modo de uso<\/strong><br \/><ul data-spread=\"false\"><li>Se puede llevar al hombro o en la mano, pr\u00e1ctico y vers\u00e1til.<\/li><li>Compatible para fijarse en el coche, aumentando la seguridad en los viajes.<\/li><\/ul><\/li><li><strong>Limpieza y cuidado<\/strong><br \/><ul data-spread=\"false\"><li>Se recomienda lavar a mano. No lavar a m\u00e1quina, blanquear ni planchar.<\/li><li>Lavar suavemente y dejar secar al aire para mantener la higiene.<\/li><\/ul><\/li><\/ul><h3>\ud83c\udf1f <strong>Consejos cari\u00f1osos<\/strong><\/h3><ul data-spread=\"false\"><li>Evita el contacto del bolso con objetos afilados para prevenir rasgu\u00f1os.<\/li><li>Recorta regularmente las u\u00f1as de tu peludito para evitar que rompa la malla y afecte la est\u00e9tica.<\/li><li>Si el bolso tiene un ligero olor, d\u00e9jalo abierto para ventilar durante algunos d\u00edas y el olor desaparecer\u00e1 naturalmente.<\/li><\/ul><p>\u00a1Haz del Bolso Tote para Mascotas de Hombro el compa\u00f1ero perfecto para explorar el mundo con tu peludito y disfruta de cada momento juntos!<\/p>\t\t\t\t\t\t\t\t<\/div>\n\t\t\t\t<\/div>\n\t\t\t\t\t<\/div>\n\t\t\t\t<\/div>\n\t\t\t\t<\/div>","protected":false},"excerpt":{"rendered":"<p data-pm-slice=\"1 1 []\"><strong>Bolso Tote para Mascotas de Hombro<\/strong> &#8211; Dise\u00f1ado para hacer cada viaje con tu peludito m\u00e1s c\u00f3modo y divertido. Con espacio amplio y un dise\u00f1o transpirable, este bolso garantiza comodidad y seguridad en todas tus aventuras, ya sea paseando por la ciudad o viajando en coche. \u00a1Lleva contigo a tu peque\u00f1o compa\u00f1ero sin preocupaciones!<\/p>","protected":false},"featured_media":2212,"comment_status":"open","ping_status":"closed","template":"","meta":{"_acf_changed":false},"product_brand":[],"product_cat":[82,127,106],"product_tag":[],"class_list":{"0":"post-2194","1":"product","2":"type-product","3":"status-publish","4":"has-post-thumbnail","6":"product_cat-bolsas-y-mochilas-de-transporte-perros","7":"product_cat-bolsas-y-mochilas-de-transporte","8":"product_cat-bolsas-y-mochilas-de-transporte-gatos","10":"first","11":"instock","12":"taxable","13":"shipping-taxable","14":"purchasable","15":"product-type-variable"},"acf":[],"_links":{"self":[{"href":"https:\/\/littlepurrs.com\/de\/wp-json\/wp\/v2\/product\/2194","targetHints":{"allow":["GET"]}}],"collection":[{"href":"https:\/\/littlepurrs.com\/de\/wp-json\/wp\/v2\/product"}],"about":[{"href":"https:\/\/littlepurrs.com\/de\/wp-json\/wp\/v2\/types\/product"}],"replies":[{"embeddable":true,"href":"https:\/\/littlepurrs.com\/de\/wp-json\/wp\/v2\/comments?post=2194"}],"version-history":[{"count":5,"href":"https:\/\/littlepurrs.com\/de\/wp-json\/wp\/v2\/product\/2194\/revisions"}],"predecessor-version":[{"id":2219,"href":"https:\/\/littlepurrs.com\/de\/wp-json\/wp\/v2\/product\/2194\/revisions\/2219"}],"wp:featuredmedia":[{"embeddable":true,"href":"https:\/\/littlepurrs.com\/de\/wp-json\/wp\/v2\/media\/2212"}],"wp:attachment":[{"href":"https:\/\/littlepurrs.com\/de\/wp-json\/wp\/v2\/media?parent=2194"}],"wp:term":[{"taxonomy":"product_brand","embeddable":true,"href":"https:\/\/littlepurrs.com\/de\/wp-json\/wp\/v2\/product_brand?post=2194"},{"taxonomy":"product_cat","embeddable":true,"href":"https:\/\/littlepurrs.com\/de\/wp-json\/wp\/v2\/product_cat?post=2194"},{"taxonomy":"product_tag","embeddable":true,"href":"https:\/\/littlepurrs.com\/de\/wp-json\/wp\/v2\/product_tag?post=2194"}],"curies":[{"name":"wp","href":"https:\/\/api.w.org\/{rel}","templated":true}]}}