{"id":2149,"date":"2024-11-15T12:59:31","date_gmt":"2024-11-15T11:59:31","guid":{"rendered":"https:\/\/littlepurrs.com\/?post_type=product&#038;p=2149"},"modified":"2024-12-04T17:18:23","modified_gmt":"2024-12-04T16:18:23","slug":"bolsa-de-viaje-para-mascotas-en-avion-estilo-tote","status":"publish","type":"product","link":"https:\/\/littlepurrs.com\/de\/tienda\/bolsa-de-viaje-para-mascotas-en-avion-estilo-tote\/","title":{"rendered":"Bolsa de Viaje para Mascotas en Avi\u00f3n Estilo Tote"},"content":{"rendered":"<div data-elementor-type=\"product-post\" data-elementor-id=\"2149\" class=\"elementor elementor-2149\" data-elementor-post-type=\"product\">\n\t\t\t\t<div class=\"wd-negative-gap elementor-element elementor-element-74b03a0 e-flex e-con-boxed e-con e-parent\" data-id=\"74b03a0\" data-element_type=\"container\">\n\t\t\t\t\t<div class=\"e-con-inner\">\n\t\t<div class=\"elementor-element elementor-element-77f9a68 e-con-full e-flex e-con e-child\" data-id=\"77f9a68\" data-element_type=\"container\" data-settings=\"{&quot;background_background&quot;:&quot;video&quot;,&quot;background_video_link&quot;:&quot;https:\\\/\\\/littlepurrs.com\\\/wp-content\\\/uploads\\\/2024\\\/11\\\/bolsa-de-viaje-para-mascotas-en-avion-estilo-tote2.mp4&quot;,&quot;background_play_on_mobile&quot;:&quot;yes&quot;}\">\n\t\t<div class=\"elementor-background-video-container\" aria-hidden=\"true\">\n\t\t\t\t\t\t\t<video class=\"elementor-background-video-hosted\" autoplay muted playsinline loop><\/video>\n\t\t\t\t\t<\/div>\t\t<\/div>\n\t\t\t\t<div class=\"elementor-element elementor-element-534e84ed color-scheme-inherit text-left elementor-widget elementor-widget-text-editor\" data-id=\"534e84ed\" data-element_type=\"widget\" data-widget_type=\"text-editor.default\">\n\t\t\t\t<div class=\"elementor-widget-container\">\n\t\t\t\t\t\t\t\t\t<h3 data-pm-slice=\"1 1 []\"><strong>\u2708\ufe0f Bolsa de Viaje para Mascotas en Avi\u00f3n Estilo Tote: Viaja F\u00e1cilmente con tu Peludo Compa\u00f1ero<\/strong><\/h3><p>\u00bfQuieres explorar el mundo con tu peludo compa\u00f1ero, pero te preocupan los inconvenientes del viaje? La Bolsa de Viaje para Mascotas en Avi\u00f3n est\u00e1 dise\u00f1ada especialmente para tus adoradas mascotas, ya sea en coche o en avi\u00f3n, para que t\u00fa y tu peque\u00f1o amigo puedan viajar c\u00f3modamente y sin preocupaciones.<\/p><h3>\ud83d\udc3e <strong>\u00bfPor qu\u00e9 elegir nuestra Bolsa de Viaje para Mascotas?<\/strong><\/h3><p><strong>\ud83d\ude97 Ideal para Asientos de Coche, Estable y Segura<\/strong><\/p><p>Fija la bolsa de viaje de forma segura al asiento del coche con la correa de hombro. As\u00ed, tu peludo amigo estar\u00e1 siempre estable y tranquilo durante el viaje en coche, evitando riesgos de seguridad por movimientos inesperados.<\/p><p><strong>\ud83e\uddf3 Bolsillo Trasero para Maletas con Ruedas<\/strong><\/p><p>El dise\u00f1o posterior permite colocar la bolsa directamente en el asa de maletas de 24-28 pulgadas, transform\u00e1ndola en un \u00abcastillo m\u00f3vil\u00bb para tu mascota y facilitando la carga durante el viaje. \u00a1M\u00e1s comodidad para ti y confort para tu peludo!<\/p><p><strong>\ud83d\udeaa Doble Puerta Grande para Mayor Libertad<\/strong><\/p><p>La bolsa cuenta con grandes aberturas con cremallera tanto en la parte superior como en los laterales, permitiendo a tu mascota entrar y salir con libertad. El dise\u00f1o con ventilaci\u00f3n permite a tu peludo explorar sin sentirse atrapado.<\/p><p><strong>\ud83d\udce6 Dise\u00f1o Plegable, Almacenamiento sin Complicaciones<\/strong><\/p><p>Una vez plegada, la bolsa tiene solo 6 cm de grosor. Gracias al dise\u00f1o de cremalleras en ambos lados, se pliega f\u00e1cilmente para ahorrar hasta un 66% de espacio. Ideal para guardar sin ocupar demasiado, ya sea en casa o de viaje.<\/p><p><strong>\ud83d\udecf\ufe0f Base Estable con Amortiguaci\u00f3n<\/strong><\/p><p>La estructura de paneles compuestos proporciona un soporte firme, evitando incomodidades causadas por movimientos bruscos del veh\u00edculo y garantizando la comodidad de tu mascota en su interior.<\/p><p><strong>\ud83c\udf2c\ufe0f Amplio Espacio Ventilado, para Mascotas de Hasta 7kg<\/strong><\/p><p>La talla F es adecuada para mascotas de hasta 6 kg, la talla F+ es adecuada para mascotas de hasta 7 kg, con un amplio espacio interno para moverse c\u00f3modamente. Las ventanas de malla aseguran una buena ventilaci\u00f3n para que tu amigo respire aire fresco durante todo el trayecto.<\/p><p><strong>\ud83d\udd12 Dise\u00f1o Antiescape, Mayor Seguridad<\/strong><\/p><p>Incluye un clip de seguridad antiescape que se conecta al collar de tu mascota, evitando que salga inesperadamente del bolso y garantizando la tranquilidad durante el viaje.<\/p><p><strong>\ud83d\udc5c Detalles Pr\u00e1cticos y Dise\u00f1o Cuidadoso<\/strong><\/p><p>La bolsa tiene dos amplios bolsillos laterales para almacenar snacks, juguetes y otros objetos esenciales, perfectos para tener todo a mano en los viajes. Adem\u00e1s, el material exterior de nylon impermeable es f\u00e1cil de limpiar, repele el agua y no acumula pelo.<\/p><h3>\ud83d\udca1 <strong>Consejos Pr\u00e1cticos<\/strong><\/h3><ul data-spread=\"false\"><li><strong>Limpieza y Cuidado<\/strong>: La bolsa se puede lavar a mano con un detergente suave. No se puede lavar a m\u00e1quina, blanquear ni planchar. Despu\u00e9s de limpiar, d\u00e9jala secar al aire en un lugar bien ventilado.<\/li><li><strong>Evitar Desgastes<\/strong>: Mant\u00e9n la bolsa alejada de objetos puntiagudos para evitar roturas. Recorta peri\u00f3dicamente las u\u00f1as de tu mascota para evitar da\u00f1os en la malla de ventilaci\u00f3n.<\/li><li><strong>Primera Utilizaci\u00f3n<\/strong>: Puede haber un leve olor en la bolsa nueva, lo cual es normal. Te recomendamos ventilarla durante unos d\u00edas antes de usarla para eliminar cualquier olor.<\/li><\/ul><h3>\u2708\ufe0f <strong>Se puede colocar bajo el asiento del avi\u00f3n<\/strong><\/h3><p>Nota: La bolsa de viaje cumple con el tama\u00f1o requerido por la mayor\u00eda de las aerol\u00edneas para bolsos de mascotas, pero cada aerol\u00ednea tiene diferentes regulaciones sobre mascotas a bordo. \u00a1Consulta con la aerol\u00ednea antes de viajar!<\/p><p>Ya sea para salidas diarias o largos viajes, la Bolsa de Viaje para Mascotas en Avi\u00f3n ser\u00e1 la mejor compa\u00f1\u00eda para ti y tu peludo amigo. \u00a1Haz que cada viaje sea f\u00e1cil y divertido mientras exploras el mundo junto a tu mascota!<\/p>\t\t\t\t\t\t\t\t<\/div>\n\t\t\t\t<\/div>\n\t\t\t\t\t<\/div>\n\t\t\t\t<\/div>\n\t\t\t\t<\/div>","protected":false},"excerpt":{"rendered":"<p data-pm-slice=\"1 1 []\">La <strong>Bolsa de Viaje para Mascotas en Avi\u00f3n Estilo Tote<\/strong> es ligera, ventilada y perfecta para usar tanto en coche como en avi\u00f3n. Lleva a tu mascota a todas tus aventuras con la comodidad y seguridad que merece. Dise\u00f1ada para mascotas de hasta 7 kg, es plegable y f\u00e1cil de almacenar. Con su base estable y un dise\u00f1o antiescape, tu compa\u00f1ero peludo siempre viajar\u00e1 c\u00f3modo y seguro.<\/p>","protected":false},"featured_media":2160,"comment_status":"open","ping_status":"closed","template":"","meta":{"_acf_changed":false},"product_brand":[],"product_cat":[82,127,106],"product_tag":[],"class_list":{"0":"post-2149","1":"product","2":"type-product","3":"status-publish","4":"has-post-thumbnail","6":"product_cat-bolsas-y-mochilas-de-transporte-perros","7":"product_cat-bolsas-y-mochilas-de-transporte","8":"product_cat-bolsas-y-mochilas-de-transporte-gatos","10":"first","11":"instock","12":"taxable","13":"shipping-taxable","14":"purchasable","15":"product-type-variable"},"acf":[],"_links":{"self":[{"href":"https:\/\/littlepurrs.com\/de\/wp-json\/wp\/v2\/product\/2149","targetHints":{"allow":["GET"]}}],"collection":[{"href":"https:\/\/littlepurrs.com\/de\/wp-json\/wp\/v2\/product"}],"about":[{"href":"https:\/\/littlepurrs.com\/de\/wp-json\/wp\/v2\/types\/product"}],"replies":[{"embeddable":true,"href":"https:\/\/littlepurrs.com\/de\/wp-json\/wp\/v2\/comments?post=2149"}],"version-history":[{"count":9,"href":"https:\/\/littlepurrs.com\/de\/wp-json\/wp\/v2\/product\/2149\/revisions"}],"predecessor-version":[{"id":2195,"href":"https:\/\/littlepurrs.com\/de\/wp-json\/wp\/v2\/product\/2149\/revisions\/2195"}],"wp:featuredmedia":[{"embeddable":true,"href":"https:\/\/littlepurrs.com\/de\/wp-json\/wp\/v2\/media\/2160"}],"wp:attachment":[{"href":"https:\/\/littlepurrs.com\/de\/wp-json\/wp\/v2\/media?parent=2149"}],"wp:term":[{"taxonomy":"product_brand","embeddable":true,"href":"https:\/\/littlepurrs.com\/de\/wp-json\/wp\/v2\/product_brand?post=2149"},{"taxonomy":"product_cat","embeddable":true,"href":"https:\/\/littlepurrs.com\/de\/wp-json\/wp\/v2\/product_cat?post=2149"},{"taxonomy":"product_tag","embeddable":true,"href":"https:\/\/littlepurrs.com\/de\/wp-json\/wp\/v2\/product_tag?post=2149"}],"curies":[{"name":"wp","href":"https:\/\/api.w.org\/{rel}","templated":true}]}}