{"id":2126,"date":"2024-11-15T12:06:15","date_gmt":"2024-11-15T11:06:15","guid":{"rendered":"https:\/\/littlepurrs.com\/?post_type=product&#038;p=2126"},"modified":"2024-12-04T17:18:23","modified_gmt":"2024-12-04T16:18:23","slug":"transportin-para-mascotas-en-el-reposabrazos-del-coche","status":"publish","type":"product","link":"https:\/\/littlepurrs.com\/de\/tienda\/transportin-para-mascotas-en-el-reposabrazos-del-coche\/","title":{"rendered":"Transport\u00edn para Mascotas en el Reposabrazos del Coche"},"content":{"rendered":"<div data-elementor-type=\"product-post\" data-elementor-id=\"2126\" class=\"elementor elementor-2126\" data-elementor-post-type=\"product\">\n\t\t\t\t<div class=\"wd-negative-gap elementor-element elementor-element-6ddc1cc6 e-flex e-con-boxed e-con e-parent\" data-id=\"6ddc1cc6\" data-element_type=\"container\">\n\t\t\t\t\t<div class=\"e-con-inner\">\n\t\t<div class=\"elementor-element elementor-element-ee84b62 e-con-full e-flex e-con e-child\" data-id=\"ee84b62\" data-element_type=\"container\" data-settings=\"{&quot;background_background&quot;:&quot;video&quot;,&quot;background_video_link&quot;:&quot;https:\\\/\\\/littlepurrs.com\\\/wp-content\\\/uploads\\\/2024\\\/11\\\/transportin-para-mascotas-en-el-reposabrazos-del-coche2.mp4&quot;,&quot;background_play_on_mobile&quot;:&quot;yes&quot;}\">\n\t\t<div class=\"elementor-background-video-container\" aria-hidden=\"true\">\n\t\t\t\t\t\t\t<video class=\"elementor-background-video-hosted\" autoplay muted playsinline loop><\/video>\n\t\t\t\t\t<\/div>\t\t<\/div>\n\t\t\t\t<div class=\"elementor-element elementor-element-5ba2fe44 color-scheme-inherit text-left elementor-widget elementor-widget-text-editor\" data-id=\"5ba2fe44\" data-element_type=\"widget\" data-widget_type=\"text-editor.default\">\n\t\t\t\t<div class=\"elementor-widget-container\">\n\t\t\t\t\t\t\t\t\t<h3 data-pm-slice=\"1 1 []\"><strong>\ud83d\ude97 Transport\u00edn para Mascotas en el Reposabrazos del Coche: \u00a1Haz que tu peludo disfrute m\u00e1s de cada viaje!<\/strong><\/h3>\r\n\u00bfQuieres llevar a tu peque\u00f1o compa\u00f1ero a explorar el mundo, pero te preocupa que no se sienta c\u00f3modo? El transport\u00edn para mascotas est\u00e1 dise\u00f1ado para crear un espacio c\u00e1lido y seguro para tu peludo en cada trayecto, \u00a1haciendo cada momento del viaje lleno de tranquilidad y felicidad!\r\n<h3>\ud83d\udc36 <strong>\u00bfPor qu\u00e9 elegir nuestro transport\u00edn para el coche?<\/strong><\/h3>\r\n<strong>1. Soporte estable para viajes seguros<\/strong> Cuenta con una base de soporte estable, hecha con fibra compuesta, que evita movimientos bruscos. Tu peludo tendr\u00e1 siempre un buen soporte, para que no sienta la p\u00e9rdida de estabilidad mientras el coche est\u00e1 en movimiento y disfrute de un viaje c\u00f3modo.\r\n\r\n<strong>2. Posici\u00f3n exclusiva en el reposabrazos: la mejor vista<\/strong> El transport\u00edn se fija firmemente al reposabrazos del coche, manteniendo a tu peludo a la altura del conductor. Esto ayuda a reducir los mareos y permite que tu compa\u00f1ero disfrute mejor del paisaje, haciendo el viaje m\u00e1s placentero.\r\n\r\n<strong>3. Correas ajustables para mayor estabilidad<\/strong> Gracias a sus correas ajustables, el transport\u00edn se adapta a diferentes tipos de reposabrazos. Ya sea reposabrazos de una o dos piezas, como los de SUVs o coches familiares, se puede fijar de manera segura para garantizar la estabilidad de tu peludo incluso en giros bruscos o frenadas.\r\n\r\n<strong>4. Laterales elevados de 25 cm para amortiguar impactos<\/strong> Los laterales del transport\u00edn se elevan hasta 25 cm e incluyen relleno de algod\u00f3n PE que amortigua los impactos causados por frenadas o movimientos bruscos del coche, protegiendo mejor a tu peque\u00f1o amigo y evitando lesiones.\r\n\r\n<strong>5. Tapa de malla ajustable para evitar el estr\u00e9s<\/strong> La tapa de malla superior se puede abrir o cerrar seg\u00fan lo necesites, permitiendo que tu peludo vea el mundo exterior o manteni\u00e9ndose ventilado, evitando el calor y reduciendo el estr\u00e9s.\r\n\r\n<strong>6. Correas multifuncionales: una bolsa con m\u00faltiples usos<\/strong> El transport\u00edn tiene correas dobles, lo que lo hace adecuado tanto para el coche como para llevarlo de paseo, ya sea en la mano o sobre un hombro. Perfecto para ir de compras, pasear o cualquier actividad que quieras compartir con tu mascota.\r\n\r\n<strong>7. Dise\u00f1o desmontable para limpieza f\u00e1cil<\/strong> Todo el transport\u00edn tiene un dise\u00f1o desmontable, con almohadilla y cubierta f\u00e1ciles de quitar y lavar, sin esquinas dif\u00edciles. Los materiales como el tejido sin costuras y sin forro permiten una limpieza a fondo, manteniendo el espacio de tu peludo limpio y seguro.\r\n<h3>\ud83d\udca1 <strong>Detalles del producto<\/strong><\/h3>\r\n<ul data-spread=\"false\">\r\n \t<li><strong>Bolsillos laterales dobles<\/strong>: Para almacenar snacks, juguetes, cargadores y otros objetos peque\u00f1os, cubriendo todas las necesidades del viaje.<\/li>\r\n \t<li><strong>Tejido de nylon impermeable<\/strong>: No se adhiere el pelo, repele la suciedad y es f\u00e1cil de limpiar, manteniendo el transport\u00edn siempre limpio.<\/li>\r\n \t<li><strong>Cinta enrollable ajustable<\/strong>: El dise\u00f1o de cama enrollable en la parte superior permite ajustar la luz y se fija f\u00e1cilmente con velcro.<\/li>\r\n \t<li><strong>Hebilla de seguridad<\/strong>: Incluye una hebilla de seguridad interna para enganchar al collar de tu peludo, asegurando que no escape durante el viaje.<\/li>\r\n<\/ul>\r\n<h3>\ud83d\udd27 <strong>Consejos \u00fatiles<\/strong><\/h3>\r\n<ul data-spread=\"false\">\r\n \t<li><strong>Limpieza<\/strong>: Puede lavarse a mano, pero no se recomienda el uso de lavadora, lej\u00eda ni secadora. Para manchas, usa un cepillo suave y deja secar al aire.<\/li>\r\n \t<li><strong>Precauci\u00f3n<\/strong>: Evita el contacto con objetos afilados para no da\u00f1ar la tela. Antes de usar, deja ventilar el transport\u00edn durante unos d\u00edas para eliminar posibles olores.<\/li>\r\n \t<li><strong>Limpieza de la almohadilla<\/strong>: La base es desmontable; limpia la funda y la almohadilla por separado, asegur\u00e1ndote de que la parte de fibra no se moje.<\/li>\r\n<\/ul>\r\nEl dise\u00f1o \u00fanico de este transport\u00edn hace que cada trayecto con tu peludo sea agradable. Ya sea un paseo corto o un viaje largo, \u00a1es la mejor opci\u00f3n para disfrutar juntos de cada momento del camino!\t\t\t\t\t\t\t\t<\/div>\n\t\t\t\t<\/div>\n\t\t\t\t\t<\/div>\n\t\t\t\t<\/div>\n\t\t\t\t<\/div>","protected":false},"excerpt":{"rendered":"<p data-pm-slice=\"1 1 []\">El<strong> transport\u00edn para mascotas en el reposabrazos del coche<\/strong> est\u00e1 dise\u00f1ado para brindar comodidad y seguridad a tu peludo mientras viajas. Con una base estable, laterales elevados y tapa de malla ajustable, es ideal para mantener a tu mascota segura y feliz en cada trayecto. \u00a1Perfecto para hacer de cada viaje una experiencia inolvidable!<\/p>","protected":false},"featured_media":2131,"comment_status":"open","ping_status":"closed","template":"","meta":{"_acf_changed":false},"product_brand":[],"product_cat":[82,127,106],"product_tag":[],"class_list":{"0":"post-2126","1":"product","2":"type-product","3":"status-publish","4":"has-post-thumbnail","6":"product_cat-bolsas-y-mochilas-de-transporte-perros","7":"product_cat-bolsas-y-mochilas-de-transporte","8":"product_cat-bolsas-y-mochilas-de-transporte-gatos","10":"first","11":"instock","12":"taxable","13":"shipping-taxable","14":"purchasable","15":"product-type-simple"},"acf":[],"_links":{"self":[{"href":"https:\/\/littlepurrs.com\/de\/wp-json\/wp\/v2\/product\/2126","targetHints":{"allow":["GET"]}}],"collection":[{"href":"https:\/\/littlepurrs.com\/de\/wp-json\/wp\/v2\/product"}],"about":[{"href":"https:\/\/littlepurrs.com\/de\/wp-json\/wp\/v2\/types\/product"}],"replies":[{"embeddable":true,"href":"https:\/\/littlepurrs.com\/de\/wp-json\/wp\/v2\/comments?post=2126"}],"version-history":[{"count":5,"href":"https:\/\/littlepurrs.com\/de\/wp-json\/wp\/v2\/product\/2126\/revisions"}],"predecessor-version":[{"id":2148,"href":"https:\/\/littlepurrs.com\/de\/wp-json\/wp\/v2\/product\/2126\/revisions\/2148"}],"wp:featuredmedia":[{"embeddable":true,"href":"https:\/\/littlepurrs.com\/de\/wp-json\/wp\/v2\/media\/2131"}],"wp:attachment":[{"href":"https:\/\/littlepurrs.com\/de\/wp-json\/wp\/v2\/media?parent=2126"}],"wp:term":[{"taxonomy":"product_brand","embeddable":true,"href":"https:\/\/littlepurrs.com\/de\/wp-json\/wp\/v2\/product_brand?post=2126"},{"taxonomy":"product_cat","embeddable":true,"href":"https:\/\/littlepurrs.com\/de\/wp-json\/wp\/v2\/product_cat?post=2126"},{"taxonomy":"product_tag","embeddable":true,"href":"https:\/\/littlepurrs.com\/de\/wp-json\/wp\/v2\/product_tag?post=2126"}],"curies":[{"name":"wp","href":"https:\/\/api.w.org\/{rel}","templated":true}]}}