{"id":2073,"date":"2024-11-13T17:33:07","date_gmt":"2024-11-13T16:33:07","guid":{"rendered":"https:\/\/littlepurrs.com\/?post_type=product&#038;p=2073"},"modified":"2024-12-04T17:18:23","modified_gmt":"2024-12-04T16:18:23","slug":"mochila-de-espalda-con-tienda-expandible-para-mascotas","status":"publish","type":"product","link":"https:\/\/littlepurrs.com\/de\/tienda\/mochila-de-espalda-con-tienda-expandible-para-mascotas\/","title":{"rendered":"Mochila de Espalda con Tienda Expandible para Mascotas"},"content":{"rendered":"<div data-elementor-type=\"product-post\" data-elementor-id=\"2073\" class=\"elementor elementor-2073\" data-elementor-post-type=\"product\">\n\t\t\t\t<div class=\"wd-negative-gap elementor-element elementor-element-7ae9c7e2 e-flex e-con-boxed e-con e-parent\" data-id=\"7ae9c7e2\" data-element_type=\"container\">\n\t\t\t\t\t<div class=\"e-con-inner\">\n\t\t<div class=\"elementor-element elementor-element-ed9ad6b e-con-full e-flex e-con e-child\" data-id=\"ed9ad6b\" data-element_type=\"container\" data-settings=\"{&quot;background_background&quot;:&quot;video&quot;,&quot;background_video_link&quot;:&quot;https:\\\/\\\/littlepurrs.com\\\/wp-content\\\/uploads\\\/2024\\\/11\\\/mochila-de-espalda-con-tienda-expandible-para-mascotas2.mp4&quot;,&quot;background_play_on_mobile&quot;:&quot;yes&quot;}\">\n\t\t<div class=\"elementor-background-video-container\" aria-hidden=\"true\">\n\t\t\t\t\t\t\t<video class=\"elementor-background-video-hosted\" autoplay muted playsinline loop><\/video>\n\t\t\t\t\t<\/div>\t\t<\/div>\n\t\t\t\t<div class=\"elementor-element elementor-element-225f2d21 color-scheme-inherit text-left elementor-widget elementor-widget-text-editor\" data-id=\"225f2d21\" data-element_type=\"widget\" data-widget_type=\"text-editor.default\">\n\t\t\t\t<div class=\"elementor-widget-container\">\n\t\t\t\t\t\t\t\t\t<h3>\ud83d\udc31 Mochila de Espalda con Tienda Expandible para Mascotas &#8211; \u00a1Explora el mundo con tu peludito!<\/h3>\n<p>\u00bfQuieres llevar a tu peque\u00f1o amigo a vivir aventuras, asegur\u00e1ndote de que est\u00e9 c\u00f3modo y seguro en cada salida? Nuestra mochila para mascotas con tienda trasera expandible est\u00e1 dise\u00f1ada para proporcionar a tu mascota el mejor refugio m\u00f3vil, asegur\u00e1ndote de que se sienta relajado y feliz durante el viaje.<\/p>\n<h3>\u2728 <strong>\u00bfPor qu\u00e9 elegir nuestra mochila?<\/strong><\/h3><div><strong><br><\/strong><\/div>\n<p>\ud83c\udfe0 <strong>Aberturas amplias para entrada y salida f\u00e1cil<\/strong>: Con cremalleras tanto en la parte frontal como lateral, tu mascota podr\u00e1 entrar y salir c\u00f3modamente, haciendo que el viaje sea menos estresante.<\/p>\n<p>\ud83c\udf04 <strong>Dise\u00f1o de ventilaci\u00f3n integral<\/strong>: Cuenta con un sistema de ventilaci\u00f3n de malla en cuatro lados, lo que asegura una excelente circulaci\u00f3n de aire para que tu peludito respire libremente. La malla tambi\u00e9n act\u00faa como una barrera contra insectos, brind\u00e1ndole mayor seguridad.<\/p>\n<p>\ud83d\udee1\ufe0f <strong>Ventanas enrollables para seguridad y tranquilidad<\/strong>: El dise\u00f1o de ventanas enrollables oculta las vistas del exterior si es necesario, ayudando a reducir el estr\u00e9s de tu mascota durante paseos largos o visitas al veterinario.<\/p>\n<p>\ud83d\udc3e <strong>Espacio adicional con tienda trasera<\/strong>: La tienda plegable trasera proporciona espacio adicional, permitiendo que tu mascota pueda descansar c\u00f3modamente. \ud83d\udc3e Este espacio es perfecto para dos gatos o para que un perro peque\u00f1o tenga mayor libertad de movimiento.<\/p>\n<p>\ud83d\udecb\ufe0f <strong>Material resistente y c\u00f3modo<\/strong>: Fabricada con tela Oxford de alta calidad, resistente a los ara\u00f1azos y f\u00e1cil de limpiar, la mochila ofrece un lugar seguro y acogedor. Adem\u00e1s, las almohadillas interiores son suaves para que tu mascota disfrute de la mayor comodidad.<\/p>\n<p>\ud83d\udee0\ufe0f <strong>Dise\u00f1o ergon\u00f3mico para el due\u00f1o<\/strong>: Las correas de hombro ajustables y acolchadas distribuyen el peso de manera uniforme, proporcionando comodidad para los hombros. El soporte para la espalda de 2 cm de grosor ofrece un apoyo adicional, asegurando una experiencia de uso c\u00f3moda incluso en caminatas prolongadas.<\/p>\n<h3>\ud83d\udca1 <strong>Detalles que importan<\/strong><\/h3>\n<ul data-spread=\"false\">\n<li><strong>Refuerzo de seguridad<\/strong>: Logo reflectante para garantizar la seguridad durante los paseos nocturnos.<\/li>\n<li><strong>Gancho de seguridad interno<\/strong>: Para evitar cualquier escape inesperado.<\/li>\n<li><strong>Bolsillos adicionales<\/strong>: Almacena snacks, juguetes o incluso el m\u00f3vil para tener todo a mano durante las salidas.<\/li>\n<li><strong>F\u00e1cil almacenamiento<\/strong>: La mochila se pliega f\u00e1cilmente ocupando poco espacio cuando no est\u00e1 en uso.<\/li>\n<\/ul>\n<h3>\ud83d\udc96 <strong>Consejos de uso y mantenimiento<\/strong><\/h3>\n<ul data-spread=\"true\">\n<li>Ventila la mochila antes del primer uso para eliminar cualquier olor. Este paso es fundamental para asegurar la comodidad de tu mascota desde el primer momento.<\/li>\n<li>En el uso diario, puedes enrollar las ventanas para mejorar la ventilaci\u00f3n. En caso de condiciones clim\u00e1ticas adversas o fr\u00edas, se recomienda mantener las ventanas bajadas.<\/li>\n<li>Se sugiere usar el espacio de la tienda trasera sobre superficies planas, ya sea en interiores, en el coche o en exteriores.<\/li>\n<li>Al abrir la tienda trasera, aseg\u00farate de sacar y fijar la tela de protecci\u00f3n del fondo del respaldo para una mejor estabilidad.<\/li>\n<li>Evita el contacto con objetos afilados para prevenir da\u00f1os.<\/li>\n<li>Si hay manchas, utiliza un cepillo suave o pa\u00f1o para limpiar, luego seca en un lugar ventilado.<\/li>\n<li>Lavar a mano suavemente, no lavar a m\u00e1quina, no usar lej\u00eda, no planchar, no secar en secadora.<\/li>\n<li>Recomendamos no lavar a m\u00e1quina, ni planchar o usar blanqueador. Simplemente limpia con un pa\u00f1o suave.<\/li>\n<\/ul>\n<p>\u00a1Lleva a tu peludito en la Mochila de Doble Hombro con Tienda Expandible y explorad el mundo juntos de manera c\u00f3moda y segura!<\/p>\t\t\t\t\t\t\t\t<\/div>\n\t\t\t\t<\/div>\n\t\t\t\t\t<\/div>\n\t\t\t\t<\/div>\n\t\t\t\t<\/div>","protected":false},"excerpt":{"rendered":"<p data-pm-slice=\"1 1 []\">La <strong>Mochila de Espalda con Tienda Expandible para Mascotas<\/strong>\u00a0ofrece un espacio seguro, c\u00f3modo y ventilado para tu peludito. Con su dise\u00f1o ergon\u00f3mico, materiales resistentes y una tienda trasera que se despliega para mayor espacio, es la opci\u00f3n perfecta para cualquier aventura. \u00a1Lleva a tu mascota con comodidad y estilo a cualquier lugar!<\/p>","protected":false},"featured_media":2089,"comment_status":"open","ping_status":"closed","template":"","meta":{"_acf_changed":false},"product_brand":[],"product_cat":[82,106,127],"product_tag":[],"class_list":{"0":"post-2073","1":"product","2":"type-product","3":"status-publish","4":"has-post-thumbnail","6":"product_cat-bolsas-y-mochilas-de-transporte-perros","7":"product_cat-bolsas-y-mochilas-de-transporte-gatos","8":"product_cat-bolsas-y-mochilas-de-transporte","10":"first","11":"instock","12":"taxable","13":"shipping-taxable","14":"purchasable","15":"product-type-variable"},"acf":[],"_links":{"self":[{"href":"https:\/\/littlepurrs.com\/de\/wp-json\/wp\/v2\/product\/2073","targetHints":{"allow":["GET"]}}],"collection":[{"href":"https:\/\/littlepurrs.com\/de\/wp-json\/wp\/v2\/product"}],"about":[{"href":"https:\/\/littlepurrs.com\/de\/wp-json\/wp\/v2\/types\/product"}],"replies":[{"embeddable":true,"href":"https:\/\/littlepurrs.com\/de\/wp-json\/wp\/v2\/comments?post=2073"}],"version-history":[{"count":14,"href":"https:\/\/littlepurrs.com\/de\/wp-json\/wp\/v2\/product\/2073\/revisions"}],"predecessor-version":[{"id":2108,"href":"https:\/\/littlepurrs.com\/de\/wp-json\/wp\/v2\/product\/2073\/revisions\/2108"}],"wp:featuredmedia":[{"embeddable":true,"href":"https:\/\/littlepurrs.com\/de\/wp-json\/wp\/v2\/media\/2089"}],"wp:attachment":[{"href":"https:\/\/littlepurrs.com\/de\/wp-json\/wp\/v2\/media?parent=2073"}],"wp:term":[{"taxonomy":"product_brand","embeddable":true,"href":"https:\/\/littlepurrs.com\/de\/wp-json\/wp\/v2\/product_brand?post=2073"},{"taxonomy":"product_cat","embeddable":true,"href":"https:\/\/littlepurrs.com\/de\/wp-json\/wp\/v2\/product_cat?post=2073"},{"taxonomy":"product_tag","embeddable":true,"href":"https:\/\/littlepurrs.com\/de\/wp-json\/wp\/v2\/product_tag?post=2073"}],"curies":[{"name":"wp","href":"https:\/\/api.w.org\/{rel}","templated":true}]}}