{"id":15,"date":"2024-03-01T12:52:12","date_gmt":"2024-03-01T12:52:12","guid":{"rendered":"https:\/\/dummy.xtemos.com\/woodmart2\/vegetables-elementor\/?page_id=15"},"modified":"2025-01-09T15:54:26","modified_gmt":"2025-01-09T14:54:26","slug":"sobre-nosotros","status":"publish","type":"page","link":"https:\/\/littlepurrs.com\/de\/sobre-nosotros\/","title":{"rendered":"Sobre Nosotros"},"content":{"rendered":"<div data-elementor-type=\"wp-page\" data-elementor-id=\"15\" class=\"elementor elementor-15\" data-elementor-post-type=\"page\">\n\t\t\t\t<div class=\"wd-negative-gap elementor-element elementor-element-5123e6c e-flex e-con-boxed e-con e-parent\" data-id=\"5123e6c\" data-element_type=\"container\" data-settings=\"{&quot;background_background&quot;:&quot;classic&quot;}\">\n\t\t\t\t\t<div class=\"e-con-inner\">\n\t\t\t\t<div class=\"elementor-element elementor-element-9d27750 elementor-widget__width-initial elementor-widget elementor-widget-image\" data-id=\"9d27750\" data-element_type=\"widget\" data-widget_type=\"image.default\">\n\t\t\t\t<div class=\"elementor-widget-container\">\n\t\t\t\t\t\t\t\t\t\t\t\t\t\t\t<img fetchpriority=\"high\" decoding=\"async\" width=\"1707\" height=\"2560\" src=\"https:\/\/littlepurrs.com\/wp-content\/uploads\/2024\/12\/bolas-de-lana-para-gatos04-scaled.jpg\" class=\"attachment-full size-full wp-image-2753\" alt=\"\" srcset=\"https:\/\/littlepurrs.com\/wp-content\/uploads\/2024\/12\/bolas-de-lana-para-gatos04-scaled.jpg 1707w, https:\/\/littlepurrs.com\/wp-content\/uploads\/2024\/12\/bolas-de-lana-para-gatos04-200x300.jpg 200w, https:\/\/littlepurrs.com\/wp-content\/uploads\/2024\/12\/bolas-de-lana-para-gatos04-683x1024.jpg 683w, https:\/\/littlepurrs.com\/wp-content\/uploads\/2024\/12\/bolas-de-lana-para-gatos04-768x1152.jpg 768w, https:\/\/littlepurrs.com\/wp-content\/uploads\/2024\/12\/bolas-de-lana-para-gatos04-1024x1536.jpg 1024w, https:\/\/littlepurrs.com\/wp-content\/uploads\/2024\/12\/bolas-de-lana-para-gatos04-1365x2048.jpg 1365w, https:\/\/littlepurrs.com\/wp-content\/uploads\/2024\/12\/bolas-de-lana-para-gatos04-8x12.jpg 8w, https:\/\/littlepurrs.com\/wp-content\/uploads\/2024\/12\/bolas-de-lana-para-gatos04-1200x1800.jpg 1200w, https:\/\/littlepurrs.com\/wp-content\/uploads\/2024\/12\/bolas-de-lana-para-gatos04-150x225.jpg 150w\" sizes=\"(max-width: 1707px) 100vw, 1707px\" \/>\t\t\t\t\t\t\t\t\t\t\t\t\t\t\t<\/div>\n\t\t\t\t<\/div>\n\t\t<div class=\"elementor-element elementor-element-cca9ce8 e-con-full e-flex e-con e-child\" data-id=\"cca9ce8\" data-element_type=\"container\">\n\t\t\t\t<div class=\"elementor-element elementor-element-df0c631 wd-width-100 elementor-widget elementor-widget-wd_title\" data-id=\"df0c631\" data-element_type=\"widget\" data-widget_type=\"wd_title.default\">\n\t\t\t\t<div class=\"elementor-widget-container\">\n\t\t\t\t\t\t\t<div class=\"title-wrapper set-mb-s reset-last-child wd-title-color-default wd-title-style-default wd-title-size-default text-left\">\n\n\t\t\t\n\t\t\t<div class=\"liner-continer\">\n\t\t\t\t<h4 class=\"woodmart-title-container title wd-fontsize-l\">Creando felicidad para tus mascotas con dise\u00f1o y amor<\/h4> \n\t\t\t\t\t\t\t<\/div>\n\n\t\t\t\t\t<\/div>\n\t\t\t\t\t\t<\/div>\n\t\t\t\t<\/div>\n\t\t\t\t<div class=\"elementor-element elementor-element-c8aa6fe elementor-widget elementor-widget-wd_text_block\" data-id=\"c8aa6fe\" data-element_type=\"widget\" data-widget_type=\"wd_text_block.default\">\n\t\t\t\t<div class=\"elementor-widget-container\">\n\t\t\t\t\t\t\t<div class=\"wd-text-block reset-last-child text-left\">\n\t\t\t\n\t\t\t<p>En Little Purrs, creemos que las mascotas son parte de la familia. Por eso, nos propusimos crear productos que no solo sean funcionales, sino tambi\u00e9n hermosos, \u00fanicos y llenos de dise\u00f1o. Nuestra misi\u00f3n es traer alegr\u00eda tanto a ti como a tu fiel compa\u00f1ero.<\/p>\n\t\t\t\t\t<\/div>\n\t\t\t\t\t\t<\/div>\n\t\t\t\t<\/div>\n\t\t\t\t<\/div>\n\t\t\t\t\t<\/div>\n\t\t\t\t<\/div>\n\t\t<div class=\"wd-negative-gap elementor-element elementor-element-c9fcf92 e-flex e-con-boxed e-con e-parent\" data-id=\"c9fcf92\" data-element_type=\"container\" data-settings=\"{&quot;background_background&quot;:&quot;classic&quot;}\">\n\t\t\t\t\t<div class=\"e-con-inner\">\n\t\t\t\t<div class=\"elementor-element elementor-element-01d4d5a wd-width-100 elementor-widget elementor-widget-wd_title\" data-id=\"01d4d5a\" data-element_type=\"widget\" data-widget_type=\"wd_title.default\">\n\t\t\t\t<div class=\"elementor-widget-container\">\n\t\t\t\t\t\t\t<div class=\"title-wrapper set-mb-s reset-last-child wd-title-color-default wd-title-style-default wd-title-size-default text-center\">\n\n\t\t\t\n\t\t\t<div class=\"liner-continer\">\n\t\t\t\t<h4 class=\"woodmart-title-container title wd-fontsize-l\">Nuestros valores:<\/h4> \n\t\t\t\t\t\t\t<\/div>\n\n\t\t\t\t\t\t\t<div class=\"title-after_title set-cont-mb-s reset-last-child wd-fontsize-xs\">\n\t\t\t\t\t<p>Far far away, behind the word mountains, far from the countries Vokalia and Consonantia, there live the blind texts. Separated they live in Bookmarks.<\/p>\t\t\t\t<\/div>\n\t\t\t\t\t<\/div>\n\t\t\t\t\t\t<\/div>\n\t\t\t\t<\/div>\n\t\t\t\t<div class=\"elementor-element elementor-element-6bd4be4 elementor-widget elementor-widget-wd_infobox_carousel\" data-id=\"6bd4be4\" data-element_type=\"widget\" data-widget_type=\"wd_infobox_carousel.default\">\n\t\t\t\t<div class=\"elementor-widget-container\">\n\t\t\t\t\t\t\t<div class=\"wd-carousel-container info-box-carousel-wrapper\">\n\t\t\t<div class=\"wd-carousel-inner\">\n\t\t\t\t<div class=\"wd-carousel wd-grid info-box-carousel\" data-scroll_per_page=\"yes\" style=\"--wd-col-lg:4;--wd-col-md:4;--wd-col-sm:1;--wd-gap-lg:30px;--wd-gap-sm:10px;\">\n\t\t\t\t\t<div class=\"wd-carousel-wrap\">\n\t\t\t\t\t\t\t\t\t\t\t\t\t\t\t\t\t\t\t\t\t\t<div class=\"info-box-wrapper wd-carousel-item\">\n\t\t\t<div class=\"wd-info-box text-center box-icon-align-top box-style-base color-scheme-  elementor-repeater-item-90e0d6d\">\n\t\t\t\t\t\t\t\t\t<div class=\"box-icon-wrapper  box-with-icon box-icon-simple\">\n\t\t\t\t\t\t<div class=\"info-box-icon\">\n\t\t\t\t\t\t\t\t\t\t\t\t\t\t\t<img decoding=\"async\" width=\"150\" height=\"150\" src=\"https:\/\/littlepurrs.com\/wp-content\/uploads\/2025\/01\/disenador-grafico-150x150.png\" class=\"attachment-thumbnail size-thumbnail\" alt=\"\" srcset=\"https:\/\/littlepurrs.com\/wp-content\/uploads\/2025\/01\/disenador-grafico-150x150.png 150w, https:\/\/littlepurrs.com\/wp-content\/uploads\/2025\/01\/disenador-grafico-300x300.png 300w, https:\/\/littlepurrs.com\/wp-content\/uploads\/2025\/01\/disenador-grafico-12x12.png 12w, https:\/\/littlepurrs.com\/wp-content\/uploads\/2025\/01\/disenador-grafico-160x160.png 160w, https:\/\/littlepurrs.com\/wp-content\/uploads\/2025\/01\/disenador-grafico-50x50.png 50w, https:\/\/littlepurrs.com\/wp-content\/uploads\/2025\/01\/disenador-grafico.png 512w\" sizes=\"(max-width: 150px) 100vw, 150px\" \/>\t\t\t\t\t\t\t\t\t\t\t\t\t<\/div>\n\t\t\t\t\t<\/div>\n\t\t\t\t\n\t\t\t\t<div class=\"info-box-content\">\n\t\t\t\t\t\n\t\t\t\t\t\t\t\t\t\t\t<h4\t\t\t\t\t\tclass=\"info-box-title title box-title-style-default wd-fontsize-m\" data-elementor-setting-key=\"title\">\n\t\t\t\t\t\t\t\tDise\u00f1o \u00fanico\t\t\t\t\t\t<\/h4>\n\t\t\t\t\t\n\t\t\t\t\t<div class=\"info-box-inner set-cont-mb-s reset-last-child\"data-elementor-setting-key=\"content\"><p>Cada producto est\u00e1 dise\u00f1ado para ser tan especial como tu mascota.<\/p>\n<\/div>\n\n\t\t\t\t\t\t\t\t\t<\/div>\n\n\t\t\t\t\t\t\t<\/div>\n\t\t<\/div>\n\t\t\t\t\t\t\t\t\t\t\t\t\t\t\t\t\t\t\t\t\t\t\t\t<div class=\"info-box-wrapper wd-carousel-item\">\n\t\t\t<div class=\"wd-info-box text-center box-icon-align-top box-style-base color-scheme-  elementor-repeater-item-e1781da\">\n\t\t\t\t\t\t\t\t\t<div class=\"box-icon-wrapper  box-with-icon box-icon-simple\">\n\t\t\t\t\t\t<div class=\"info-box-icon\">\n\t\t\t\t\t\t\t\t\t\t\t\t\t\t\t<img decoding=\"async\" width=\"150\" height=\"150\" src=\"https:\/\/littlepurrs.com\/wp-content\/uploads\/2025\/01\/recompensa-150x150.png\" class=\"attachment-thumbnail size-thumbnail\" alt=\"\" srcset=\"https:\/\/littlepurrs.com\/wp-content\/uploads\/2025\/01\/recompensa-150x150.png 150w, https:\/\/littlepurrs.com\/wp-content\/uploads\/2025\/01\/recompensa-300x300.png 300w, https:\/\/littlepurrs.com\/wp-content\/uploads\/2025\/01\/recompensa-12x12.png 12w, https:\/\/littlepurrs.com\/wp-content\/uploads\/2025\/01\/recompensa.png 512w\" sizes=\"(max-width: 150px) 100vw, 150px\" \/>\t\t\t\t\t\t\t\t\t\t\t\t\t<\/div>\n\t\t\t\t\t<\/div>\n\t\t\t\t\n\t\t\t\t<div class=\"info-box-content\">\n\t\t\t\t\t\n\t\t\t\t\t\t\t\t\t\t\t<h4\t\t\t\t\t\tclass=\"info-box-title title box-title-style-default wd-fontsize-m\" data-elementor-setting-key=\"title\">\n\t\t\t\t\t\t\t\tCalidad y funcionalidad\t\t\t\t\t\t<\/h4>\n\t\t\t\t\t\n\t\t\t\t\t<div class=\"info-box-inner set-cont-mb-s reset-last-child\"data-elementor-setting-key=\"content\"><p>Solo usamos materiales seguros y duraderos.<\/p>\n<\/div>\n\n\t\t\t\t\t\t\t\t\t<\/div>\n\n\t\t\t\t\t\t\t<\/div>\n\t\t<\/div>\n\t\t\t\t\t\t\t\t\t\t\t\t\t\t\t\t\t\t\t\t\t\t\t\t<div class=\"info-box-wrapper wd-carousel-item\">\n\t\t\t<div class=\"wd-info-box text-center box-icon-align-top box-style-base color-scheme-  elementor-repeater-item-989eb4d\">\n\t\t\t\t\t\t\t\t\t<div class=\"box-icon-wrapper  box-with-icon box-icon-simple\">\n\t\t\t\t\t\t<div class=\"info-box-icon\">\n\t\t\t\t\t\t\t\t\t\t\t\t\t\t\t<img loading=\"lazy\" decoding=\"async\" width=\"150\" height=\"150\" src=\"https:\/\/littlepurrs.com\/wp-content\/uploads\/2025\/01\/amor-150x150.png\" class=\"attachment-thumbnail size-thumbnail\" alt=\"\" srcset=\"https:\/\/littlepurrs.com\/wp-content\/uploads\/2025\/01\/amor-150x150.png 150w, https:\/\/littlepurrs.com\/wp-content\/uploads\/2025\/01\/amor-300x300.png 300w, https:\/\/littlepurrs.com\/wp-content\/uploads\/2025\/01\/amor-12x12.png 12w, https:\/\/littlepurrs.com\/wp-content\/uploads\/2025\/01\/amor.png 512w\" sizes=\"(max-width: 150px) 100vw, 150px\" \/>\t\t\t\t\t\t\t\t\t\t\t\t\t<\/div>\n\t\t\t\t\t<\/div>\n\t\t\t\t\n\t\t\t\t<div class=\"info-box-content\">\n\t\t\t\t\t\n\t\t\t\t\t\t\t\t\t\t\t<h4\t\t\t\t\t\tclass=\"info-box-title title box-title-style-default wd-fontsize-m\" data-elementor-setting-key=\"title\">\n\t\t\t\t\t\t\t\tAmor por las mascotas\t\t\t\t\t\t<\/h4>\n\t\t\t\t\t\n\t\t\t\t\t<div class=\"info-box-inner set-cont-mb-s reset-last-child\"data-elementor-setting-key=\"content\"><p>Todo lo que hacemos tiene como objetivo mejorar la vida de tus peludos amigos.<\/p>\n<\/div>\n\n\t\t\t\t\t\t\t\t\t<\/div>\n\n\t\t\t\t\t\t\t<\/div>\n\t\t<\/div>\n\t\t\t\t\t\t\t\t\t\t\t\t\t\t\t\t\t\t\t\t\t\t\t\t<div class=\"info-box-wrapper wd-carousel-item\">\n\t\t\t<div class=\"wd-info-box text-center box-icon-align-top box-style-base color-scheme-  elementor-repeater-item-e18d6e6\">\n\t\t\t\t\t\t\t\t\t<div class=\"box-icon-wrapper  box-with-icon box-icon-simple\">\n\t\t\t\t\t\t<div class=\"info-box-icon\">\n\t\t\t\t\t\t\t\t\t\t\t\t\t\t\t<img loading=\"lazy\" decoding=\"async\" width=\"150\" height=\"150\" src=\"https:\/\/littlepurrs.com\/wp-content\/uploads\/2025\/01\/sostenibilidad-150x150.png\" class=\"attachment-thumbnail size-thumbnail\" alt=\"\" srcset=\"https:\/\/littlepurrs.com\/wp-content\/uploads\/2025\/01\/sostenibilidad-150x150.png 150w, https:\/\/littlepurrs.com\/wp-content\/uploads\/2025\/01\/sostenibilidad-300x300.png 300w, https:\/\/littlepurrs.com\/wp-content\/uploads\/2025\/01\/sostenibilidad-12x12.png 12w, https:\/\/littlepurrs.com\/wp-content\/uploads\/2025\/01\/sostenibilidad.png 512w\" sizes=\"(max-width: 150px) 100vw, 150px\" \/>\t\t\t\t\t\t\t\t\t\t\t\t\t<\/div>\n\t\t\t\t\t<\/div>\n\t\t\t\t\n\t\t\t\t<div class=\"info-box-content\">\n\t\t\t\t\t\n\t\t\t\t\t\t\t\t\t\t\t<h4\t\t\t\t\t\tclass=\"info-box-title title box-title-style-default wd-fontsize-m\" data-elementor-setting-key=\"title\">\n\t\t\t\t\t\t\t\tSostenibilidad\t\t\t\t\t\t<\/h4>\n\t\t\t\t\t\n\t\t\t\t\t<div class=\"info-box-inner set-cont-mb-s reset-last-child\"data-elementor-setting-key=\"content\"><p>Nos comprometemos a cuidar el planeta con pr\u00e1cticas responsables.<\/p>\n<\/div>\n\n\t\t\t\t\t\t\t\t\t<\/div>\n\n\t\t\t\t\t\t\t<\/div>\n\t\t<\/div>\n\t\t\t\t\t\t\t\t\t\t\t\t\t<\/div>\n\t\t\t\t<\/div>\n\n\t\t\t\t\t\t\t\t\t\t\t<div class=\"wd-nav-arrows wd-pos-sep wd-hover-1 wd-icon-1\">\n\t\t\t<div class=\"wd-btn-arrow wd-prev wd-disabled\">\n\t\t\t\t<div class=\"wd-arrow-inner\"><\/div>\n\t\t\t<\/div>\n\t\t\t<div class=\"wd-btn-arrow wd-next\">\n\t\t\t\t<div class=\"wd-arrow-inner\"><\/div>\n\t\t\t<\/div>\n\t\t<\/div>\n\t\t\t\t\t\t\t\t\t<\/div>\n\n\t\t\t\t\t<div class=\"wd-nav-pagin-wrap text-center wd-style-shape wd-hide-md-sm wd-hide-sm\">\n\t\t\t<ul class=\"wd-nav-pagin\"><\/ul>\n\t\t<\/div>\n\t\t\t\t\t\t\t<\/div>\n\t\t\t\t\t\t<\/div>\n\t\t\t\t<\/div>\n\t\t\t\t\t<\/div>\n\t\t\t\t<\/div>\n\t\t<div class=\"wd-negative-gap elementor-element elementor-element-89bf40a e-flex e-con-boxed e-con e-parent\" data-id=\"89bf40a\" data-element_type=\"container\" data-settings=\"{&quot;background_background&quot;:&quot;classic&quot;}\">\n\t\t\t\t\t<div class=\"e-con-inner\">\n\t\t<div class=\"wd-negative-gap elementor-element elementor-element-861ad0a e-flex e-con-boxed e-con e-child\" data-id=\"861ad0a\" data-element_type=\"container\">\n\t\t\t\t\t<div class=\"e-con-inner\">\n\t\t<div class=\"elementor-element elementor-element-bcd9584 e-con-full e-flex e-con e-child\" data-id=\"bcd9584\" data-element_type=\"container\">\n\t\t\t\t<div class=\"elementor-element elementor-element-6fca18a wd-width-100 elementor-widget elementor-widget-wd_title\" data-id=\"6fca18a\" data-element_type=\"widget\" data-widget_type=\"wd_title.default\">\n\t\t\t\t<div class=\"elementor-widget-container\">\n\t\t\t\t\t\t\t<div class=\"title-wrapper set-mb-s reset-last-child wd-title-color-default wd-title-style-default wd-title-size-default text-center\">\n\n\t\t\t\n\t\t\t<div class=\"liner-continer\">\n\t\t\t\t<h4 class=\"woodmart-title-container title wd-fontsize-l\">Historia de Nosotros<\/h4> \n\t\t\t\t\t\t\t<\/div>\n\n\t\t\t\t\t<\/div>\n\t\t\t\t\t\t<\/div>\n\t\t\t\t<\/div>\n\t\t\t\t<div class=\"elementor-element elementor-element-427a2fd elementor-widget elementor-widget-wd_text_block\" data-id=\"427a2fd\" data-element_type=\"widget\" data-widget_type=\"wd_text_block.default\">\n\t\t\t\t<div class=\"elementor-widget-container\">\n\t\t\t\t\t\t\t<div class=\"wd-text-block reset-last-child text-center\">\n\t\t\t\n\t\t\t<p>Little Purrs naci\u00f3 de un amor por los animales y el dise\u00f1o. Cuando adoptamos a nuestro primer gatito, nos dimos cuenta de que muchos productos para mascotas carec\u00edan de dise\u00f1o y personalidad. As\u00ed comenz\u00f3 nuestra aventura: dise\u00f1ar productos que combinan est\u00e9tica y funcionalidad, porque creemos que nuestras mascotas merecen lo mejor.<\/p>\n\t\t\t\t\t<\/div>\n\t\t\t\t\t\t<\/div>\n\t\t\t\t<\/div>\n\t\t\t\t<\/div>\n\t\t\t\t<div class=\"elementor-element elementor-element-10cc0de elementor-widget__width-initial elementor-widget elementor-widget-image\" data-id=\"10cc0de\" data-element_type=\"widget\" data-widget_type=\"image.default\">\n\t\t\t\t<div class=\"elementor-widget-container\">\n\t\t\t\t\t\t\t\t\t\t\t\t\t\t\t<img loading=\"lazy\" decoding=\"async\" width=\"683\" height=\"1024\" src=\"https:\/\/littlepurrs.com\/wp-content\/uploads\/2024\/12\/juguete-de-pez-con-hierba-gatera04-683x1024.jpg\" class=\"attachment-large size-large wp-image-2737\" alt=\"\" srcset=\"https:\/\/littlepurrs.com\/wp-content\/uploads\/2024\/12\/juguete-de-pez-con-hierba-gatera04-683x1024.jpg 683w, https:\/\/littlepurrs.com\/wp-content\/uploads\/2024\/12\/juguete-de-pez-con-hierba-gatera04-200x300.jpg 200w, https:\/\/littlepurrs.com\/wp-content\/uploads\/2024\/12\/juguete-de-pez-con-hierba-gatera04-768x1152.jpg 768w, https:\/\/littlepurrs.com\/wp-content\/uploads\/2024\/12\/juguete-de-pez-con-hierba-gatera04-1024x1536.jpg 1024w, https:\/\/littlepurrs.com\/wp-content\/uploads\/2024\/12\/juguete-de-pez-con-hierba-gatera04-1365x2048.jpg 1365w, https:\/\/littlepurrs.com\/wp-content\/uploads\/2024\/12\/juguete-de-pez-con-hierba-gatera04-8x12.jpg 8w, https:\/\/littlepurrs.com\/wp-content\/uploads\/2024\/12\/juguete-de-pez-con-hierba-gatera04-1200x1800.jpg 1200w, https:\/\/littlepurrs.com\/wp-content\/uploads\/2024\/12\/juguete-de-pez-con-hierba-gatera04-150x225.jpg 150w, https:\/\/littlepurrs.com\/wp-content\/uploads\/2024\/12\/juguete-de-pez-con-hierba-gatera04-scaled.jpg 1707w\" sizes=\"(max-width: 683px) 100vw, 683px\" \/>\t\t\t\t\t\t\t\t\t\t\t\t\t\t\t<\/div>\n\t\t\t\t<\/div>\n\t\t\t\t\t<\/div>\n\t\t\t\t<\/div>\n\t\t\t\t\t<\/div>\n\t\t\t\t<\/div>\n\t\t<div class=\"wd-negative-gap elementor-element elementor-element-38c85a6 e-flex e-con-boxed e-con e-parent\" data-id=\"38c85a6\" data-element_type=\"container\">\n\t\t\t\t\t<div class=\"e-con-inner\">\n\t\t<div class=\"elementor-element elementor-element-2c0dd80 e-con-full e-flex e-con e-child\" data-id=\"2c0dd80\" data-element_type=\"container\">\n\t\t\t\t<div class=\"elementor-element elementor-element-68d5451 wd-width-100 elementor-widget elementor-widget-wd_title\" data-id=\"68d5451\" data-element_type=\"widget\" data-widget_type=\"wd_title.default\">\n\t\t\t\t<div class=\"elementor-widget-container\">\n\t\t\t\t\t\t\t<div class=\"title-wrapper set-mb-s reset-last-child wd-title-color-default wd-title-style-default wd-title-size-default text-center\">\n\n\t\t\t\n\t\t\t<div class=\"liner-continer\">\n\t\t\t\t<h4 class=\"woodmart-title-container title wd-fontsize-l\">\u00bfQu\u00e9 nos hace diferentes?<\/h4> \n\t\t\t\t\t\t\t<\/div>\n\n\t\t\t\t\t<\/div>\n\t\t\t\t\t\t<\/div>\n\t\t\t\t<\/div>\n\t\t\t\t<div class=\"elementor-element elementor-element-c1d6690 elementor-widget elementor-widget-wd_text_block\" data-id=\"c1d6690\" data-element_type=\"widget\" data-widget_type=\"wd_text_block.default\">\n\t\t\t\t<div class=\"elementor-widget-container\">\n\t\t\t\t\t\t\t<div class=\"wd-text-block reset-last-child text-center\">\n\t\t\t\n\t\t\t<p>En Little Purrs, no vendemos productos gen\u00e9ricos. Cada art\u00edculo es cuidadosamente dise\u00f1ado para ser especial, porque sabemos que tu mascota merece algo \u00fanico.<\/p>\n\t\t\t\t\t<\/div>\n\t\t\t\t\t\t<\/div>\n\t\t\t\t<\/div>\n\t\t\t\t<\/div>\n\t\t\t\t<div class=\"elementor-element elementor-element-e4a92b0 wd-width-100 elementor-widget elementor-widget-wd_images_gallery\" data-id=\"e4a92b0\" data-element_type=\"widget\" data-widget_type=\"wd_images_gallery.default\">\n\t\t\t\t<div class=\"elementor-widget-container\">\n\t\t\t\t\t\t\t<div class=\"wd-images-gallery photoswipe-images wd-carousel-container\" style=\"--wd-align-items:center; --wd-justify-content:center;\">\n\t\t\t\t\t\t\t<div class=\"wd-carousel-inner\">\n\t\t\t\t\t\t<div class=\"wd-carousel wd-grid\" data-scroll_per_page=\"yes\" style=\"--wd-col-lg:3;--wd-col-md:3;--wd-col-sm:1;--wd-gap-lg:20px;--wd-gap-sm:10px;\">\n\t\t\t\t\t\t\t\t\t<div class=\"wd-carousel-wrap\">\n\t\t\t\t\t\t\t\t\t\t\t\t\t\t\t\t\t\t<div class=\"wd-gallery-item wd-carousel-item\">\n\t\t\t\t\t\t\t\t\t\t\t\t\t<a  href=\"https:\/\/littlepurrs.com\/wp-content\/uploads\/2024\/12\/collar-isabelino-con-diseno-de-flores3-scaled.jpg\"data-width=\"1707\" data-height=\"2560\" data-index=\"1\" data-elementor-open-lightbox=\"no\">\n\t\t\t\t\t\t\n\t\t\t\t\t\t<img decoding=\"async\" src=\"https:\/\/littlepurrs.com\/wp-content\/uploads\/2024\/12\/collar-isabelino-con-diseno-de-flores3-scaled.jpg\"alt=\"collar-isabelino-con-diseno-de-flores3\">\n\t\t\t\t\t\t\t\t\t\t\t\t\t<\/a>\n\t\t\t\t\t\t\t\t\t\t\t<\/div>\n\t\t\t\t\t\t\t\t\t\t\t\t\t\t\t<div class=\"wd-gallery-item wd-carousel-item\">\n\t\t\t\t\t\t\t\t\t\t\t\t\t<a  href=\"https:\/\/littlepurrs.com\/wp-content\/uploads\/2024\/11\/mochila-cruzada-suave-para-mascotas-scaled.jpg\"data-width=\"1707\" data-height=\"2560\" data-index=\"2\" data-elementor-open-lightbox=\"no\">\n\t\t\t\t\t\t\n\t\t\t\t\t\t<img decoding=\"async\" src=\"https:\/\/littlepurrs.com\/wp-content\/uploads\/2024\/11\/mochila-cruzada-suave-para-mascotas-scaled.jpg\"alt=\"mochila-cruzada-suave-para-mascotas\">\n\t\t\t\t\t\t\t\t\t\t\t\t\t<\/a>\n\t\t\t\t\t\t\t\t\t\t\t<\/div>\n\t\t\t\t\t\t\t\t\t\t\t\t\t\t\t<div class=\"wd-gallery-item wd-carousel-item\">\n\t\t\t\t\t\t\t\t\t\t\t\t\t<a  href=\"https:\/\/littlepurrs.com\/wp-content\/uploads\/2024\/11\/bolso-tote-para-mascotas-de-hombro08-scaled.jpg\"data-width=\"1707\" data-height=\"2560\" data-index=\"3\" data-elementor-open-lightbox=\"no\">\n\t\t\t\t\t\t\n\t\t\t\t\t\t<img decoding=\"async\" src=\"https:\/\/littlepurrs.com\/wp-content\/uploads\/2024\/11\/bolso-tote-para-mascotas-de-hombro08-scaled.jpg\"alt=\"bolso-tote-para-mascotas-de-hombro08\">\n\t\t\t\t\t\t\t\t\t\t\t\t\t<\/a>\n\t\t\t\t\t\t\t\t\t\t\t<\/div>\n\t\t\t\t\t\t\t\t\t\t\t\t\t\t\t<div class=\"wd-gallery-item wd-carousel-item\">\n\t\t\t\t\t\t\t\t\t\t\t\t\t<a  href=\"https:\/\/littlepurrs.com\/wp-content\/uploads\/2024\/11\/mochila-transportin-estilo-tote-frontal-y-posterior-para-mascotas09-scaled.jpg\"data-width=\"1706\" data-height=\"2560\" data-index=\"4\" data-elementor-open-lightbox=\"no\">\n\t\t\t\t\t\t\n\t\t\t\t\t\t<img decoding=\"async\" src=\"https:\/\/littlepurrs.com\/wp-content\/uploads\/2024\/11\/mochila-transportin-estilo-tote-frontal-y-posterior-para-mascotas09-scaled.jpg\"alt=\"mochila-transportin-estilo-tote-frontal-y-posterior-para-mascotas09\">\n\t\t\t\t\t\t\t\t\t\t\t\t\t<\/a>\n\t\t\t\t\t\t\t\t\t\t\t<\/div>\n\t\t\t\t\t\t\t\t\t\t\t\t\t\t\t<div class=\"wd-gallery-item wd-carousel-item\">\n\t\t\t\t\t\t\t\t\t\t\t\t\t<a  href=\"https:\/\/littlepurrs.com\/wp-content\/uploads\/2024\/11\/bandolera-transportin-de-viaje-para-mascotas08-scaled.jpg\"data-width=\"1707\" data-height=\"2560\" data-index=\"5\" data-elementor-open-lightbox=\"no\">\n\t\t\t\t\t\t\n\t\t\t\t\t\t<img decoding=\"async\" src=\"https:\/\/littlepurrs.com\/wp-content\/uploads\/2024\/11\/bandolera-transportin-de-viaje-para-mascotas08-scaled.jpg\"alt=\"bandolera-transportin-de-viaje-para-mascotas08\">\n\t\t\t\t\t\t\t\t\t\t\t\t\t<\/a>\n\t\t\t\t\t\t\t\t\t\t\t<\/div>\n\t\t\t\t\t\t\t\t\t\t\t\t\t\t\t\t<\/div>\n\t\t\t\t\t\t\t\t<\/div>\n\t\t\t\t\t\t\t\t\t\t\t\t\t\t<div class=\"wd-nav-arrows wd-pos-sep wd-hover-1 wd-icon-1\">\n\t\t\t<div class=\"wd-btn-arrow wd-prev wd-disabled\">\n\t\t\t\t<div class=\"wd-arrow-inner\"><\/div>\n\t\t\t<\/div>\n\t\t\t<div class=\"wd-btn-arrow wd-next\">\n\t\t\t\t<div class=\"wd-arrow-inner\"><\/div>\n\t\t\t<\/div>\n\t\t<\/div>\n\t\t\t\t\t\t\n\t\t\t\t<\/div>\n\n\t\t\t\t\t\t\t\t\t\t\t\t\t<\/div>\n\t\t\t\t\t\t<\/div>\n\t\t\t\t<\/div>\n\t\t\t\t\t<\/div>\n\t\t\t\t<\/div>\n\t\t\t\t<\/div>","protected":false},"excerpt":{"rendered":"<p>Creando felicidad para tus mascotas con dise\u00f1o y amor En Little Purrs, creemos que las mascotas son parte de la<\/p>","protected":false},"author":1,"featured_media":0,"parent":0,"menu_order":0,"comment_status":"closed","ping_status":"closed","template":"","meta":{"_acf_changed":false,"footnotes":""},"class_list":["post-15","page","type-page","status-publish","hentry"],"acf":[],"_links":{"self":[{"href":"https:\/\/littlepurrs.com\/de\/wp-json\/wp\/v2\/pages\/15","targetHints":{"allow":["GET"]}}],"collection":[{"href":"https:\/\/littlepurrs.com\/de\/wp-json\/wp\/v2\/pages"}],"about":[{"href":"https:\/\/littlepurrs.com\/de\/wp-json\/wp\/v2\/types\/page"}],"author":[{"embeddable":true,"href":"https:\/\/littlepurrs.com\/de\/wp-json\/wp\/v2\/users\/1"}],"replies":[{"embeddable":true,"href":"https:\/\/littlepurrs.com\/de\/wp-json\/wp\/v2\/comments?post=15"}],"version-history":[{"count":7,"href":"https:\/\/littlepurrs.com\/de\/wp-json\/wp\/v2\/pages\/15\/revisions"}],"predecessor-version":[{"id":2827,"href":"https:\/\/littlepurrs.com\/de\/wp-json\/wp\/v2\/pages\/15\/revisions\/2827"}],"wp:attachment":[{"href":"https:\/\/littlepurrs.com\/de\/wp-json\/wp\/v2\/media?parent=15"}],"curies":[{"name":"wp","href":"https:\/\/api.w.org\/{rel}","templated":true}]}}