{"id":1411,"date":"2024-11-07T18:24:17","date_gmt":"2024-11-07T17:24:17","guid":{"rendered":"https:\/\/littlepurrs.com\/?page_id=1411"},"modified":"2024-11-07T18:30:57","modified_gmt":"2024-11-07T17:30:57","slug":"politica-de-cookies","status":"publish","type":"page","link":"https:\/\/littlepurrs.com\/de\/politica-de-cookies\/","title":{"rendered":"Pol\u00edtica de cookies"},"content":{"rendered":"<div data-elementor-type=\"wp-page\" data-elementor-id=\"1411\" class=\"elementor elementor-1411\" data-elementor-post-type=\"page\">\n\t\t\t\t<div class=\"wd-negative-gap elementor-element elementor-element-78d3ba9 e-flex e-con-boxed e-con e-parent\" data-id=\"78d3ba9\" data-element_type=\"container\">\n\t\t\t\t\t<div class=\"e-con-inner\">\n\t\t\t\t<div class=\"elementor-element elementor-element-5be30ff elementor-widget elementor-widget-wd_text_block\" data-id=\"5be30ff\" data-element_type=\"widget\" data-widget_type=\"wd_text_block.default\">\n\t\t\t\t<div class=\"elementor-widget-container\">\n\t\t\t\t\t\t\t<div class=\"wd-text-block reset-last-child text-left\">\n\t\t\t\n\t\t\t<style>\na.cky-banner-element {\npadding: 8px 30px;\nmargin:20px;\nbackground: #ff653a;\ncolor: #ffffff;\nborde: 1px solid #DEE2E6;\nbox-sizing: border-box;\nborder-radius: 2px;\ncursor: pointer;\n}\n<\/style>\n<h1 class=\"cookie-policy-h1\">Pol\u00edtica de cookies<\/h1>\n<p>\nFecha de entrada en vigor: 07-Nov-2024 <br>\n\u00daltima actualizaci\u00f3n: 07-Nov-2024\n<\/p>\n\n&nbsp;\n<h5>\u00bfQu\u00e9 son las cookies?<\/h5>\n<div class=\"cookie-policy-p\"><p>Esta Pol\u00edtica de cookies explica qu\u00e9 son las cookies y c\u00f3mo las usamos, los tipos de cookies que usamos, es decir, la informaci\u00f3n que recopilamos mediante cookies y c\u00f3mo se usa esa informaci\u00f3n, y c\u00f3mo administrar la configuraci\u00f3n de las cookies.<\/p> <p>Las cookies son peque\u00f1os archivos de texto que se utilizan para almacenar peque\u00f1os fragmentos de informaci\u00f3n. Se almacenan en su dispositivo cuando se carga el sitio web en su navegador. Estas cookies nos ayudan a hacer que el sitio web funcione correctamente, hacerlo m\u00e1s seguro, brindar una mejor experiencia de usuario y comprender c\u00f3mo funciona el sitio web y analizar qu\u00e9 funciona y d\u00f3nde necesita mejoras.<\/p><\/div>\n\n&nbsp;\n<h5>\u00bfC\u00f3mo usamos las cookies?<\/h5>\n<div class=\"cookie-policy-p\"><p>Como la mayor\u00eda de los servicios en l\u00ednea, nuestro sitio web utiliza cookies propias y de terceros para varios prop\u00f3sitos. Las cookies de origen son principalmente necesarias para que el sitio web funcione correctamente y no recopilan ninguno de sus datos de identificaci\u00f3n personal.<\/p> <p>Las cookies de terceros que se utilizan en nuestro sitio web sirven principalmente para comprender c\u00f3mo funciona el sitio web, c\u00f3mo interact\u00faa con nuestro sitio web, mantener nuestros servicios seguros, proporcionar anuncios que sean relevantes para usted y, en general, brindarle una mejor y mejorada experiencia de usuario y ayudar a acelerar sus futuras interacciones con nuestro sitio web.<\/p><\/div>\n\n&nbsp;\n<h5>Tipos de cookies que utilizamos<\/h5>\n\n<div class=\"cky-audit-table-element\"><\/div>\n\n&nbsp;\n<h5 style=\"margin-bottom:20px;\">Administrar preferencias de cookies<\/h5>\n\n<a class=\"cky-banner-element\">Configuraci\u00f3n de cookies<\/a> <br\/>\n\n<div><p>Puede cambiar sus preferencias de cookies en cualquier momento haciendo clic en el bot\u00f3n de arriba. Esto le permitir\u00e1 volver a visitar el banner de consentimiento de cookies y cambiar sus preferencias o retirar su consentimiento de inmediato.<\/p><p>Adem\u00e1s de esto, los diferentes navegadores ofrecen diferentes m\u00e9todos para bloquear y eliminar las cookies utilizadas por los sitios web. Puede cambiar la configuraci\u00f3n de su navegador para bloquear\/eliminar las cookies. A continuaci\u00f3n, se enumeran los enlaces a los documentos de soporte sobre c\u00f3mo administrar y eliminar las cookies de los principales navegadores web.<\/p><p>Chrome: https:\/\/support.google.com\/accounts\/answer\/32050<\/p><p>Safari: https:\/\/support.apple.com\/en-in\/guide\/safari\/sfri11471\/mac<\/p><p>Firefox: https:\/\/support.mozilla.org\/en-US\/kb\/clear-cook ies-and-site-data-firefox?redirectslug=delete-cookies-remove-info-websites-stored&amp;redirectlocale=en-US<\/p><p>Internet Explorer: https:\/\/support.microsoft.com\/es-es\/topic\/como-eliminar-archivos-de-cookies-en-internet-explorer-bca9446f-d873-78de-77ba-d42645fa52fc<\/p><p>Si utiliza otro navegador web, visite los documentos de soporte oficiales de su navegador.<\/p><\/div>\n\t\t\t\t\t<\/div>\n\t\t\t\t\t\t<\/div>\n\t\t\t\t<\/div>\n\t\t\t\t\t<\/div>\n\t\t\t\t<\/div>\n\t\t\t\t<\/div>","protected":false},"excerpt":{"rendered":"<p>Pol\u00edtica de cookies Fecha de entrada en vigor: 07-Nov-2024 \u00daltima actualizaci\u00f3n: 07-Nov-2024 &nbsp; \u00bfQu\u00e9 son las cookies? Esta Pol\u00edtica de<\/p>","protected":false},"author":1,"featured_media":0,"parent":0,"menu_order":0,"comment_status":"closed","ping_status":"closed","template":"elementor_header_footer","meta":{"_acf_changed":false,"footnotes":""},"class_list":["post-1411","page","type-page","status-publish","hentry"],"acf":[],"_links":{"self":[{"href":"https:\/\/littlepurrs.com\/de\/wp-json\/wp\/v2\/pages\/1411","targetHints":{"allow":["GET"]}}],"collection":[{"href":"https:\/\/littlepurrs.com\/de\/wp-json\/wp\/v2\/pages"}],"about":[{"href":"https:\/\/littlepurrs.com\/de\/wp-json\/wp\/v2\/types\/page"}],"author":[{"embeddable":true,"href":"https:\/\/littlepurrs.com\/de\/wp-json\/wp\/v2\/users\/1"}],"replies":[{"embeddable":true,"href":"https:\/\/littlepurrs.com\/de\/wp-json\/wp\/v2\/comments?post=1411"}],"version-history":[{"count":16,"href":"https:\/\/littlepurrs.com\/de\/wp-json\/wp\/v2\/pages\/1411\/revisions"}],"predecessor-version":[{"id":1429,"href":"https:\/\/littlepurrs.com\/de\/wp-json\/wp\/v2\/pages\/1411\/revisions\/1429"}],"wp:attachment":[{"href":"https:\/\/littlepurrs.com\/de\/wp-json\/wp\/v2\/media?parent=1411"}],"curies":[{"name":"wp","href":"https:\/\/api.w.org\/{rel}","templated":true}]}}