{"id":1406,"date":"2024-11-07T18:07:04","date_gmt":"2024-11-07T17:07:04","guid":{"rendered":"https:\/\/littlepurrs.com\/?page_id=1406"},"modified":"2024-11-07T18:07:13","modified_gmt":"2024-11-07T17:07:13","slug":"terminos-y-condiciones","status":"publish","type":"page","link":"https:\/\/littlepurrs.com\/de\/terminos-y-condiciones\/","title":{"rendered":"T\u00e9rminos y Condiciones"},"content":{"rendered":"<div data-elementor-type=\"wp-page\" data-elementor-id=\"1406\" class=\"elementor elementor-1406\" data-elementor-post-type=\"page\">\n\t\t\t\t<div class=\"wd-negative-gap elementor-element elementor-element-1c38ced3 e-flex e-con-boxed e-con e-parent\" data-id=\"1c38ced3\" data-element_type=\"container\">\n\t\t\t\t\t<div class=\"e-con-inner\">\n\t\t\t\t<div class=\"elementor-element elementor-element-b5be827 color-scheme-inherit text-left elementor-widget elementor-widget-text-editor\" data-id=\"b5be827\" data-element_type=\"widget\" data-widget_type=\"text-editor.default\">\n\t\t\t\t<div class=\"elementor-widget-container\">\n\t\t\t\t\t\t\t\t\t\n<h2 class=\"wp-block-heading\">VISI\u00d3N GENERAL<\/h2>\n\n\n\n<p>Este sitio web es operado por Little Purrs. A lo largo del sitio, los t\u00e9rminos \u201cnosotros\u201d, \u201cnuestro\u201d y \u201cnos\u201d se refieren a Little Purrs. Little Purrs ofrece este sitio web, incluida toda la informaci\u00f3n, herramientas y servicios disponibles en este sitio para ti, el usuario, condicionado a la aceptaci\u00f3n de todos los t\u00e9rminos, condiciones, pol\u00edticas y avisos aqu\u00ed establecidos. Al visitar nuestro sitio y\/o comprar algo de nosotros, participas en nuestro \u201cServicio\u201d y aceptas los siguientes t\u00e9rminos y condiciones (\u201cT\u00e9rminos de Servicio\u201d, \u201cT\u00e9rminos\u201d), incluidas las condiciones adicionales y pol\u00edticas referenciadas en este documento y\/o disponibles mediante hiperv\u00ednculo. Estos T\u00e9rminos de Servicio se aplican a todos los usuarios del sitio, incluidos, entre otros, los usuarios que son navegadores, proveedores, clientes, comerciantes y\/o colaboradores de contenido. Por favor, lee estos T\u00e9rminos de Servicio detenidamente antes de acceder o utilizar nuestro sitio web. Al acceder o utilizar cualquier parte del sitio, aceptas estar sujeto a estos T\u00e9rminos de Servicio. Si no aceptas todos los t\u00e9rminos y condiciones de este acuerdo, entonces no deber\u00edas acceder a la p\u00e1gina web ni usar ninguno de los servicios. Si estos T\u00e9rminos de Servicio se consideran una oferta, la aceptaci\u00f3n se limita expresamente a estos T\u00e9rminos de Servicio. Cualquier nueva caracter\u00edstica o herramienta que se a\u00f1ada a la tienda actual tambi\u00e9n estar\u00e1 sujeta a los T\u00e9rminos de Servicio. Puedes revisar la versi\u00f3n m\u00e1s reciente de los T\u00e9rminos de Servicio en cualquier momento en esta p\u00e1gina. Nos reservamos el derecho de actualizar, cambiar o reemplazar cualquier parte de estos T\u00e9rminos de Servicio publicando actualizaciones y\/o cambios en nuestro sitio web. Es tu responsabilidad revisar esta p\u00e1gina peri\u00f3dicamente para verificar cambios. Tu uso continuado del sitio web o el acceso a este tras la publicaci\u00f3n de cualquier cambio constituye la aceptaci\u00f3n de dichos cambios.<\/p>\n\n\n\n<h2 class=\"wp-block-heading\">SECCI\u00d3N 1 \u2013 T\u00c9RMINOS DE LA TIENDA EN L\u00cdNEA<\/h2>\n\n\n\n<p>Al aceptar estos T\u00e9rminos de Servicio, declaras que eres mayor de edad en tu estado o provincia de residencia, o que eres mayor de edad en tu estado o provincia de residencia y nos has dado tu consentimiento para permitir que cualquiera de tus dependientes menores use este sitio. No puedes utilizar nuestros productos para ning\u00fan prop\u00f3sito ilegal o no autorizado, ni tampoco, en el uso del Servicio, violar leyes en tu jurisdicci\u00f3n (incluidas, entre otras, las leyes de derechos de autor). No debes transmitir gusanos, virus ni ning\u00fan c\u00f3digo de naturaleza destructiva. Cualquier incumplimiento o violaci\u00f3n de cualquiera de los T\u00e9rminos resultar\u00e1 en la terminaci\u00f3n inmediata de tus Servicios.<\/p>\n\n\n\n<h2 class=\"wp-block-heading\">SECCI\u00d3N 2 \u2013 CONDICIONES GENERALES<\/h2>\n\n\n\n<p>Nos reservamos el derecho de rechazar el servicio a cualquier persona, por cualquier motivo y en cualquier momento. Entiendes que tu contenido (sin incluir la informaci\u00f3n de la tarjeta de cr\u00e9dito) puede transferirse sin cifrar e implicar (a) transmisiones a trav\u00e9s de varias redes; y (b) cambios para cumplir y adaptarse a los requisitos t\u00e9cnicos de conexi\u00f3n de redes o dispositivos. La informaci\u00f3n de la tarjeta de cr\u00e9dito siempre se cifra durante la transferencia a trav\u00e9s de las redes. Aceptas no reproducir, duplicar, copiar, vender, revender ni explotar ninguna parte del Servicio, el uso del Servicio o el acceso al Servicio o cualquier contacto en el sitio web a trav\u00e9s del cual se presta el servicio, sin el permiso expreso por escrito de nosotros. Los t\u00edtulos utilizados en este acuerdo se incluyen solo por conveniencia y no limitar\u00e1n ni afectar\u00e1n de otro modo estos T\u00e9rminos.<\/p>\n\n\n\n<h2 class=\"wp-block-heading\">SECCI\u00d3N 3 \u2013 PRECISI\u00d3N, INTEGRIDAD Y ACTUALIDAD DE LA INFORMACI\u00d3N<\/h2>\n\n\n\n<p>No nos responsabilizamos si la informaci\u00f3n disponible en este sitio no es precisa, completa o actual. El material en este sitio se proporciona solo para informaci\u00f3n general y no debe usarse como la \u00fanica base para tomar decisiones sin consultar fuentes de informaci\u00f3n primarias, m\u00e1s precisas, m\u00e1s completas o m\u00e1s oportunas. Cualquier uso del material en este sitio es bajo tu propio riesgo. Este sitio puede contener cierta informaci\u00f3n hist\u00f3rica. La informaci\u00f3n hist\u00f3rica, necesariamente, no es actual y se proporciona solo para tu referencia. Nos reservamos el derecho de modificar el contenido de este sitio en cualquier momento, pero no tenemos la obligaci\u00f3n de actualizar ninguna informaci\u00f3n en nuestro sitio. Aceptas que es tu responsabilidad monitorear los cambios en nuestro sitio.<\/p>\n\n\n\n<h2 class=\"wp-block-heading\">SECCI\u00d3N 4 \u2013 MODIFICACIONES AL SERVICIO Y PRECIOS<\/h2>\n\n\n\n<p>Los precios de nuestros productos est\u00e1n sujetos a cambios sin aviso. Nos reservamos el derecho en cualquier momento de modificar o descontinuar el Servicio (o cualquier parte o contenido del mismo) sin aviso en cualquier momento. No seremos responsables ante ti ni ante terceros por ninguna modificaci\u00f3n, cambio de precio, suspensi\u00f3n o descontinuaci\u00f3n del Servicio.<\/p>\n\n\n\n<h2 class=\"wp-block-heading\">SECCI\u00d3N 5 \u2013 PRODUCTOS O SERVICIOS (si corresponde)<\/h2>\n\n\n\n<p>Ciertos productos o servicios pueden estar disponibles exclusivamente en l\u00ednea a trav\u00e9s del sitio web. Estos productos o servicios pueden tener cantidades limitadas y est\u00e1n sujetos a devoluci\u00f3n o cambio solo seg\u00fan nuestra Pol\u00edtica de Garant\u00eda y Devoluci\u00f3n: <a href=\"https:\/\/littlepurrs.com\/de\/politica-de-garantia-y-devolucion\/\">Pol\u00edtica de Garant\u00eda y Devoluci\u00f3n<\/a>. Nos hemos esforzado por mostrar con la mayor precisi\u00f3n posible los colores e im\u00e1genes de nuestros productos que aparecen en la tienda. No podemos garantizar que la visualizaci\u00f3n de cualquier color en el monitor de tu computadora sea precisa. Nos reservamos el derecho, pero no estamos obligados, de limitar las ventas de nuestros productos o servicios a cualquier persona, regi\u00f3n geogr\u00e1fica o jurisdicci\u00f3n. Podemos ejercer este derecho seg\u00fan cada caso. Nos reservamos el derecho de limitar las cantidades de cualquier producto o servicio que ofrecemos. Todas las descripciones de productos o precios de los productos est\u00e1n sujetos a cambios en cualquier momento sin previo aviso, a nuestra sola discreci\u00f3n. Nos reservamos el derecho de descontinuar cualquier producto en cualquier momento. Cualquier oferta de cualquier producto o servicio hecha en este sitio es nula donde est\u00e9 prohibida. No garantizamos que la calidad de los productos, servicios, informaci\u00f3n u otro material comprado u obtenido por ti cumpla con tus expectativas, o que se corregir\u00e1n los errores en el Servicio.<\/p>\n\n\n\n<h2 class=\"wp-block-heading\">SECCI\u00d3N 6 \u2013 PRECISI\u00d3N DE LA FACTURACI\u00d3N E INFORMACI\u00d3N DE LA CUENTA<\/h2>\n\n\n\n<p>Nos reservamos el derecho de rechazar cualquier pedido que realices con nosotros. Podemos, a nuestra discreci\u00f3n, limitar o cancelar las cantidades compradas por persona, por hogar o por pedido. Estas restricciones pueden incluir pedidos realizados por o bajo la misma cuenta de cliente, la misma tarjeta de cr\u00e9dito y\/o pedidos que utilizan la misma direcci\u00f3n de facturaci\u00f3n y\/o env\u00edo. En el caso de que hagamos un cambio o cancelemos un pedido, podemos intentar notific\u00e1rtelo poni\u00e9ndonos en contacto con el correo electr\u00f3nico y\/o la direcci\u00f3n de facturaci\u00f3n\/n\u00famero de tel\u00e9fono proporcionados en el momento en que se realiz\u00f3 el pedido. Nos reservamos el derecho de limitar o prohibir los pedidos que, a nuestro juicio, parezcan ser realizados por distribuidores, revendedores o distribuidores. Aceptas proporcionar informaci\u00f3n actual, completa y precisa de la compra y cuenta utilizada para todas las compras realizadas en nuestra tienda. Aceptas actualizar de inmediato tu cuenta y otra informaci\u00f3n, incluida tu direcci\u00f3n de correo electr\u00f3nico y los n\u00fameros y fechas de vencimiento de las tarjetas de cr\u00e9dito, para que podamos completar tus transacciones y contactarte seg\u00fan sea necesario.<\/p>\n\n\n\n<p>Para obtener m\u00e1s detalles, consulta nuestra Pol\u00edtica de Garant\u00eda y Devoluci\u00f3n: <a href=\"https:\/\/littlepurrs.com\/de\/politica-de-garantia-y-devolucion\/\">Pol\u00edtica de Garant\u00eda y Devoluci\u00f3n<\/a>.<\/p>\n\n\n\n<h2 class=\"wp-block-heading\">SECCI\u00d3N 7 \u2013 HERRAMIENTAS OPCIONALES<\/h2>\n\n\n\n<p>Podemos proporcionarte acceso a herramientas de terceros sobre las cuales no monitoreamos ni tenemos control ni entrada. Reconoces y aceptas que proporcionamos acceso a dichas herramientas \u00abtal cual\u00bb y \u00abseg\u00fan disponibilidad\u00bb sin garant\u00edas, representaciones o condiciones de ning\u00fan tipo y sin ning\u00fan respaldo. No tendremos responsabilidad alguna derivada de o relacionada con tu uso de herramientas opcionales de terceros. Cualquier uso que hagas de las herramientas opcionales ofrecidas a trav\u00e9s del sitio es bajo tu propio riesgo y discreci\u00f3n, y debes asegurarte de estar familiarizado y aprobar los t\u00e9rminos bajo los cuales las herramientas son proporcionadas por el proveedor o proveedores externos correspondientes. Tambi\u00e9n podemos, en el futuro, ofrecer nuevos servicios y\/o caracter\u00edsticas a trav\u00e9s del sitio web (incluido el lanzamiento de nuevas herramientas y recursos). Dichas nuevas caracter\u00edsticas y\/o servicios tambi\u00e9n estar\u00e1n sujetos a estos T\u00e9rminos de Servicio.<\/p>\n\n\n\n<h2 class=\"wp-block-heading\">SECCI\u00d3N 8 \u2013 ENLACES DE TERCEROS<\/h2>\n\n\n\n<p>Cierto contenido, productos y servicios disponibles a trav\u00e9s de nuestro Servicio pueden incluir materiales de terceros. Los enlaces de terceros en este sitio pueden dirigirte a sitios web de terceros que no est\u00e1n afiliados con nosotros. No nos responsabilizamos de examinar o evaluar el contenido o la precisi\u00f3n y no garantizamos ni tendremos ninguna obligaci\u00f3n o responsabilidad por cualquier material o sitio web de terceros, ni por cualquier otro material, producto o servicio de terceros. No somos responsables de ning\u00fan da\u00f1o o perjuicio relacionado con la compra o uso de bienes, servicios, recursos, contenido o cualquier otra transacci\u00f3n realizadas en conexi\u00f3n con sitios web de terceros. Revisa detenidamente las pol\u00edticas y pr\u00e1cticas de los terceros y aseg\u00farate de entenderlas antes de participar en cualquier transacci\u00f3n. Las quejas, reclamaciones, inquietudes o preguntas relacionadas con productos de terceros deben dirigirse a dicho tercero.<\/p>\n\n\n\n<h2 class=\"wp-block-heading\">SECCI\u00d3N 9 \u2013 COMENTARIOS DE USUARIO, RETROALIMENTACI\u00d3N Y OTRAS PRESENTACIONES<\/h2>\n\n\n\n<p>Si, a petici\u00f3n nuestra, env\u00edas ciertos comentarios espec\u00edficos (por ejemplo, participaciones en concursos) o sin una solicitud de nuestra parte env\u00edas ideas creativas, sugerencias, propuestas, planes u otros materiales, ya sea en l\u00ednea, por correo electr\u00f3nico, por correo postal o de otro modo (colectivamente, \u2018comentarios\u2019), aceptas que podemos, en cualquier momento, sin restricci\u00f3n, editar, copiar, publicar, distribuir, traducir y usar en cualquier medio cualquier comentario que nos env\u00edes. No estamos ni estaremos bajo ninguna obligaci\u00f3n (1) de mantener ning\u00fan comentario en confidencialidad; (2) de pagar compensaci\u00f3n por comentarios; o (3) de responder a cualquier comentario. Podemos, pero no tenemos la obligaci\u00f3n, de monitorear, editar o eliminar contenido que determinemos a nuestro exclusivo criterio como ilegal, ofensivo, amenazante, calumnioso, difamatorio, pornogr\u00e1fico, obsceno u objetable o que viole la propiedad intelectual de cualquiera de las partes o estos T\u00e9rminos de Servicio. Aceptas que tus comentarios no violar\u00e1n ning\u00fan derecho de terceros, incluidos los derechos de autor, marca comercial, privacidad, personalidad u otro derecho personal o de propiedad. Asimismo, aceptas que tus comentarios no contendr\u00e1n material difamatorio o ilegal, abusivo u obsceno, ni contendr\u00e1n virus inform\u00e1ticos u otro malware que pueda afectar de alguna manera el funcionamiento del Servicio o de cualquier sitio web relacionado. No puedes utilizar una direcci\u00f3n de correo electr\u00f3nico falsa, pretender ser alguien que no eres ni enga\u00f1arnos a nosotros o a terceros en cuanto al origen de tus comentarios. Eres el \u00fanico responsable de los comentarios que haces y de su precisi\u00f3n. No nos responsabilizamos ni asumimos ninguna responsabilidad por los comentarios publicados por ti o cualquier tercero.<\/p>\n\n\n\n<h2 class=\"wp-block-heading\">SECCI\u00d3N 10 \u2013 INFORMACI\u00d3N PERSONAL<\/h2>\n\n\n\n<p>Tu env\u00edo de informaci\u00f3n personal a trav\u00e9s de la tienda se rige por nuestra Pol\u00edtica de Privacidad, que puedes ver aqu\u00ed: <a>Pol\u00edtica de Privacidad<\/a>.<\/p>\n\n\n\n<h2 class=\"wp-block-heading\">SECCI\u00d3N 11 \u2013 ERRORES, INEXACTITUDES Y OMISIONES<\/h2>\n\n\n\n<p>Ocasionalmente puede haber informaci\u00f3n en nuestro sitio o en el Servicio que contenga errores tipogr\u00e1ficos, inexactitudes u omisiones que puedan relacionarse con descripciones de productos, precios, promociones, ofertas, cargos de env\u00edo de productos, tiempos de tr\u00e1nsito y disponibilidad. Nos reservamos el derecho de corregir cualquier error, inexactitud u omisi\u00f3n, y de cambiar o actualizar la informaci\u00f3n o cancelar pedidos si alguna informaci\u00f3n en el Servicio o en cualquier sitio web relacionado es inexacta en cualquier momento sin previo aviso (incluso despu\u00e9s de que hayas enviado tu pedido). No asumimos ninguna obligaci\u00f3n de actualizar, corregir o aclarar la informaci\u00f3n en el Servicio o en cualquier sitio web relacionado, incluida, entre otras, la informaci\u00f3n de precios, excepto seg\u00fan lo exija la ley. Ninguna actualizaci\u00f3n o fecha de actualizaci\u00f3n espec\u00edfica aplicada en el Servicio o en cualquier sitio web relacionado debe interpretarse como que toda la informaci\u00f3n en el Servicio o en cualquier sitio web relacionado ha sido modificada o actualizada.<\/p>\n\n\n\n<h2 class=\"wp-block-heading\">SECCI\u00d3N 12 \u2013 USOS PROHIBIDOS<\/h2>\n\n\n\n<p>Adem\u00e1s de otras prohibiciones establecidas en los T\u00e9rminos de Servicio, se te proh\u00edbe usar el sitio o su contenido: (a) para cualquier prop\u00f3sito ilegal; (b) para solicitar a otros que realicen o participen en actos ilegales; (c) para violar cualquier regulaci\u00f3n, regla, ley u ordenanza internacional, federal, provincial o estatal; (d) para infringir o violar nuestros derechos de propiedad intelectual o los derechos de propiedad intelectual de otros; (e) para acosar, abusar, insultar, da\u00f1ar, difamar, calumniar, menospreciar, intimidar o discriminar por razones de g\u00e9nero, orientaci\u00f3n sexual, religi\u00f3n, etnia, raza, edad, origen nacional o discapacidad; (f) para enviar informaci\u00f3n falsa o enga\u00f1osa; (g) para cargar o transmitir virus o cualquier otro tipo de c\u00f3digo malicioso que se utilizar\u00e1 o podr\u00e1 utilizarse de cualquier manera que afecte la funcionalidad o el funcionamiento del Servicio o de cualquier sitio web relacionado, otros sitios web o Internet; (h) para recopilar o rastrear la informaci\u00f3n personal de otros; (i) para hacer spam, phishing, pharm, pretext, spider, crawl o scrape; (j) para cualquier prop\u00f3sito obsceno o inmoral; o (k) para interferir con o eludir las caracter\u00edsticas de seguridad del Servicio o cualquier sitio web relacionado, otros sitios web o Internet. Nos reservamos el derecho de terminar tu uso del Servicio o cualquier sitio web relacionado por violar cualquiera de los usos prohibidos.<\/p>\n\n\n\n<h2 class=\"wp-block-heading\">SECCI\u00d3N 13 \u2013 RENUNCIA DE GARANT\u00cdAS; LIMITACI\u00d3N DE RESPONSABILIDAD<\/h2>\n\n\n\n<p>No garantizamos, representamos ni aseguramos que el uso de nuestro servicio ser\u00e1 ininterrumpido, puntual, seguro o libre de errores. No garantizamos que los resultados que se puedan obtener del uso del servicio sean precisos o confiables. Aceptas que de vez en cuando podamos eliminar el servicio por per\u00edodos de tiempo indefinidos o cancelar el servicio en cualquier momento, sin previo aviso. Aceptas expresamente que el uso que hagas del servicio, o la imposibilidad de utilizarlo, es bajo tu propio riesgo. El servicio y todos los productos y servicios que se te entregan a trav\u00e9s del servicio (excepto seg\u00fan lo indicado expresamente por nosotros) se proporcionan \u00abtal cual\u00bb y \u00abseg\u00fan disponibilidad\u00bb para tu uso, sin ninguna representaci\u00f3n, garant\u00edas o condiciones de ning\u00fan tipo, ya sean expresas o impl\u00edcitas, incluidas todas las garant\u00edas o condiciones impl\u00edcitas de comerciabilidad, calidad comercializable, idoneidad para un prop\u00f3sito particular, durabilidad, t\u00edtulo y no infracci\u00f3n. En ning\u00fan caso Little Purrs, nuestros directores, funcionarios, empleados, afiliados, agentes, contratistas, internos, proveedores, proveedores de servicios o licenciantes ser\u00e1n responsables de cualquier lesi\u00f3n, p\u00e9rdida, reclamo o cualquier da\u00f1o directo, indirecto, incidental, punitivo, especial o consecuente de ning\u00fan tipo, incluidos, entre otros, la p\u00e9rdida de beneficios, p\u00e9rdida de ingresos, p\u00e9rdida de ahorros, p\u00e9rdida de datos, costos de reemplazo o cualquier da\u00f1o similar, ya sea basado en contrato, agravio (incluida la negligencia), responsabilidad estricta o de otro tipo, que surja del uso que hagas de cualquier servicio o producto adquirido utilizando el servicio, o por cualquier otro reclamo relacionado de alguna manera con tu uso del servicio o cualquier producto, incluidas, entre otras, cualquier error u omisi\u00f3n en cualquier contenido, o cualquier p\u00e9rdida o da\u00f1o de cualquier tipo incurrido como resultado del uso del servicio o cualquier contenido (o producto) publicado, transmitido o disponible de otra manera a trav\u00e9s del servicio, incluso si se advierte su posibilidad. Debido a que algunos estados o jurisdicciones no permiten la exclusi\u00f3n o la limitaci\u00f3n de responsabilidad por da\u00f1os consecuentes o incidentales, en dichos estados o jurisdicciones, nuestra responsabilidad se limitar\u00e1 al m\u00e1ximo permitido por la ley.<\/p>\n\n\n\n<h2 class=\"wp-block-heading\">SECCI\u00d3N 14 \u2013 INDEMNIZACI\u00d3N<\/h2>\n\n\n\n<p>Aceptas indemnizar, defender y mantener indemne a Little Purrs y nuestra matriz, subsidiarias, afiliados, socios, funcionarios, directores, agentes, contratistas, licenciantes, proveedores de servicios, subcontratistas, proveedores, internos y empleados, de cualquier reclamo o demanda, incluidos los honorarios razonables de abogados, realizados por cualquier tercero debido a o que surjan de tu incumplimiento de estos T\u00e9rminos de Servicio o de los documentos que incorporan por referencia, o tu violaci\u00f3n de cualquier ley o los derechos de un tercero.<\/p>\n\n\n\n<h2 class=\"wp-block-heading\">SECCI\u00d3N 15 \u2013 DIVISIBILIDAD<\/h2>\n\n\n\n<p>En el caso de que se determine que alguna disposici\u00f3n de estos T\u00e9rminos de Servicio es ilegal, nula o inaplicable, dicha disposici\u00f3n ser\u00e1, no obstante, aplicable en la m\u00e1xima medida permitida por la ley aplicable, y la parte no exigible se considerar\u00e1 separada de estos T\u00e9rminos de Servicio, dicha determinaci\u00f3n no afectar\u00e1 la validez y aplicabilidad de cualquier otra disposici\u00f3n restante.<\/p>\n\n\n\n<h2 class=\"wp-block-heading\">SECCI\u00d3N 16 \u2013 TERMINACI\u00d3N<\/h2>\n\n\n\n<p>Las obligaciones y responsabilidades de las partes incurridas antes de la fecha de terminaci\u00f3n sobrevivir\u00e1n a la terminaci\u00f3n de este acuerdo a todos los efectos. Estos T\u00e9rminos de Servicio son efectivos a menos que y hasta que t\u00fa o nosotros los terminemos. Puedes terminar estos T\u00e9rminos de Servicio en cualquier momento notific\u00e1ndonos que ya no deseas utilizar nuestros servicios, o cuando dejes de usar nuestro sitio. Si, a nuestro juicio, fallas, o sospechamos que has fallado, en cumplir con cualquier t\u00e9rmino o disposici\u00f3n de estos T\u00e9rminos de Servicio, tambi\u00e9n podemos rescindir este acuerdo en cualquier momento sin previo aviso y seguir\u00e1s siendo responsable de todos los montos adeudados hasta e incluyendo la fecha de terminaci\u00f3n; y\/o, en consecuencia, podemos negarte el acceso a nuestros servicios (o cualquier parte de los mismos).<\/p>\n\n\n\n<h2 class=\"wp-block-heading\">SECCI\u00d3N 17 \u2013 ACUERDO COMPLETO<\/h2>\n\n\n\n<p>El hecho de que no ejerzamos o hagamos cumplir alg\u00fan derecho o disposici\u00f3n de estos T\u00e9rminos de Servicio no constituir\u00e1 una renuncia a dicho derecho o disposici\u00f3n. Estos T\u00e9rminos de Servicio y cualquier pol\u00edtica o reglas operativas publicadas por nosotros en este sitio o con respecto al Servicio constituyen el acuerdo completo y el entendimiento entre t\u00fa y nosotros y rigen tu uso del Servicio, reemplazando cualquier acuerdo, comunicaci\u00f3n y propuesta anteriores o contempor\u00e1neos, ya sean orales o escritos, entre t\u00fa y nosotros (incluidas, entre otras, cualquier versi\u00f3n anterior de los T\u00e9rminos de Servicio). Cualquier ambig\u00fcedad en la interpretaci\u00f3n de estos T\u00e9rminos de Servicio no se interpretar\u00e1 en contra de la parte redactora.<\/p>\n\n\n\n<h2 class=\"wp-block-heading\">SECCI\u00d3N 18 \u2013 LEY APLICABLE<\/h2>\n\n\n\n<p>Estos T\u00e9rminos de Servicio y cualquier acuerdo por separado mediante el cual te proporcionemos servicios se regir\u00e1n e interpretar\u00e1n de acuerdo con las leyes de Espa\u00f1a.<\/p>\n\n\n\n<h2 class=\"wp-block-heading\">SECCI\u00d3N 19 \u2013 CAMBIOS A LOS T\u00c9RMINOS DE SERVICIO<\/h2>\n\n\n\n<p>Puedes revisar la versi\u00f3n m\u00e1s actual de los T\u00e9rminos de Servicio en cualquier momento en esta p\u00e1gina. Nos reservamos el derecho, a nuestro exclusivo criterio, de actualizar, cambiar o reemplazar cualquier parte de estos T\u00e9rminos de Servicio publicando actualizaciones y cambios en nuestro sitio web. Es tu responsabilidad revisar nuestro sitio web peri\u00f3dicamente para verificar los cambios. Tu uso continuo o acceso a nuestro sitio web o al Servicio despu\u00e9s de la publicaci\u00f3n de cualquier cambio en estos T\u00e9rminos de Servicio constituye la aceptaci\u00f3n de dichos cambios.<\/p>\n\n\n\n<h2 class=\"wp-block-heading\">SECCI\u00d3N 20 \u2013 INFORMACI\u00d3N DE CONTACTO<\/h2>\n\n\n\n<p>Las preguntas sobre los T\u00e9rminos de Servicio deben enviarse a <a>info@littlepurrs.com<\/a>.<\/p>\n\n\n\n<p>Nuestra informaci\u00f3n de contacto es la siguiente:<\/p>\n\n\n\n<p>Direcci\u00f3n: Calle Sardenya 163, 08013, Barcelona<\/p>\n\n\n\n<p>E-mail: <a>info@littlepurrs.com<\/a><\/p>\n\n\n\n<p>Telefono: +34 667 244 502<\/p>\n\t\t\t\t\t\t\t\t<\/div>\n\t\t\t\t<\/div>\n\t\t\t\t\t<\/div>\n\t\t\t\t<\/div>\n\t\t\t\t<\/div>","protected":false},"excerpt":{"rendered":"<p>VISI\u00d3N GENERAL Este sitio web es operado por Little Purrs. A lo largo del sitio, los t\u00e9rminos \u201cnosotros\u201d, \u201cnuestro\u201d y<\/p>","protected":false},"author":1,"featured_media":0,"parent":0,"menu_order":0,"comment_status":"closed","ping_status":"closed","template":"elementor_header_footer","meta":{"_acf_changed":false,"footnotes":""},"class_list":["post-1406","page","type-page","status-publish","hentry"],"acf":[],"_links":{"self":[{"href":"https:\/\/littlepurrs.com\/de\/wp-json\/wp\/v2\/pages\/1406","targetHints":{"allow":["GET"]}}],"collection":[{"href":"https:\/\/littlepurrs.com\/de\/wp-json\/wp\/v2\/pages"}],"about":[{"href":"https:\/\/littlepurrs.com\/de\/wp-json\/wp\/v2\/types\/page"}],"author":[{"embeddable":true,"href":"https:\/\/littlepurrs.com\/de\/wp-json\/wp\/v2\/users\/1"}],"replies":[{"embeddable":true,"href":"https:\/\/littlepurrs.com\/de\/wp-json\/wp\/v2\/comments?post=1406"}],"version-history":[{"count":4,"href":"https:\/\/littlepurrs.com\/de\/wp-json\/wp\/v2\/pages\/1406\/revisions"}],"predecessor-version":[{"id":1410,"href":"https:\/\/littlepurrs.com\/de\/wp-json\/wp\/v2\/pages\/1406\/revisions\/1410"}],"wp:attachment":[{"href":"https:\/\/littlepurrs.com\/de\/wp-json\/wp\/v2\/media?parent=1406"}],"curies":[{"name":"wp","href":"https:\/\/api.w.org\/{rel}","templated":true}]}}